{"id":5122,"date":"2023-07-13T16:23:24","date_gmt":"2023-07-13T14:23:24","guid":{"rendered":"https:\/\/agrarpetrovic.rs\/?post_type=product&#038;p=5122"},"modified":"2023-07-13T16:25:05","modified_gmt":"2023-07-13T14:25:05","slug":"zantara-fungicid","status":"publish","type":"product","link":"https:\/\/agrarpetrovic.rs\/en\/proizvod\/zantara-fungicid\/","title":{"rendered":"Zantara &#8211; Fungicid"},"content":{"rendered":"<p>Zantara je sistemi\u010dni fungicid namenjen suzbijanju prouzrokova\u010da bolesti lista i klasa p\u0161enice i je\u010dma.<\/p>\n<p>Zantara je fungicid koji se sastoji od dve aktivne supstance \u2013 biksafena i tebukonazola. Biksafen iz hemijske grupe pirazol karboksimida je fungicid nove generacije \u010diji se mehanizam delovanja zasniva na inhibiciji enzima sukcinat dehidrogenaze (SDHI) usled \u010dega dolazi naru\u0161avanja funkcije disanja patogena. Osim toga, biksafen inhibira klijanje spora, formiranje haustorija i porast micelije \u010dime je zna\u010dajno smanjena mogu\u0107nost ostvarivanja infekcije. Tebukonazol, aktivna supstanca iz grupe triazola, deluje kao inhibitor biosinteze ergosterola u \u0107eliji gljive, brzo se apsorbuje u vegetativne biljne delove i transportuje akropetalno. Odlikuje se izuzetnim protektivnim, kurativnim i eradikativnim delovanjem.<br \/>\nPRIPREMA RASTVORA ZA TRETIRANJE:<br \/>\nPotrebnu koli\u010dinu preparata pome\u0161ati sa vodom u odvojenom sudu. Rastvor uliti u rezervoar prskalice koji je do pola napunjen vodom. Dodati preostalu potrebnu koli\u010dinu vode uz neprekidno me\u0161anje.<br \/>\nPRIMENA:<br \/>\nKoristi se u usevima:<\/p>\n<p>1) P\u0161enice \u2013 za suzbijanje prouzrokova\u010da pepelnice (Erysiphe graminis), pegavosti lista (Septoria sp.), crne i \u017eute r\u0111e (Puccinia sp.), u koli\u010dinama primene 1l &#8211; 1,25 l\/ha (10 &#8211; 12,5 ml na 100 m2), kao i za suzbijanje prouzrokova\u010da pale\u017ei klasa (Fusarium spp.) u koli\u010dinama primene 1,25 &#8211; 1,5 l\/ha (12,5 &#8211; 15 ml na 100 m2), u periodu od faze bokorenja p\u0161enice do kraja cvetanja (faze 25 \u2013 69 BBCH skale);<\/p>\n<p>2) Je\u010dma &#8211; za suzbijanje prouzrokova\u010da pegavosti lista je\u010dma (Rhynchosporium secalis), mre\u017easte pegavosti je\u010dma (Pyrenophora teres) i r\u0111e (Puccinia hordei), u koli\u010dinama primene 1l &#8211; 1,25 l\/ha (10 &#8211; 12,5 ml na 100 m2), kao i za suzbijanje prouzrokova\u010da pale\u017ei klasa (Fusarium spp.) u koli\u010dinama primene 1,25 &#8211; 1,5 l\/ha (12,5 &#8211; 15 ml na 100 m2), u periodu od faze bokorenja je\u010dma do po\u010detka cvetanja \u2013 po uo\u010davanju prvih polenovih kesica ( faze 25 \u2013 61 BBCH skale).<\/p>\n<p>Utro\u0161ak vode: 200 \u2013 400 l\/ha (2 \u2013 4 l \/ 100 m2).<\/p>\n<p>Maksimalan broj tretiranja: dva puta, u toku vegetacije na istoj povr\u0161ini<\/p>\n<p>KARENCA:<br \/>\n(vreme izme\u0111u poslednje primene preparata i berbe, odnosno \u017eetve): p\u0161enica i je\u010dam 35 dana.<br \/>\nNAPOMENE:<br \/>\n&#8211; preparat se mo\u017ee me\u0161ati sa ve\u0107inom fungicida i insekticida uz obaveznu prethodnu proveru kompatibilnosti.<\/p>","protected":false},"excerpt":{"rendered":"<p>Klasa: Fungicid<\/p>\n<p>Aktivna materija : biksafen 50 g\/l + Tebukonazol 166 g\/l<\/p>\n<p>Formulacija: Koncentrat za emulziju \u2013 ES<\/p>\n<p>Proizvo\u0111a\u010d: Bayer Crop Science<\/p>","protected":false},"featured_media":5177,"template":"","meta":[],"product_brand":[],"product_cat":[219,246,242,243,244,239,240],"product_tag":[],"class_list":{"0":"post-5122","1":"product","2":"type-product","3":"status-publish","4":"has-post-thumbnail","6":"product_cat-fungicidi","7":"product_cat-fungicidi-protiv-palezi-klasa-fusarium-sp","8":"product_cat-fungicidi-protiv-pegavosti-lista-i-klasa","9":"product_cat-fungicidi-protiv-pepelnice-u-strnim-zitima","10":"product_cat-fungicidi-protiv-rdje-lista","11":"product_cat-fungicidi-u-ratarstvu","12":"product_cat-fungicidi-u-strnim-zitima","14":"first","15":"instock","16":"shipping-taxable","17":"product-type-simple"},"_links":{"self":[{"href":"https:\/\/agrarpetrovic.rs\/en\/wp-json\/wp\/v2\/product\/5122","targetHints":{"allow":["GET"]}}],"collection":[{"href":"https:\/\/agrarpetrovic.rs\/en\/wp-json\/wp\/v2\/product"}],"about":[{"href":"https:\/\/agrarpetrovic.rs\/en\/wp-json\/wp\/v2\/types\/product"}],"wp:featuredmedia":[{"embeddable":true,"href":"https:\/\/agrarpetrovic.rs\/en\/wp-json\/wp\/v2\/media\/5177"}],"wp:attachment":[{"href":"https:\/\/agrarpetrovic.rs\/en\/wp-json\/wp\/v2\/media?parent=5122"}],"wp:term":[{"taxonomy":"product_brand","embeddable":true,"href":"https:\/\/agrarpetrovic.rs\/en\/wp-json\/wp\/v2\/product_brand?post=5122"},{"taxonomy":"product_cat","embeddable":true,"href":"https:\/\/agrarpetrovic.rs\/en\/wp-json\/wp\/v2\/product_cat?post=5122"},{"taxonomy":"product_tag","embeddable":true,"href":"https:\/\/agrarpetrovic.rs\/en\/wp-json\/wp\/v2\/product_tag?post=5122"}],"curies":[{"name":"wp","href":"https:\/\/api.w.org\/{rel}","templated":true}]}}