{"id":5133,"date":"2023-07-13T16:23:49","date_gmt":"2023-07-13T14:23:49","guid":{"rendered":"https:\/\/agrarpetrovic.rs\/?post_type=product&#038;p=5133"},"modified":"2025-10-23T11:54:54","modified_gmt":"2025-10-23T09:54:54","slug":"previcur-energy-fungicid","status":"publish","type":"product","link":"https:\/\/agrarpetrovic.rs\/en\/proizvod\/previcur-energy-fungicid\/","title":{"rendered":"Previcur Energy &#8211; Fungicid"},"content":{"rendered":"<p>Previcur Energy je sistemi\u010dni fungicid namenjen za suzbijanje prouzrokova\u010da poleganja rasada i plamenja\u010de.<\/p>\n<p>NA\u010cIN DELOVANJA:<br \/>\nZahvaljuju\u0107i jedinstvenoj ko-formulaciji dve aktivne materije, fungicid Previcur Energy deluje na vi\u0161e mesta (multi site) u ciklusu razvoja gljiva, u vidu inhibicije metabolizma prouzrokova\u010da poleganja rasada i plamenja\u010de. Zbog specifi\u010dnog na\u010dina delovanja propamokarb &#8211; fosetilata, otpornost (rezistencija) parazitskih gljiva na Previcur Energy nije mogu\u0107a. Propamokarb ometa formiranje \u0107elijskih membrana, ometa rast micelije, kao i produkciju i klijanje spora. Fosetil se odlikuje dvostrukim efektom:<\/p>\n<p>&#8211; Direktan efekat \u2013 prilikom preventivne primene spre\u010dava infekciju biljaka inhibiraju\u0107i klijanje spora i spre\u010davaju\u0107i prodiranje patogena unutar biljke. U slu\u010daju kurativnih tretmana postoji mogu\u0107nost zaustavljanja razvi\u0107a micelije i sporulacije.<\/p>\n<p>&#8211; Indirektan efekat \u2013 podsti\u010de prirodni odbrambeni mehanizam biljaka, pove\u0107ava imunitet i \u010dini biljku otpornijom na napade drugih bolesti.<br \/>\nPRIPREMA RASTVORA ZA TRETIRANJE:<\/p>\n<p>Potrebnu koli\u010dinu preparata pome\u0161ati sa vodom u odvojenom sudu. Rastvor uliti u rezervoar prskalice koji je do pola napunjen vodom. Dodati preostalu potrebnu koli\u010dinu vode uz neprekidno me\u0161anje.<br \/>\nPRIMENA:<br \/>\nPrevicur Energy se koristi za suzbijanje prouzrokova\u010da poleganja rasada i plamenja\u010de u usevima:<\/p>\n<p>1) Krastavca: za suzbijanje prouzrokova\u010da plamenja\u010de (Pseudoperonospora cubensis) u koli\u010dini primene 2 l\/ha (20 ml na 100 m2), folijarnim tretiranjem uz utro\u0161ak 600 litara vode po hektaru (6 l\/100 m2).<\/p>\n<p>&nbsp;<\/p>\n<p>2) Paradajza i lubenice: za suzbijanje prouzrokova\u010da poleganja rasada (Pythium spp.) u koli\u010dini primene 3 ml preparata u 2 l vode na m2, zalivanjem neposredno nakon setve ili neposredno pre rasa\u0111ivanja- pikiranja paradajza odnosno po pojavi prvih pravih listova lubenice.<\/p>\n<p>&nbsp;<\/p>\n<p>3) Paprike: za suzbijanje prouzrokova\u010da poleganja rasada (Pythium spp.) u koli\u010dini primene 3-6 ml preparata u 2 l vode na m2, zalivanjem neposredno nakon setve i 3-6 ml preparata u u 2 l vode na m2, neposredno pre rasa\u0111ivanja-pikiranja.<\/p>\n<p>&nbsp;<\/p>\n<p>Maksimalan broj tretiranja u godini na istoj povr\u0161ini za krastavac je tri puta, za paradajz je dva do tri puta, a za papriku i lubenicu je dva puta.<br \/>\nKARENCA (vreme izme\u0111u poslednje primene preparata i berbe, odnosno \u017eetve):<br \/>\nKrastavac, lubenica, paprika (zalivanjem) &#8211; obezbe\u0111ena vremenom primene;<\/p>\n<p>Krastavac (folijarna primena) &#8211; 14 dana.<br \/>\nNAPOMENE:<\/p>\n<p>&#8211; ne koristiti u usevu ljute paprike kratke vegetacije;<\/p>\n<p>&#8211; optimalno vreme primene fungicida Previcur Energy je nakon setve i neposredno pre rasa\u0111ivanja-pikiranja. Mo\u017ee se primeniti i nakon rasa\u0111ivanja na stalno mesto;<\/p>\n<p>&#8211; Previcur Energy primenjivati pre svega preventivno, pre ostvarivanja infekcije. U slu\u010daju kurativnih tretmana neophodno je uraditi minimum dva do tri vezana tretmana (zalivanjem);<\/p>\n<p>&#8211; Previcur Energy ne koristiti na suvom, ve\u0107 na zemlji\u0161tu normalne vla\u017enosti u cilju boljeg usvajanja od strane korenovog sistema;<\/p>\n<p>&#8211; prilikom potapanja rasada povr\u0107a voditi ra\u010duna da biljka radi boljeg usvajanja bude u rastvoru preparata 20 minuta;<\/p>\n<p>&#8211; mo\u017ee se dodati u sistem za navodnjavanje \u201ekap po kap\u201c, jer je u vodi potpuno rastvorljiv i ne zapu\u0161ava raspr\u0161iva\u010d;<\/p>\n<p>&#8211; ne suzbija mikorizne gljive koje su veoma zna\u010dajne za rast korena;<\/p>\n<p>&#8211; ne postoji opasnost od unakrsne rezistencije.<\/p>\n<p>&#8211; Previcur Energy efikasno suzbija zaraze prouzrokovane sojevima gljiva koji su postali otporni na ostale fungicide.<\/p>\n<p>Pakovanje:<\/p>\n<p><strong>1 l\u00a0 \u00a0<\/strong>12 x 1l<\/p>\n<p><strong>100 ml<\/strong> 40 x 100 ml; 20 x 100 ml<\/p>","protected":false},"excerpt":{"rendered":"<p>Klasa: Fungicid<\/p>\n<p>Aktivna materija: propamokarb fosetilat 840 g\/l, (propamokarb 530 g\/l; fosetil 310 g\/l)<\/p>\n<p>Formulacija: koncentrovani rastvor &#8211; SL<\/p>\n<p>Proizvo\u0111a\u010d: Bayer Crop Science<\/p>","protected":false},"featured_media":5181,"template":"","meta":[],"product_brand":[],"product_cat":[219,226,293,220],"product_tag":[694],"class_list":{"0":"post-5133","1":"product","2":"type-product","3":"status-publish","4":"has-post-thumbnail","6":"product_cat-fungicidi","7":"product_cat-fungicidi-protiv-plamenjace","8":"product_cat-fungicidi-protiv-poleganja-rasada","9":"product_cat-fungicidi-u-povrtarstvu","10":"product_tag-propamokarb-hidrohlorid-fosetil-aluminijum-530-310-g-l","12":"first","13":"outofstock","14":"shipping-taxable","15":"product-type-simple"},"_links":{"self":[{"href":"https:\/\/agrarpetrovic.rs\/en\/wp-json\/wp\/v2\/product\/5133","targetHints":{"allow":["GET"]}}],"collection":[{"href":"https:\/\/agrarpetrovic.rs\/en\/wp-json\/wp\/v2\/product"}],"about":[{"href":"https:\/\/agrarpetrovic.rs\/en\/wp-json\/wp\/v2\/types\/product"}],"wp:featuredmedia":[{"embeddable":true,"href":"https:\/\/agrarpetrovic.rs\/en\/wp-json\/wp\/v2\/media\/5181"}],"wp:attachment":[{"href":"https:\/\/agrarpetrovic.rs\/en\/wp-json\/wp\/v2\/media?parent=5133"}],"wp:term":[{"taxonomy":"product_brand","embeddable":true,"href":"https:\/\/agrarpetrovic.rs\/en\/wp-json\/wp\/v2\/product_brand?post=5133"},{"taxonomy":"product_cat","embeddable":true,"href":"https:\/\/agrarpetrovic.rs\/en\/wp-json\/wp\/v2\/product_cat?post=5133"},{"taxonomy":"product_tag","embeddable":true,"href":"https:\/\/agrarpetrovic.rs\/en\/wp-json\/wp\/v2\/product_tag?post=5133"}],"curies":[{"name":"wp","href":"https:\/\/api.w.org\/{rel}","templated":true}]}}