{"id":5139,"date":"2023-07-13T16:23:49","date_gmt":"2023-07-13T14:23:49","guid":{"rendered":"https:\/\/agrarpetrovic.rs\/?post_type=product&#038;p=5139"},"modified":"2023-07-13T16:25:09","modified_gmt":"2023-07-13T14:25:09","slug":"sphere-fungicid","status":"publish","type":"product","link":"https:\/\/agrarpetrovic.rs\/en\/proizvod\/sphere-fungicid\/","title":{"rendered":"Sphere &#8211; Fungicid"},"content":{"rendered":"<p>Sphere je sistemi\u010dni fungicid namenjen za suzbijanje prouzrokova\u010da pegavosti lista \u0161e\u0107erne repe, pepelnice, lisne r\u0111e, pegavosti lista p\u0161enice i je\u010dma, kao i za suzbijanje bolesti u usevu suncokreta.<\/p>\n<p>NA\u010cIN DELOVANJA:<br \/>\nZahvaljuju\u0107i jedinstvenoj formulaciji dve aktivne materije fungicid Sphere deluje na vi\u0161e mesta (multi site) u ciklusu razvoja gljiva. Jedinstvena osobina trifloksistrobina je izazivanje tzv. \u201czelenog efekta\u201d. Ova aktivna materija podsti\u010de stvaranje hlorofila \u010dime se poja\u010dava proces fotosinteze, stvaranje hranljivih materija u biljci (\u0161e\u0107era). Ciprokonazol kao aktivnu materiju odlikuje sna\u017eni kurativni efekat na prouzrokova\u010da bolesti.<br \/>\nPRIPREMA RASTVORA ZA TRETIRANJE:<br \/>\nPotrebnu koli\u010dinu preparata pome\u0161ati sa vodom u odvojenom sudu. Rastvor uliti u rezervoar prskalice koji je do pola napunjen vodom. Dodati preostalu potrebnu koli\u010dinu vode uz neprekidno me\u0161anje.<br \/>\nPRIMENA:<br \/>\nSphere se koristi u usevu:<\/p>\n<p>1) \u0161e\u0107erne repe, za suzbijanje prouzrokova\u010da pegavosti lista (Cercospora beticola) u koli\u010dini primene 0,3-0,35 l\/ha, folijarnim tretiranjem, preventivno ili po pojavi prvih simptoma bolesti listova uz utro\u0161ak vode 200-400 l\/ha;<\/p>\n<p>&nbsp;<\/p>\n<p>2) p\u0161enice i je\u010dma, za suzbijanje prouzrokova\u010da pepelnice (Erysiphe graminis), lisne r\u0111e (Puccinia spp.), pegavosti lista (Septoria nodorum), mre\u017easte pegavosti lista je\u010dma (Pyrenophora teres) u koli\u010dini primene 0,5 l\/ha uz utro\u0161ak vode 300-400 l\/ha, preventivno ili po pojavi prvih simptoma bolesti;<\/p>\n<p>&nbsp;<\/p>\n<p>3) suncokreta, za suzbijanje bolesti suncokreta &#8211; crne pegavosti stabla (Phoma macdonaldi) u koli\u010dini primene 0,3-0,4 l\/ha uz utro\u0161ak vode 300-500 l\/ha, pre svega preventivno; prvo tretiranje treba obaviti u vreme kada je razvijeno 9 i vi\u0161e listova (faza 18 BBCH skale), a drugo, kada se cvetna glavica potpuno odvoji od lisne mase (faze 57 &#8211; 59 BBCH skale).<\/p>\n<p>&nbsp;<\/p>\n<p>Maksimalan broj tretiranja u toku godine na istoj povr\u0161ini je 2 puta.<br \/>\nKARENCA (vreme izme\u0111u poslednje primene preparata i berbe, odnosno \u017eetve):<br \/>\n\u0161e\u0107erna repa &#8211; 21 dan, p\u0161enica, je\u010dam i suncokret &#8211; 42 dana.<br \/>\nNAPOMENE:<br \/>\n&#8211; radi uspe\u0161nog suzbijanja pegavosti lista \u0161e\u0107erne repe i o\u010duvanja raspolo\u017eivih sistemi\u010dnih fungicida, potrebno je kombinovanje sa kontaktnim preparatima na bazi hlorotalonila.<\/p>\n<p>Pakovanje: <strong>1 l<\/strong> &#8211; 12 x 1l<\/p>","protected":false},"excerpt":{"rendered":"<p>Klasa: Fungicid<\/p>\n<p>Aktivna materija:Trifloksistrobin 375 g\/l + Ciprokonazol 160 g\/l<\/p>\n<p>Formulacija: Koncentrovana suspenzija ( SC)<\/p>\n<p>Proizvo\u0111a\u010d: Bayer Crop Science<\/p>","protected":false},"featured_media":5187,"template":"","meta":[],"product_brand":[],"product_cat":[219,242,243,241,240],"product_tag":[],"class_list":{"0":"post-5139","1":"product","2":"type-product","3":"status-publish","4":"has-post-thumbnail","6":"product_cat-fungicidi","7":"product_cat-fungicidi-protiv-pegavosti-lista-i-klasa","8":"product_cat-fungicidi-protiv-pepelnice-u-strnim-zitima","9":"product_cat-fungicidi-u-secernoj-repi","10":"product_cat-fungicidi-u-strnim-zitima","12":"first","13":"instock","14":"shipping-taxable","15":"product-type-simple"},"_links":{"self":[{"href":"https:\/\/agrarpetrovic.rs\/en\/wp-json\/wp\/v2\/product\/5139","targetHints":{"allow":["GET"]}}],"collection":[{"href":"https:\/\/agrarpetrovic.rs\/en\/wp-json\/wp\/v2\/product"}],"about":[{"href":"https:\/\/agrarpetrovic.rs\/en\/wp-json\/wp\/v2\/types\/product"}],"wp:featuredmedia":[{"embeddable":true,"href":"https:\/\/agrarpetrovic.rs\/en\/wp-json\/wp\/v2\/media\/5187"}],"wp:attachment":[{"href":"https:\/\/agrarpetrovic.rs\/en\/wp-json\/wp\/v2\/media?parent=5139"}],"wp:term":[{"taxonomy":"product_brand","embeddable":true,"href":"https:\/\/agrarpetrovic.rs\/en\/wp-json\/wp\/v2\/product_brand?post=5139"},{"taxonomy":"product_cat","embeddable":true,"href":"https:\/\/agrarpetrovic.rs\/en\/wp-json\/wp\/v2\/product_cat?post=5139"},{"taxonomy":"product_tag","embeddable":true,"href":"https:\/\/agrarpetrovic.rs\/en\/wp-json\/wp\/v2\/product_tag?post=5139"}],"curies":[{"name":"wp","href":"https:\/\/api.w.org\/{rel}","templated":true}]}}