{"id":5150,"date":"2023-07-13T16:24:11","date_gmt":"2023-07-13T14:24:11","guid":{"rendered":"https:\/\/agrarpetrovic.rs\/?post_type=product&#038;p=5150"},"modified":"2025-10-23T11:54:54","modified_gmt":"2025-10-23T09:54:54","slug":"equip-herbicid","status":"publish","type":"product","link":"https:\/\/agrarpetrovic.rs\/en\/proizvod\/equip-herbicid\/","title":{"rendered":"Equip &#8211; Herbicid"},"content":{"rendered":"<p>Equip je selektivni translokacioni herbicid namenjen za suzbijanje vi\u0161egodi\u0161njih i jednogodi\u0161njih uskolisnih korova i nekih \u0161irokolisnih jednogodi\u0161njih korova u ranom stadijumu porasta u usevu kukuruza.<\/p>\n<p>NA\u010cIN DELOVANJA:<br \/>\nForamsulfuron, aktivna materija preparata Equip, zaustavlja sintezu enzima acetolaktat- sintetaze (ALS) \u0161to izaziva blokadu sinteze aminokiselina neophodnih za deobu \u0107elija meristema korovskih biljaka. Izoksadifen- etil je protektant koji deluje tako \u0161to ubrzava razgradnju foramsulfurona u meristemu kukuruza dok se razgradnja ne odvija u korovskim biljkama.<br \/>\nPRIPREMA RASTVORA ZA TRETIRANJE:<\/p>\n<p>Potrebnu koli\u010dinu preparata pome\u0161ati sa vodom u odvojenom sudu. Rastvor uliti u rezervoar prskalice koji je do pola napunjen vodom. Dodati preostalu potrebnu koli\u010dinu vode uz neprekidno me\u0161anje.<br \/>\nPRIMENA:<br \/>\nKoristi se usevu kukuruza u koli\u010dini primene od 2-2,5 l\/ha. Vreme primene je kada je kukuruz u fazi 2-8 listova (faze 12-18 BBCH-skale), a u odnosu na korove kada su uskolisni korovi u fazi 1-5 listova, a \u0161irokolisni u najranijoj fazi porasta.<\/p>\n<p>Utro\u0161ak vode: 200-400 l\/ha.<\/p>\n<p>Broj tretiranja u toku godine: jednom ili u split aplikaciji: 1,5 l + 1 l.<br \/>\nME\u0160ANJE SA DRUGIM PESTICIDIMA:<br \/>\n&#8211; za efikasno suzbijanje najopasnijih \u0161irokolisnih korova preporu\u010duje se primena u kombinaciji sa herbicidom Laudis;<\/p>\n<p>&#8211; mo\u017ee se me\u0161ati sa preparatima na bazi dikambe i 2,4 D;<\/p>\n<p>&#8211; ne sme se me\u0161ati sa organofosfornim insekticidima;<\/p>\n<p>&#8211; pre primene u me\u0161avini sa drugim preparatima napraviti probu me\u0161anja.<br \/>\nKARENCA (vreme izme\u0111u poslednje primene preparata i berbe, odnosno \u017eetve):<br \/>\nObezbe\u0111ena vremenom primene preparata u usevu kukuruza.<br \/>\nSPEKTAR DELOVANJA:<br \/>\nVi\u0161egodi\u0161nji uskolisni korovi:\u00a0 divlji sirak iz rizoma (Sorghum halepense);<\/p>\n<p>Jednogodi\u0161nji uskolisni korovi: sirak divlji iz semena (Sorghum halepense), muhar zeleni (Setaria viridis), muhar sivi (Setaria glauca), proso korovsko (Echinochloa crus-galli);<\/p>\n<p>Jednogodi\u0161nji \u0161irokolisni korovi, kada su u ranijem stadujumu porasta: ambrozija pelenasta (Ambrosia artemisiifolia), kere\u0107e gro\u017e\u0111e (Solanum nigrum), lipica teofrastova (Abutilon theophrasti), samonikli suncokret (Helianthus annus), tatula obi\u010dna (Datura stramonium), \u010distac jednogodi\u0161nji (Stachys annua), \u0161tir obi\u010dni (Amaranthus retroflexus), \u0161tir bljutavi (Amaranthus blitoides).<br \/>\nNAPOMENE:<br \/>\n&#8211; pre upotrebe, pakovanje obavezno promu\u0107kati;<\/p>\n<p>&#8211; tretirati predve\u010de ili rano tokom dana po mirnom vremenu, na temperaturama ni\u017eim od 25\u00b0C i kada se usev nalazi u dobroj kondiciji;<\/p>\n<p>&#8211; ne koristiti organofosforne insekticide za tretiranje semena ili folijarno ako je planirana upotreba preparata Equip;<\/p>\n<p>&#8211; u slu\u010daju propadanja useva kukuruz i soja se mogu sejati 2 \u2013 3 nedelje posle tretiranja;<\/p>\n<p>&#8211; posle 100 dana od primene preparata Equip, mogu se sejati svi usevi.<\/p>","protected":false},"excerpt":{"rendered":"<p>Klasa: Herbicid<\/p>\n<p>Aktivna materija: Foramsulfuron 22,5 g\/l +\u00a0 Izoksadifen-etil 22,5 g\/l<\/p>\n<p>Formulacija: Uljna disperzija\u00a0 (OD)<\/p>\n<p>Proizvo\u0111a\u010d: Bayer Crop Science<\/p>\n<p>&nbsp;<\/p>","protected":false},"featured_media":5191,"template":"","meta":[],"product_brand":[],"product_cat":[203,208,255,204,207],"product_tag":[615],"class_list":{"0":"post-5150","1":"product","2":"type-product","3":"status-publish","4":"has-post-thumbnail","6":"product_cat-herbicidi","7":"product_cat-herbicidi-protiv-sirokolisnih-korova","8":"product_cat-herbicidi-protiv-uskolisnih-korova","9":"product_cat-herbicidi-u-kukuruzu","10":"product_cat-post-em-po-nicanju-useva","11":"product_tag-foramsulfuron-jodosulfuron-metil-na-sa-safenerom-izoksadifen-etil","13":"first","14":"outofstock","15":"shipping-taxable","16":"purchasable","17":"product-type-simple"},"_links":{"self":[{"href":"https:\/\/agrarpetrovic.rs\/en\/wp-json\/wp\/v2\/product\/5150","targetHints":{"allow":["GET"]}}],"collection":[{"href":"https:\/\/agrarpetrovic.rs\/en\/wp-json\/wp\/v2\/product"}],"about":[{"href":"https:\/\/agrarpetrovic.rs\/en\/wp-json\/wp\/v2\/types\/product"}],"wp:featuredmedia":[{"embeddable":true,"href":"https:\/\/agrarpetrovic.rs\/en\/wp-json\/wp\/v2\/media\/5191"}],"wp:attachment":[{"href":"https:\/\/agrarpetrovic.rs\/en\/wp-json\/wp\/v2\/media?parent=5150"}],"wp:term":[{"taxonomy":"product_brand","embeddable":true,"href":"https:\/\/agrarpetrovic.rs\/en\/wp-json\/wp\/v2\/product_brand?post=5150"},{"taxonomy":"product_cat","embeddable":true,"href":"https:\/\/agrarpetrovic.rs\/en\/wp-json\/wp\/v2\/product_cat?post=5150"},{"taxonomy":"product_tag","embeddable":true,"href":"https:\/\/agrarpetrovic.rs\/en\/wp-json\/wp\/v2\/product_tag?post=5150"}],"curies":[{"name":"wp","href":"https:\/\/api.w.org\/{rel}","templated":true}]}}