{"id":5151,"date":"2025-09-19T23:45:40","date_gmt":"2025-09-19T21:45:40","guid":{"rendered":"https:\/\/agrarpetrovic.rs\/?post_type=product&#038;p=5151"},"modified":"2025-10-23T11:54:55","modified_gmt":"2025-10-23T09:54:55","slug":"furore-super-herbicid","status":"publish","type":"product","link":"https:\/\/agrarpetrovic.rs\/en\/proizvod\/furore-super-herbicid\/","title":{"rendered":"Furore Super &#8211; Herbicid"},"content":{"rendered":"<p>Furore Super je sistemi\u010dni selektivni herbicid namenjen za suzbijanje vi\u0161egodi\u0161njih i jednogodi\u0161njih uskolisnih korova.<\/p>\n<p><strong>NA\u010cIN DELOVANJA:<\/strong><\/p>\n<p>Furore Super je sistemi\u010dni (translokacioni) herbicid. Biljka ga brzo usvaja preko listova i transportuje do ostalih delova. Kre\u0107e se navi\u0161e i nani\u017ee u biljci. Spre\u010dava sintezu masnih kiselina kod trava. Karakteristi\u010dni simptomi su crvenilo koje prelazi u nekrozu i su\u0161enje korova.<\/p>\n<p><strong>PRIPREMA RASTVORA ZA TRETIRANJE:<\/strong><\/p>\n<p>Potrebnu koli\u010dinu preparata pome\u0161ati sa vodom u odvojenom sudu. Rastvor uliti u rezervoar prskalice koji je do pola napunjen vodom. Dodati preostalu potrebnu koli\u010dinu vode uz neprekidno me\u0161anje.<\/p>\n<p><strong>PRIMENA:<\/strong><\/p>\n<p>Koristi se za suzbijanje:<\/p>\n<p>&#8211; jednogodi\u0161njih uskolisnih (travnih) korova kao \u0161to su: divlji sirak iz semena (Sorghum halepense), vrste iz roda Alopecurus spp., str\u0161ac obi\u010dni (Apera spica-venti), ovas njivski (Avena fatua), svra\u010dica crvena (Digitaria sanguinalis), korovsko proso (Echinochloa crus-galli), muhar zeleni (Setaria viridis), vrste iz roda Phalaris;<\/p>\n<p>&#8211; vi\u0161egodi\u0161njih uskolisnih (travnih) korova kao \u0161to je divlji sirak iz rizoma (Sorghum halepense);<\/p>\n<p>Primenjuje se u usevu:<\/p>\n<p>1) \u0160e\u0107erne repe i suncokreta, kada su korovi u fazi 2 lista, pa do razvijenog prvog kolenca, u koli\u010dini:- 1-1,2 l\/ha i utro\u0161ak vode 200-600 l\/ha (10-12 ml u 2-6 l vode na 100 m2), za suzbijanje jednogodi\u0161njih uskolisnih korova;<\/p>\n<p>&#8211; 1,8-2 l\/ha i utro\u0161ak vode 200-600 l\/ha (18-20 ml u 2-6 l vode na 100 m2), za suzbijanje vi\u0161egodi\u0161njih uskolisnih korova;<\/p>\n<p>2) Soje, tretiranjem samo pre cvetanja useva, a kada su korovi u fazi dva lista, pa do razvijenog prvog kolenca u koli\u010dini:<\/p>\n<p>&#8211; 1-1,2 l\/ha i utro\u0161ak vode 200-600 l\/ha (10-12 ml u 2-6 l vode na 100 m2), za suzbijanje jednogodi\u0161njih uskolisnih korova;<\/p>\n<p>&#8211; 1,8-2 l\/ha i utro\u0161ak vode 200-600 l\/ha (18-20 ml u 2-6 l vode na 100 m2), za suzbijanje vi\u0161egodi\u0161njih uskolisnih korova.<\/p>\n<p>Tretiranje iz vazduhoplova je dozvoljeno, pod uslovom da su povr\u0161ine koje se tretiraju udaljene najmanje 500 m od naselja i poljoprivrednih objekata (farmi), 300 m od voda, uz utro\u0161ak vode 50-100 l\/ha, a da brzina vetra ne prelazi 2 m\/s.<\/p>\n<p><strong>DODATNA UPUTSTVA ZA OPTIMALNO DELOVANJE:<\/strong><\/p>\n<p>Manje koli\u010dine preparata se primenjuju kada su korovi u fazi 2 lista, a ve\u0107e kada su korovi u fazi prvog kolenca.<\/p>\n<p><strong>KARENCA:\u00a0<\/strong><\/p>\n<p>Obezbe\u0111ena vremenom primene preparata u \u0161e\u0107ernoj repi, soji i suncokretu.<\/p>\n<p><strong>NAPOMENA:<\/strong><\/p>\n<p>&#8211; manje koli\u010dine preparata se primenjuju kada su korovi u fazi 2 lista, a ve\u0107e kada su korovi u fazi prvog kolenca.<\/p>","protected":false},"excerpt":{"rendered":"<p><strong>Klasa<\/strong>: Herbicid<\/p>\n<p><strong>Aktivna materija:<\/strong> Fenoksaprop-p-etil 75 g\/l<\/p>\n<p><strong>Formulacija:<\/strong> Emulzija ulja u vodi\u00a0 (EW)<\/p>\n<p><strong>Proizvo\u0111a\u010d:<\/strong> Bayer Crop Science<\/p>","protected":false},"featured_media":8970,"template":"","meta":[],"product_brand":[],"product_cat":[203],"product_tag":[856],"class_list":{"0":"post-5151","1":"product","2":"type-product","3":"status-publish","4":"has-post-thumbnail","6":"product_cat-herbicidi","7":"product_tag-fenoksaprop-p-etil-75-g-l","9":"first","10":"outofstock","11":"shipping-taxable","12":"purchasable","13":"product-type-simple"},"_links":{"self":[{"href":"https:\/\/agrarpetrovic.rs\/en\/wp-json\/wp\/v2\/product\/5151","targetHints":{"allow":["GET"]}}],"collection":[{"href":"https:\/\/agrarpetrovic.rs\/en\/wp-json\/wp\/v2\/product"}],"about":[{"href":"https:\/\/agrarpetrovic.rs\/en\/wp-json\/wp\/v2\/types\/product"}],"wp:featuredmedia":[{"embeddable":true,"href":"https:\/\/agrarpetrovic.rs\/en\/wp-json\/wp\/v2\/media\/8970"}],"wp:attachment":[{"href":"https:\/\/agrarpetrovic.rs\/en\/wp-json\/wp\/v2\/media?parent=5151"}],"wp:term":[{"taxonomy":"product_brand","embeddable":true,"href":"https:\/\/agrarpetrovic.rs\/en\/wp-json\/wp\/v2\/product_brand?post=5151"},{"taxonomy":"product_cat","embeddable":true,"href":"https:\/\/agrarpetrovic.rs\/en\/wp-json\/wp\/v2\/product_cat?post=5151"},{"taxonomy":"product_tag","embeddable":true,"href":"https:\/\/agrarpetrovic.rs\/en\/wp-json\/wp\/v2\/product_tag?post=5151"}],"curies":[{"name":"wp","href":"https:\/\/api.w.org\/{rel}","templated":true}]}}