{"id":5160,"date":"2023-07-13T16:24:34","date_gmt":"2023-07-13T14:24:34","guid":{"rendered":"https:\/\/agrarpetrovic.rs\/?post_type=product&#038;p=5160"},"modified":"2025-10-23T11:54:55","modified_gmt":"2025-10-23T09:54:55","slug":"laudis-herbicid","status":"publish","type":"product","link":"https:\/\/agrarpetrovic.rs\/en\/proizvod\/laudis-herbicid\/","title":{"rendered":"Laudis &#8211; Herbicid"},"content":{"rendered":"<p>Laudis je sistemi\u010dni selektivni herbicid namenjen za suzbijanje jednogodi\u0161njih i vi\u0161egodi\u0161njih \u0161irokolisnih i pojedinih uskolisnih korova<\/p>\n<p>NA\u010cIN DELOVANJA:<br \/>\nTembotrion je nova, visoko efikasna aktivna materija, iz grupe triketona. Korovska biljka usvaja preparat vrlo brzo, najve\u0107im delom preko lista, ali jednim delom i korenom preko zemlji\u0161ta. Aktivna materija po usvajanju dospeva do ta\u010daka porasta, gde izaziva poreme\u0107aj u sintezi karotenoida.<\/p>\n<p>Navedeni mehanizam delovanja se ispoljava u vidu prepoznatljivih simptoma izbeljivanja vr\u0161nog dela korovske biljke, i to ve\u0107 3-5 dana nakon primene. U naredne dve nedelje, izbeljeni deo nekrotira, i \u010ditava biljka propada.<br \/>\nPRIPREMA RASTVORA ZA TRETIRANJE:<\/p>\n<p>Potrebnu koli\u010dinu preparata pome\u0161ati sa vodom u odvojenom sudu. Rastvor uliti u rezervoar prskalice koji je do pola napunjen vodom. Dodati preostalu potrebnu koli\u010dinu vode uz neprekidno me\u0161anje.<br \/>\nPRIMENA:<br \/>\nKoristi se u usevu kukuruza, u koli\u010dini primene od 1,5-2 l\/ha posle nicanja korova i kukuruza kada su travni korovi u po\u010detnom stadijumu porasta, \u0161irokolisni u fazi od 2 do 6 listova, a kukuruz u fazi od 2-8 listova (faza 12-18 BBCH skale).<\/p>\n<p>Utro\u0161ak vode: 150-400 l\/ha. Broj tretiranja u toku godine je jednom na istoj povr\u0161ini.<br \/>\nME\u0160ANJE SA DRUGIM PESTICIDIMA:<br \/>\nMo\u017ee se me\u0161ati sa preparatima iz grupe sulfonil urea za pro\u0161irenje spektra delovanja i na rizomski sirak (Equip).<br \/>\nKARENCA (vreme izme\u0111u poslednje primene preparata i berbe, odnosno \u017eetve):<br \/>\nObezbe\u0111ena vremenom primene preparata u kukuruzu.<br \/>\nSPEKTAR DELOVANJA:<\/p>\n<p>\u0160irokolisni korovi:<\/p>\n<p>ambrozija pelenasta (Ambrosia artemisiifolia),<\/p>\n<p>goru\u0161ica poljska (Sinapis arvensis),<\/p>\n<p>dvornik veliki (Polygonum lapathifolium),<\/p>\n<p>dvornik pti\u010diji (Polygonum aviculare),<\/p>\n<p>kamilica prava (Matricaria chamomilla),<\/p>\n<p>lipica teofrastova (Abutilon theophrasti),<\/p>\n<p>mi\u0161jakinja (Stellaria media),<\/p>\n<p>mrtva kopriva (Lamium purpureum),<\/p>\n<p>obi\u010dan dvornik (Polygonum persicaria),<\/p>\n<p>palamida njivska (Cirsium arvense),<\/p>\n<p>pepeljuga obi\u010dna (Chenopodium album),<\/p>\n<p>pepeljuga srcolisna (Chenopodium hybridum),<\/p>\n<p>pomo\u0107nica obi\u010dna (Solanum nigrum),<\/p>\n<p>prilepa\u010da (Galium aparine),<\/p>\n<p>tar\u010du\u017eak (Capsella bursa-pastoris),<\/p>\n<p>tatula obi\u010dna (Datura stramonium),<\/p>\n<p>\u010di\u010dak (Xanthium strumarium),<\/p>\n<p>\u0161tir (Amaranthus spp.).<\/p>\n<p>Uskolisni korovi:<\/p>\n<p>veliki muhar (Echinochloa crus-galli),<\/p>\n<p>muhar sivi (Setaria glauca),<\/p>\n<p>proso (Panicum spp.),<\/p>\n<p>sirak iz semena (Sorghum halepense).<br \/>\nNAPOMENE:<br \/>\n&#8211; pre upotrebe obavezno promu\u0107kati;<\/p>\n<p>&#8211; tretirati predve\u010de ili ujutru po mirnom vremenu na temperaturama ni\u017eim od 25 oC;<\/p>\n<p>&#8211; zahvaljuju\u0107i kvalitetu formulacije, ve\u0107 sat vremena nakon primene, ve\u0107i deo aktivne materije je usvojen;<\/p>\n<p>&#8211; Laudis se mo\u017ee primeniti u razli\u010ditim hibridima kukuruza \u0161e\u0107erca i semenskog kukuruza;<\/p>\n<p>&#8211; ukoliko do\u0111e do preoravanja ili prevremenog skidanja useva, na tretiranim povr\u0161inama mogu se opet sejati kukuruz i sirak;<\/p>\n<p>&#8211; Laudis ne ograni\u010dava plodored, tako da se naredne sezone mogu sejati svi usevi<\/p>","protected":false},"excerpt":{"rendered":"<p>Klasa: Herbicid<\/p>\n<p>Aktivna materija: Tembotrion 44 g\/l<\/p>\n<p>Protektant: Izoksadifen-etil 22 g\/l<\/p>\n<p>Formulacija: uljna disperzija\u00a0 (OD)<\/p>\n<p>Proizvo\u0111a\u010d: Bayer Crop Science<\/p>","protected":false},"featured_media":5193,"template":"","meta":[],"product_brand":[],"product_cat":[203,208,255,204,207],"product_tag":[721],"class_list":{"0":"post-5160","1":"product","2":"type-product","3":"status-publish","4":"has-post-thumbnail","6":"product_cat-herbicidi","7":"product_cat-herbicidi-protiv-sirokolisnih-korova","8":"product_cat-herbicidi-protiv-uskolisnih-korova","9":"product_cat-herbicidi-u-kukuruzu","10":"product_cat-post-em-po-nicanju-useva","11":"product_tag-tembotrion","13":"first","14":"outofstock","15":"shipping-taxable","16":"purchasable","17":"product-type-simple"},"_links":{"self":[{"href":"https:\/\/agrarpetrovic.rs\/en\/wp-json\/wp\/v2\/product\/5160","targetHints":{"allow":["GET"]}}],"collection":[{"href":"https:\/\/agrarpetrovic.rs\/en\/wp-json\/wp\/v2\/product"}],"about":[{"href":"https:\/\/agrarpetrovic.rs\/en\/wp-json\/wp\/v2\/types\/product"}],"wp:featuredmedia":[{"embeddable":true,"href":"https:\/\/agrarpetrovic.rs\/en\/wp-json\/wp\/v2\/media\/5193"}],"wp:attachment":[{"href":"https:\/\/agrarpetrovic.rs\/en\/wp-json\/wp\/v2\/media?parent=5160"}],"wp:term":[{"taxonomy":"product_brand","embeddable":true,"href":"https:\/\/agrarpetrovic.rs\/en\/wp-json\/wp\/v2\/product_brand?post=5160"},{"taxonomy":"product_cat","embeddable":true,"href":"https:\/\/agrarpetrovic.rs\/en\/wp-json\/wp\/v2\/product_cat?post=5160"},{"taxonomy":"product_tag","embeddable":true,"href":"https:\/\/agrarpetrovic.rs\/en\/wp-json\/wp\/v2\/product_tag?post=5160"}],"curies":[{"name":"wp","href":"https:\/\/api.w.org\/{rel}","templated":true}]}}