{"id":5162,"date":"2023-07-13T16:24:34","date_gmt":"2023-07-13T14:24:34","guid":{"rendered":"https:\/\/agrarpetrovic.rs\/?post_type=product&#038;p=5162"},"modified":"2025-10-23T11:54:55","modified_gmt":"2025-10-23T09:54:55","slug":"merlin-flexx-herbicid","status":"publish","type":"product","link":"https:\/\/agrarpetrovic.rs\/en\/proizvod\/merlin-flexx-herbicid\/","title":{"rendered":"Merlin Flexx &#8211; Herbicid"},"content":{"rendered":"<p>Merlin flexx je selektivni translokacioni herbicid namenjen za suzbijanje jednogodi\u0161njih \u0161irokolisnih i uskolisnih korova.<\/p>\n<p>NA\u010cIN DELOVANJA:<br \/>\nKorovi usvajaju obe komponente i listom i korenom. Delovanje herbicidne materije izoksaflutola zasniva se na inhibiciji sinteze karotenoida. To se ispoljava kroz karakteristi\u010dni simptom promene boje lista iz zelene u belu. Izbeljivanje zatim prelazi u nekrozu (su\u0161enje) \u0161to dovodi do kona\u010dnog uvenu\u0107a korovskih biljaka. Ciprosulfamid podsti\u010de metabolizam kukuruza i ubrzava neutralisanje herbicida (uloga protektanta), \u0161to Merlin flexx \u010dini izuzetno selektivnim herbicidom.<\/p>\n<p>Merlin flexx ima osobinu da najdu\u017ee mo\u017ee \u201c\u010dekati\u201d ki\u0161u. Sa svakom narednom ki\u0161om dolazi do reaktivacije \u0161to obezbe\u0111uje produ\u017eeno delovanje.<br \/>\nPRIPREMA RASTVORA ZA TRETIRANJE:<br \/>\nPotrebnu koli\u010dinu preparata pome\u0161ati sa vodom u odvojenom sudu. Rastvor uliti u rezervoar prskalice koji je do pola napunjen vodom. Dodati preostalu potrebnu koli\u010dinu vode uz neprekidno me\u0161anje.<br \/>\nPRIMENA:<br \/>\nMerlin flexx se koristi u usevu kukuruza u koli\u010dini primene 0,4 l\/ha i utro\u0161ak vode 150-400 l\/ha, tretiranjem posle setve, a pre nicanja useva i korova ili tretiranjem posle nicanja useva i korova, a najkasnije do razvoja tre\u0107eg lista kukuruza (do faze 13 BBCH skale), a kada su korovi do faze 4 lista.<\/p>\n<p>Zahvaljuju\u0107i protektantu, koristi se puna doza preparata kako pre nicanja tako i u fazama do tre\u0107eg lista kukuruza.<\/p>\n<p>Maksimalan broj tretiranja u toku godine na istoj povr\u0161ini: jednom.<br \/>\nME\u0160ANJE SA DRUGIM PESTICIDIMA:<br \/>\n&#8211; mo\u017ee se me\u0161ati sa drugim preparatima; pre primene napraviti probu me\u0161anja;<\/p>\n<p>&#8211; kod primene preparata posle nicanja kukuruza, ne me\u0161ati ga sa EC formulacijama.<br \/>\nSPEKTAR DELOVANJA:<br \/>\nUskolisni (travni) korovi: proso korovsko \u2013 veliki muhar (Echinochloa crus-galli), muhar zeleni (Setaria viridis), muhar sivi (Setaria glauca), sirak divlji iz semena (Sorghum halepense);<\/p>\n<p>\u0160irokolisni korovi: ambrozija pelenasta (Ambrosia artemisiifolia), boca obi\u010dna (Xanthium strumarium)*, goru\u0161ica poljska (Sinapis arvensis), dvornik veliki (Polygonum lapathifolium), lipica teofrastova (Abutilon theophrasti), lubeni\u010darka njivska (Hibiscus trionum), pepeljuga obi\u010dna (Chenopodium album), pepeljuga srcolisna (Chenopodium hybridum), pomo\u0107nica obi\u010dna (Solanum nigrum), tar\u010du\u017eak (Capsella bursa pastoris), tatula obi\u010dna (Datura stramonium), \u0161tir obi\u010dni (Amaranthus retroflexus).<br \/>\nKARENCA (vreme izme\u0111u poslednje primene preparata i berbe, odnosno \u017eetve):<br \/>\nObezbe\u0111ena vremenom primene preparata u usevu kukuruza.<br \/>\nNAPOMENE:<br \/>\n&#8211; radi poja\u010danog delovanja na neke jednogodi\u0161nje uskolisne korove, preparat Merlin flexx se mo\u017ee me\u0161ati sa preparatima na bazi S-metolahlora u periodu posle setve a pre nicanja useva;<\/p>\n<p>&#8211; ukoliko do\u0111e od preoravanja useva ili prevremenog skidanja useva, na tretiranim povr\u0161inama se mogu sejati kukuruz i krompir, uz plitku obradu zemlji\u0161ta, mesec dana posle tretiranja;<\/p>\n<p>&#8211; dva meseca nakon tretiranja mogu\u0107e je sejati lucerku i mrkvu (uz plitku obradu zemlji\u0161ta) ili sirak i detelinu (uz jedno oranje);<\/p>\n<p>&#8211; upotreba preparata Merlin flexx u kukuruzu ne ograni\u010dava setvu bilo koje druge kulture u plodoredu \u2013 zato se mogu sejati sve ozime kulture u jesen, a posebno sve prole\u0107ne kulture u prole\u0107e.<\/p>\n<p>*samo kod primene na ve\u0107 iznikle biljke<\/p>","protected":false},"excerpt":{"rendered":"<p>Klasa: Herbicid<\/p>\n<p>Aktivna materija: Izoksaflutol 240 g\/l<\/p>\n<p>Preparat sadrzi i protektant: Ciprosulfamid 240 g\/l<\/p>\n<p>Formulacija: Koncentrovana suspenzija\u00a0 (SC)<\/p>\n<p>Proizvo\u0111a\u010d: Bayer Crop Science<\/p>","protected":false},"featured_media":5195,"template":"","meta":[],"product_brand":[],"product_cat":[203,208,255,204,207,209],"product_tag":[637],"class_list":{"0":"post-5162","1":"product","2":"type-product","3":"status-publish","4":"has-post-thumbnail","6":"product_cat-herbicidi","7":"product_cat-herbicidi-protiv-sirokolisnih-korova","8":"product_cat-herbicidi-protiv-uskolisnih-korova","9":"product_cat-herbicidi-u-kukuruzu","10":"product_cat-post-em-po-nicanju-useva","11":"product_cat-pre-em-posle-setve-a-pre-nicanja-useva","12":"product_tag-izoksaflutol","14":"first","15":"outofstock","16":"shipping-taxable","17":"purchasable","18":"product-type-simple"},"_links":{"self":[{"href":"https:\/\/agrarpetrovic.rs\/en\/wp-json\/wp\/v2\/product\/5162","targetHints":{"allow":["GET"]}}],"collection":[{"href":"https:\/\/agrarpetrovic.rs\/en\/wp-json\/wp\/v2\/product"}],"about":[{"href":"https:\/\/agrarpetrovic.rs\/en\/wp-json\/wp\/v2\/types\/product"}],"wp:featuredmedia":[{"embeddable":true,"href":"https:\/\/agrarpetrovic.rs\/en\/wp-json\/wp\/v2\/media\/5195"}],"wp:attachment":[{"href":"https:\/\/agrarpetrovic.rs\/en\/wp-json\/wp\/v2\/media?parent=5162"}],"wp:term":[{"taxonomy":"product_brand","embeddable":true,"href":"https:\/\/agrarpetrovic.rs\/en\/wp-json\/wp\/v2\/product_brand?post=5162"},{"taxonomy":"product_cat","embeddable":true,"href":"https:\/\/agrarpetrovic.rs\/en\/wp-json\/wp\/v2\/product_cat?post=5162"},{"taxonomy":"product_tag","embeddable":true,"href":"https:\/\/agrarpetrovic.rs\/en\/wp-json\/wp\/v2\/product_tag?post=5162"}],"curies":[{"name":"wp","href":"https:\/\/api.w.org\/{rel}","templated":true}]}}