{"id":5163,"date":"2023-07-13T16:24:34","date_gmt":"2023-07-13T14:24:34","guid":{"rendered":"https:\/\/agrarpetrovic.rs\/?post_type=product&#038;p=5163"},"modified":"2025-10-23T11:54:55","modified_gmt":"2025-10-23T09:54:55","slug":"monsoon-active-herbicid","status":"publish","type":"product","link":"https:\/\/agrarpetrovic.rs\/en\/proizvod\/monsoon-active-herbicid\/","title":{"rendered":"Monsoon Active &#8211; Herbicid"},"content":{"rendered":"<p>Monsoon active je selektivni translokacioni herbicid za suzbijanje vi\u0161egodi\u0161njih i jednogodi\u0161njih uskolisnih i \u0161irokolisnih korova u usevu kukuruza.<\/p>\n<p>NA\u010cIN DELOVANJA:<br \/>\nObe aktivne materije, i foramsulfuron i tienkarbazon-metil, pripadaju grupi ALS inhibitora i poseduju isti mehanizam delovanja. Posle primene ovog herbicida, korovske biljke usvajaju foramsulfuron najve\u0107im delom preko lista, dok tienkarbazon-metil ima dvostruki na\u010din usvajanja \u2013 pored lista i korenom korova. Kre\u0107u\u0107i se po usvajanju i ksilemom i floemom, dospevaju do ta\u010daka porasta gde spre\u010davaju stvaranje enzima acetolatat sintetaze (ALS) koji ima klju\u010dnu ulogu u deobi \u0107elija meristemskog tkiva. Na ovaj na\u010din, prestaje rast korovskih biljaka, one se su\u0161e i odumiru.<\/p>\n<p>Ciprosulfamid, kao protektant, deluje tako \u0161to ubrzava razgradnju aktivnih materija u gajenoj biljci, spre\u010davaju\u0107i eventualno \u0161tetno delovanje. Usvaja se korenom i listom i pokazuje potpunu sistemi\u010dnost.<br \/>\nPRIPREMA RASTVORA ZA TRETIRANJE:<\/p>\n<p>Potrebnu koli\u010dinu preparata pome\u0161ati sa vodom u odvojenom sudu. Rastvor uliti u rezervoar prskalice koji je do pola napunjen vodom. Dodati preostalu potrebnu koli\u010dinu vode uz neprekidno me\u0161anje.<br \/>\nPRIMENA:<br \/>\nKoristi se u usevu kukuruza u koli\u010dini primene 1,5-1,8 l\/ha \u0161to zavisi od prisutnih korova. Tako, pri velikoj zakorovljenosti rizomskim sirkom preporu\u010duje se maksimalna koli\u010dina primene (1,8 l\/ha). Vreme primene je kada je kukuruz u fazi 2-8 listova (faze 12-18 BBCH skale), a u odnosu na korove kada su \u0161irokolisni korovi u fazi 2-4 lista, a uskolisni do faze ranog bokorenja. Optimalno vreme za suzbijanje rizomskog sirka je kada rizomski sirak dostigne 20-25 cm visine.<\/p>\n<p>Utro\u0161ak vode: 150-400 l\/ha.<\/p>\n<p>Broj tretiranja u toku godine: jednom ili dvaput kod primene podeljene doze u razmaku od 7-10 dana (split aplikacija). U tom slu\u010daju kod svake aplikacije primeniti dozu od 0,75-1 l\/ha.<\/p>\n<p>Primena iz vazduhoplova nije dozvoljena.<br \/>\nME\u0160ANJE SA DRUGIM PESTICIDIMA:<\/p>\n<p>&#8211; mo\u017ee se me\u0161ati sa preparatima na bazi dikambe;<\/p>\n<p>&#8211; preparat se ne sme me\u0161ati sa organofosfornim insekticidima;<\/p>\n<p>&#8211; pre primene u me\u0161avini sa drugim preparatima treba napraviti probu me\u0161anja.<br \/>\nSPEKTAR DELOVANJA:<br \/>\nJednogodi\u0161nji i vi\u0161egodi\u0161nji \u0161irokolisni korovi:<\/p>\n<p>ambrozija pelenasta (Ambrosia artemisiifolia),<\/p>\n<p>boca obi\u010dna (Xanthium strumarium),<\/p>\n<p>viju\u0161ac njivski (Bilderdykia convolvulus),<\/p>\n<p>goru\u0161ica poljska (Sinapis arvensis),<\/p>\n<p>dvornik veliki (Polygonum lapathifolium),<\/p>\n<p>lipica teofrastova (Abutilon theophrasti),<\/p>\n<p>lubeni\u010darka njivska (Hibiscus trionum),<\/p>\n<p>mi\u0161jakinja (Stellaria media),<\/p>\n<p>palamida njivska (Cirsium arvense),<\/p>\n<p>pepeljuga ba\u0161tenska (Chenopodium polyspermum),<\/p>\n<p>pepeljuga obi\u010dna (Chenopodium album),<\/p>\n<p>pepeljuga srcolisna (Chenopodium hybridum),<\/p>\n<p>pomo\u0107nica obi\u010dna (Solanum nigrum),<\/p>\n<p>poponac (Convolvulus arvensis),<\/p>\n<p>suncokret samonikli (Helianthus annuus),<\/p>\n<p>tar\u010du\u017eak (Capsella bursa-pastoris),<\/p>\n<p>tatula obi\u010dna (Datura stramonium),<\/p>\n<p>\u010distac jednogodi\u0161nji (Stachys annua),<\/p>\n<p>\u0161tir bljutavi (Amaranthus blitoides),<\/p>\n<p>\u0161tir obi\u010dni (Amaranthus retroflexus);<\/p>\n<p>&nbsp;<\/p>\n<p>Jednogodi\u0161nji i vi\u0161egodi\u0161nji travni korovi:<\/p>\n<p>divlji sirak iz semena i rizoma (Sorghum halepense),<\/p>\n<p>muhar sivi (Setaria glauca),<\/p>\n<p>pirevina (Agropyron repens),<\/p>\n<p>proso korovsko (Echinochloa crus-galli).<br \/>\nKARENCA (vreme izme\u0111u poslednje primene preparata i berbe, odnosno \u017eetve):<br \/>\nObezbe\u0111ena vremenom primene preparata u usevu kukuruza.<br \/>\nNAPOMENE:<br \/>\n&#8211; pre upotrebe preparata Monsoon active pakovanje obavezno promu\u0107kati;<\/p>\n<p>&#8211; tretirati predve\u010de ili rano tokom dana po mirnom vremenu (bez vetra) i na temperaturama ni\u017eim od 25\u00b0C;<\/p>\n<p>&#8211; u slu\u010daju o\u010dekivanih velikih temperaturnih kolebanja odlo\u017eiti tretman do stabilizacije vremenskih uslova;<\/p>\n<p>&#8211; spre\u010diti zano\u0161enje preparata na susedne useve i zasade;<\/p>\n<p>&#8211; ukoliko do\u0111e do preoravanja ili prevremenog skidanja useva, na tretiranim povr\u0161inama mo\u017ee se sejati jedino kukuruz nakon isteka najmanje 30 dana od vremena primene; pri tome, neophodno je izvr\u0161iti obradu zemlji\u0161ta na dubinu od 10 cm; nakon isteka 3 meseca uz prethodno duboko oranje, mogu\u0107e je sejati lucerku ili sla\u010dicu;<\/p>\n<p>&#8211; u jesen iste godine, mogu\u0107a je setva strnih \u017eita, a na prole\u0107e naredne godine, pored jarih strnina i suncokreta, mogu\u0107a je setva \u0161e\u0107erne repe, kukuruza, soje, gra\u0161ka, krompira; setvi treba da prethodi obrada zemlji\u0161ta na minimum 10 cm dubine;<\/p>\n<p>&#8211; ne koristiti organofosforne insekticide za tretiranje semena ili folijarno ako je planirana upotreba preparata Monsoon active.<\/p>","protected":false},"excerpt":{"rendered":"<p>Klasa: Herbicid<\/p>\n<p>Aktivna materija: Foramsulfuron 31,5 g\/l +\u00a0 Tienkarbazon-metil 10 g\/l<\/p>\n<p>Preparat sadr\u017ei i protektant: Ciprosulfamid 15 g\/l<\/p>\n<p>Formulacija: uljna disperzija\u00a0 (OD)<\/p>\n<p>Proizvo\u0111a\u010d: Bayer Crop Science<\/p>","protected":false},"featured_media":5196,"template":"","meta":[],"product_brand":[],"product_cat":[203,208,255,204,207],"product_tag":[735],"class_list":{"0":"post-5163","1":"product","2":"type-product","3":"status-publish","4":"has-post-thumbnail","6":"product_cat-herbicidi","7":"product_cat-herbicidi-protiv-sirokolisnih-korova","8":"product_cat-herbicidi-protiv-uskolisnih-korova","9":"product_cat-herbicidi-u-kukuruzu","10":"product_cat-post-em-po-nicanju-useva","11":"product_tag-foramsulfuron-30-g-l-tienkarbazon-metil-10-g-l-ciprosulfamid-15-g-l","13":"first","14":"outofstock","15":"shipping-taxable","16":"purchasable","17":"product-type-simple"},"_links":{"self":[{"href":"https:\/\/agrarpetrovic.rs\/en\/wp-json\/wp\/v2\/product\/5163","targetHints":{"allow":["GET"]}}],"collection":[{"href":"https:\/\/agrarpetrovic.rs\/en\/wp-json\/wp\/v2\/product"}],"about":[{"href":"https:\/\/agrarpetrovic.rs\/en\/wp-json\/wp\/v2\/types\/product"}],"wp:featuredmedia":[{"embeddable":true,"href":"https:\/\/agrarpetrovic.rs\/en\/wp-json\/wp\/v2\/media\/5196"}],"wp:attachment":[{"href":"https:\/\/agrarpetrovic.rs\/en\/wp-json\/wp\/v2\/media?parent=5163"}],"wp:term":[{"taxonomy":"product_brand","embeddable":true,"href":"https:\/\/agrarpetrovic.rs\/en\/wp-json\/wp\/v2\/product_brand?post=5163"},{"taxonomy":"product_cat","embeddable":true,"href":"https:\/\/agrarpetrovic.rs\/en\/wp-json\/wp\/v2\/product_cat?post=5163"},{"taxonomy":"product_tag","embeddable":true,"href":"https:\/\/agrarpetrovic.rs\/en\/wp-json\/wp\/v2\/product_tag?post=5163"}],"curies":[{"name":"wp","href":"https:\/\/api.w.org\/{rel}","templated":true}]}}