{"id":5165,"date":"2023-07-13T16:24:34","date_gmt":"2023-07-13T14:24:34","guid":{"rendered":"https:\/\/agrarpetrovic.rs\/?post_type=product&#038;p=5165"},"modified":"2025-10-23T11:54:55","modified_gmt":"2025-10-23T09:54:55","slug":"sekator-od-herbicid","status":"publish","type":"product","link":"https:\/\/agrarpetrovic.rs\/en\/proizvod\/sekator-od-herbicid\/","title":{"rendered":"Sekator OD &#8211; Herbicid"},"content":{"rendered":"<p>Sekator OD je selektivni, translokacioni herbicid namenjen za suzbijanje vi\u0161egodi\u0161njih i jednogodi\u0161njih \u0161irokolisnih korova.<\/p>\n<p>NA\u010cIN DELOVANJA:<br \/>\nAktivne materije preparata Sekator OD &#8211; amidosulfuron i jodosulfuron, korovi usvajaju putem lisne mase. Unutar biljke, aktivne materije se prenose floemom i ksilemom, a njihovim delovanjem dolazi do razgradnje hlorofila, \u0161to za posledicu ima su\u0161enje i propadanje korova.<\/p>\n<p>Rast korova prestaje vrlo brzo, a do potpunog propadanja dolazi u roku od \u010detiri do \u0161est nedelja. Mefenpir-dietil deluje kao protektant koji podsti\u010de razgradnju herbicida u strnim \u017eitima, te pru\u017ea punu selektivnost prema gajenim usevima.<br \/>\nPRIPREMA RASTVORA ZA TRETIRANJE:<br \/>\nPotrebnu koli\u010dinu preparata pome\u0161ati sa vodom u odvojenom sudu. Rastvor uliti u rezervoar prskalice koji je do pola napunjen vodom. Dodati preostalu potrebnu koli\u010dinu vode uz neprekidno me\u0161anje.<br \/>\nPRIMENA:<br \/>\nSekator OD se primenjuje u usevu p\u0161enice i je\u010dma u koli\u010dini od 0,15 l\/ha (1,5 ml\/100 m2), od faze 3 lista pa do pojave zastavi\u010dara (faze 13-39 BBCH-skale), kada su korovi u fazi intenzivnog porasta (2-6 listova).<\/p>\n<p>Utro\u0161ak vode je od 200-400 l\/ha.<\/p>\n<p>&nbsp;<\/p>\n<p>Maksimalan broj tretiranja je jednom, na istoj povr\u0161ini u toku godine.<br \/>\nME\u0160ANJE SA DRUGIM PESTICIDIMA:<br \/>\n&#8211; mo\u017ee se me\u0161ati sa svim insekticidima i fungicidima kompanije Bayer za primenu u usevu p\u0161enice i je\u010dma;<\/p>\n<p>&#8211; pre primene u me\u0161avini sa drugim preparatima treba napraviti probu me\u0161anja.<br \/>\nKARENCA (vreme izme\u0111u poslednje primene preparata i berbe, odnosno \u017eetve):<br \/>\nObezbe\u0111ena vremenom primene preparata u usevu p\u0161enice i je\u010dma.<br \/>\nSPEKTAR DELOVANJA:<br \/>\nJednogodi\u0161nji \u0161irokolisni korovi: ambrozija pelenasta (Ambrosia artemisiifolia), bro\u0107ika lepu\u0161a (Galium aparine), bulka obi\u010dna (Papaver rhoeas), vidov\u010dica crvena (Anagalis arvensis), viju\u0161ac njivski (Bylderdyckia convolvulus), goru\u0161ica poljska (Sinapis arvensis), \u017eavornjak obi\u010dni (Delphinium consolida), kamilica prava (Matricaria chamomilla), kamilica bezmirisna (Matricaria indora), ljuti\u0107 njivski (Ranunculus arvensis), mi\u0161jakinja obi\u010dna (Stellaria media), mrtva kopriva njivska (Lamium amplexicaule), mrtva kopriva crvena (Lamium purpureum), pepeljuga obi\u010dna (Chenopodium album), pepeljuga srcolisna (Chenopodium hybridum), prstenak poljski (Anthemis arvensis), \u010destoslavica persijska (Veronica persica), \u010destoslavica br\u0161ljenasta (Veronica hederifolia), \u010distac jednogodi\u0161nji (Stachys annua).<\/p>\n<p>Vi\u0161egodi\u0161nji \u0161irokolisni korovi: palamida njivska (Cirsium arvense).<br \/>\nNAPOMENE:<br \/>\n&#8211; Primeniti Sekator kada je usev u dobroj kondiciji, temperature izme\u0111u 5-25\u00b0C i u danima kada se ne o\u010dekuju mrazevi;<\/p>\n<p>&#8211; ukoliko do\u0111e do propadanja useva, na tretiranim povr\u0161inama se mogu sejati jara p\u0161enica i jari je\u010dam (posle 15 dana) i kukuruz (posle 30 dana, uz oranje).<\/p>","protected":false},"excerpt":{"rendered":"<p>Klasa: Herbicid<\/p>\n<p>Aktivna materija: Jodosulfuron-metil-natrijum 25 g\/l +\u00a0 Amidosulfuron 100 g\/l<\/p>\n<p>Protektant: Mefenpir-dietil 250 g\/l<\/p>\n<p>Formulacija: Uljna disperzija OD<\/p>\n<p>Proizvo\u0111a\u010d: Bayer Crop Science<\/p>","protected":false},"featured_media":5197,"template":"","meta":[],"product_brand":[],"product_cat":[203,206,205],"product_tag":[641],"class_list":{"0":"post-5165","1":"product","2":"type-product","3":"status-publish","4":"has-post-thumbnail","6":"product_cat-herbicidi","7":"product_cat-herbicidi-protiv-sirokolisnih-korova-u-psenici","8":"product_cat-herbicidi-u-psenici","9":"product_tag-jodosulfuron-metil-na-amidosulfuron-sa-mefenpir-di-etil","11":"first","12":"outofstock","13":"shipping-taxable","14":"purchasable","15":"product-type-simple"},"_links":{"self":[{"href":"https:\/\/agrarpetrovic.rs\/en\/wp-json\/wp\/v2\/product\/5165","targetHints":{"allow":["GET"]}}],"collection":[{"href":"https:\/\/agrarpetrovic.rs\/en\/wp-json\/wp\/v2\/product"}],"about":[{"href":"https:\/\/agrarpetrovic.rs\/en\/wp-json\/wp\/v2\/types\/product"}],"wp:featuredmedia":[{"embeddable":true,"href":"https:\/\/agrarpetrovic.rs\/en\/wp-json\/wp\/v2\/media\/5197"}],"wp:attachment":[{"href":"https:\/\/agrarpetrovic.rs\/en\/wp-json\/wp\/v2\/media?parent=5165"}],"wp:term":[{"taxonomy":"product_brand","embeddable":true,"href":"https:\/\/agrarpetrovic.rs\/en\/wp-json\/wp\/v2\/product_brand?post=5165"},{"taxonomy":"product_cat","embeddable":true,"href":"https:\/\/agrarpetrovic.rs\/en\/wp-json\/wp\/v2\/product_cat?post=5165"},{"taxonomy":"product_tag","embeddable":true,"href":"https:\/\/agrarpetrovic.rs\/en\/wp-json\/wp\/v2\/product_tag?post=5165"}],"curies":[{"name":"wp","href":"https:\/\/api.w.org\/{rel}","templated":true}]}}