{"id":5173,"date":"2023-07-13T16:24:58","date_gmt":"2023-07-13T14:24:58","guid":{"rendered":"https:\/\/agrarpetrovic.rs\/?post_type=product&#038;p=5173"},"modified":"2025-10-23T11:54:55","modified_gmt":"2025-10-23T09:54:55","slug":"decis-25-ec-insekticid","status":"publish","type":"product","link":"https:\/\/agrarpetrovic.rs\/en\/proizvod\/decis-25-ec-insekticid\/","title":{"rendered":"Decis 2,5 EC &#8211; Insekticid"},"content":{"rendered":"<p>Decis 2,5 EC je insekticid sa brzim kontaktnim i digestivnim delovanjem \u0161irokog spektra, namenjen za suzbijanje \u0161tetnih insekata.<\/p>\n<p>NA\u010cIN DELOVANJA:<br \/>\nAktivnu materiju preparata Decis 2,5 EC deltametrin odlikuje veoma brz tzv. \u201eknock down\u201c efekat, tj. trenutno delovanje na ciljane \u0161teto\u010dine. Deluje kontaktno i digestivno. Deltametrin ometa prenos nadra\u017eaja u centralnom nervnom sistemu ciljanih \u0161tetnih insekata.<br \/>\nPRIPREMA RASTVORA ZA TRETIRANJE:<br \/>\nPotrebnu koli\u010dinu preparata pome\u0161ati sa vodom u odvojenom sudu. Rastvor uliti u rezervoar prskalice koji je do pola napunjen vodom. Dodati preostalu potrebnu koli\u010dinu vode uz neprekidno me\u0161anje.<br \/>\nPRIMENA:<br \/>\nDecis 2,5 EC se koristi u:<\/p>\n<p>1) Zasadu jabuke za suzbijanje:<\/p>\n<p>a) jabukinog smotavca (Cydia pomonella) u koncentraciji 0,02-0,03 % (2-3 ml u 10 l vode) uz utro\u0161ak vode 600-1000 l\/ha (6-10 l na 100 m2);<\/p>\n<p>b) biljnih va\u0161i (Aphididae), jabukine lisne ose (Hoplocampa testudinea), minera okruglih mina (Leucoptera scitella), minera prozirnih, belih mina (Lithocolletis corylifoliella), minera ta\u010dkastih, mramornih mina (Lithocolletis blancardella), minera zmijolikih mina (Lyonetia clerkella) u koncentraciji 0,03-0,05% (3-5 ml u 10 l vode) i utro\u0161ak vode 600-1000 l\/ha (6-10 l na 100 m2);<\/p>\n<p>2) Zasadu kru\u0161ke za suzbijanje:<\/p>\n<p>a) obi\u010dne kru\u0161kine buve (Psylla pyri) u koncentraciji 0,05% (5 ml u 10 l vode) uz utro\u0161ak vode 600 &#8211; 1000 l\/ha;<\/p>\n<p>b) kru\u0161kine ose (Hoplocampa brevis) u koncentraciji 0,03-0,05% (3-5 ml u 10 l vode) uz utro\u0161ak vode 600 &#8211; 1000 l\/ha;<\/p>\n<p>c) pepeljaste kru\u0161kine va\u0161i (Dysaphis pyri) u koncentraciji 0,02-0,03% (2-3 ml u 10 l vode) uz utro\u0161ak vode 600 &#8211; 1000 l\/ha;<\/p>\n<p>3) Zasadu breskve za suzbijanje:<\/p>\n<p>a) biljnih va\u0161i (Aphididae), u koncentraciji 0,03-0,05% (3-5 ml u 10 l vode) i utro\u0161ak vode 600-1000 l\/ha (6-10 l na 100 m2);<\/p>\n<p>b) breskvinog smotavca (Cydia molesta), u koncentraciji 0,05 % (5 ml u 10 l vode) i utro\u0161ak vode 600-1000 l\/ha (6-10 l na 100 m2);<\/p>\n<p>4) Zasadu \u0161ljive za suzbijanje:<\/p>\n<p>&#8211; \u017eute \u0161ljivine ose (Hoplocampa flava), crne \u0161ljivine ose (Hoplocampa minuta) i biljnih va\u0161i (Aphididae), u koncentraciji 0,03-0,05% (3-5 ml u 10 l vode) i utro\u0161ak vode od 600-1000 l\/ha (6-10 l na 100 m2);<\/p>\n<p>5) Zasadu tre\u0161nje za suzbijanje:<\/p>\n<p>a) biljnih va\u0161i (Aphididae), u koncentraciji 0,03-0,05% (3-5 ml u 10 l vode) i utro\u0161ak vode 600-1000 l\/ha (6-10 l na 100 m2),<\/p>\n<p>b) tre\u0161njine muve (Rhagoletis cerasi), u koncentraciji 0,07% (7 ml u 10 l vode) i utro\u0161ak vode 600-1000 l\/ha (6-10 l na 100 m2);<\/p>\n<p>6) Zasadu vi\u0161nje za suzbijanje:<\/p>\n<p>a) tre\u0161njine muve (Rhagoletis cerasi), u koncentraciji 0,07% (7 ml u 10 l vode) i utro\u0161ak vode 600-1000 l\/ha (6-10 l na 100 m2);<\/p>\n<p>b) biljnih va\u0161i (Aphididae) u koncentraciji 0,03-0,05% (3-5 ml na 100 m2) i utro\u0161ak vode 600-1000 l\/ha (6-10 l na 100 m2);<\/p>\n<p>7) Zasadu masline za suzbijanje: maslinine muve (Dacus\/Prays oleae) u koncentraciji 0,03-0,05 % (3-5 ml u 10 l vode) i utro\u0161ak vode 600-1000 l\/ha (6-10 l na 100 m2);<\/p>\n<p>8) Zasadu vinove loze za suzbijanje: \u017eutog grozdovog moljca (Eupoecillia\/Clysia ambiguella) i pepeljastog grozdovog moljca (Lobesia\/ Polychrosis botrana), u koncentraciji:<\/p>\n<p>&#8211; 0,03-0,04 % (3-4 ml u 10 l vode) i utro\u0161ak vode 600-1000 l\/ha (6-10 l na 100 m2), za suzbijanje prve generacije,<\/p>\n<p>&#8211; 0,05-0,07 % (5-7 ml u 10 l vode) i utro\u0161ak vode 600-1000 l\/ha (6-10 l na 100 m2), za suzbijanje druge generacije;<\/p>\n<p>9) U zasadima \u0161uma za suzbijanje:<\/p>\n<p>&#8211; ose hrastovog li\u0161\u0107a (Apotimus spp.), malog mrazovca (Cheimatobia\/Operophtera brumata), \u017eutotrbe (Euproctis chrysorrhoea), velikog mrazovca (Hibernia\/Erranis defoliaria), gubara (Lymantria dispar) i zelenog hrastovog savija\u010da (Tortrix viridiana), tretiranjem:<\/p>\n<p>a) sa zemlje, u koli\u010dini 0,4 l\/ha i dodatak 10 l\/ha nafte (D1) (40 ml u 1 l nafte na 100 m2) i<\/p>\n<p>b) iz vazduhoplova, u koli\u010dini 0,2 l \/ha i dodatak 2,8 l\/ha nafte (D1);<\/p>\n<p>10) Zasadu hmelja za suzbijanje: va\u0161i hmelja (Phorodon humuli), u koncentraciji 0,04-0,06% (4-6 ml u 10 l vode) i utro\u0161ak vode 600-1000 l\/ha (6-10 l na 100 m2);<\/p>\n<p>11) Usevima strnih \u017eita za suzbijanje: biljnih va\u0161i (Aphididae) i \u017eitne pijavice (Lema melanopus), u koli\u010dini 0,2-0,3 l\/ha (2-3 ml na 100 m2) i utro\u0161ak vode 200-400 l\/ha (2-4 l na 100 m2);<\/p>\n<p>12) Usevu kukuruza za suzbijanje: kukuruznog plamenca (Ostrinia nubilalis), u koli\u010dini 0,4 &#8211; 0,5 l\/ha (4-5 ml na 100 m2) i utro\u0161ak vode 200-400 l\/ha (2-4 l na 100 m2);<\/p>\n<p>13) Usevu krompira za suzbijanje:<\/p>\n<p>a) breskvine lisne va\u0161i (Myzus persicae) u koli\u010dini 0,3-0,5 l\/ha (3-5 ml u 10 l vode) i utro\u0161ak vode 200-400 l\/ha (2-4 l na 100 m2),<\/p>\n<p>b) krompirove zlatice (Leptinotarsa decemlineata), u koli\u010dini 0,3 l\/ha (3 ml u 10 l vode) i utro\u0161ak vode 200-400 l\/ha (2-4 l na 100 m2);<\/p>\n<p>14) Usevu paradajza za suzbijanje:<\/p>\n<p>a) breskvine lisne va\u0161i (Myzus persicae) u koli\u010dini primene od 0,3-0,5 l\/ha (3-5 ml na 100 m2) i utro\u0161ak vode od 200-400 l\/ha (2-4 l na 100 m2),<\/p>\n<p>b) bele mu\u0161ice &#8211; leptiraste va\u0161i (Trialeurodes vaporariorum) u koncentraciji od 0,05 % (5 ml u 10 l vode) i utro\u0161ak vode od 200-400 l\/ha (2-4 l na 100 m2), uz dodatak nekog okva\u0161iva\u010da;<\/p>\n<p>15) Usevu uljane repice za suzbijanje repi\u010dine lisne ose (Athalia colibri) i repi\u010dinog sjajnika (Meligethes aeneus) u koli\u010dini primene od 0,2-0,3 l\/ha (2-3 ml na 100 m2) i utro\u0161ak vode od 200-400 l\/ha (2-4 l na 100 m2);<\/p>\n<p>16) Usevu duvana za suzbijanje: podgrizaju\u0107ih sovica (Agrotis spp.), breskvine va\u0161i (Myzus persicae), duvanovog tripsa (Thrips tabaci) u koli\u010dini primene od 0,2-0,3 l\/ha (2-3 ml na 100 m2) i utro\u0161ak vode od 200-400 l\/ha (2-4 l na 100 m2);<\/p>\n<p>17) Usevu krastavca za suzbijanje bele mu\u0161ice<\/p>\n<p>&#8211; leptiraste va\u0161i (Trialeurodes vaporarium) u koncentraciji 0,05% (5 ml u 10 l vode) i utro\u0161ak vode od 200-400 l\/ha (2-4 l na 100 m2) uz dodatak nekog okva\u0161iva\u010da.<br \/>\nME\u0160ANJE SA DRUGIM PESTICIDIMA:<br \/>\n&#8211; ne sme se me\u0161ati sa preparatima alkalne reakcije (Bordovska \u010dorba) i preparatima na bazi sumpora, tiofanata, i azinfos-metila;<\/p>\n<p>&#8211; pre primene u me\u0161avini sa drugim preparatima treba napraviti probu me\u0161anja.<br \/>\nKARENCA (vreme izme\u0111u poslednje primene preparata i berbe, odnosno \u017eetve):<br \/>\n&#8211; 7 dana za krompir, jabuku, kru\u0161ku, paradajz i krastavac<\/p>\n<p>&#8211; 14 dana ostalo vo\u0107e, povr\u0107e, hmelj<\/p>\n<p>&#8211; 21 dan vinova loza<\/p>\n<p>&#8211; 28 dana duvan, maslina,<\/p>\n<p>&#8211; 35 dana \u017eita<\/p>\n<p>&#8211; 42 dana uljana repica.<br \/>\nNAPOMENE:<br \/>\n&#8211; kada se temperature kre\u0107u iznad 28\u00b0C, najbolje je tretirati predve\u010de;<\/p>\n<p>&#8211; pri suzbijanju \u0161teto\u010dina iz reda Lepidoptera, preparat primeniti na po\u010detku piljenja gusenica;<\/p>\n<p>&#8211; pri suzbijanju lisnih va\u0161i, tretirati na po\u010detku formiranja kolonija.<\/p>\n<p>Tretiranje iz vazduhoplova je dozvoljeno pod slede\u0107im uslovima:<\/p>\n<p>&#8211; povr\u0161ine koje se tretiraju, moraju biti udaljene najmanje 500 m od naselja i poljoprivrednih objekata (farmi), 300 m od voda;<\/p>\n<p>&#8211; utro\u0161ak vode od 50 &#8211; 100 l\/ha;<\/p>\n<p>&#8211; brzina vetra pri tretiranju ne sme da bude ve\u0107a od 2 m\/s.<\/p>","protected":false},"excerpt":{"rendered":"<p>Klasa: Insekticid<\/p>\n<p>Aktivna materija: Deltametrin 100 g\/l<\/p>\n<p>Formulacija: Koncentrat za emulziju (EC)<\/p>\n<p>Proizvo\u0111a\u010d: Bayer Crop Science<\/p>","protected":false},"featured_media":5226,"template":"","meta":[],"product_brand":[],"product_cat":[197],"product_tag":[490],"class_list":{"0":"post-5173","1":"product","2":"type-product","3":"status-publish","4":"has-post-thumbnail","6":"product_cat-razni-artikli","7":"product_tag-deltametrin","9":"first","10":"outofstock","11":"shipping-taxable","12":"product-type-simple"},"_links":{"self":[{"href":"https:\/\/agrarpetrovic.rs\/en\/wp-json\/wp\/v2\/product\/5173","targetHints":{"allow":["GET"]}}],"collection":[{"href":"https:\/\/agrarpetrovic.rs\/en\/wp-json\/wp\/v2\/product"}],"about":[{"href":"https:\/\/agrarpetrovic.rs\/en\/wp-json\/wp\/v2\/types\/product"}],"wp:featuredmedia":[{"embeddable":true,"href":"https:\/\/agrarpetrovic.rs\/en\/wp-json\/wp\/v2\/media\/5226"}],"wp:attachment":[{"href":"https:\/\/agrarpetrovic.rs\/en\/wp-json\/wp\/v2\/media?parent=5173"}],"wp:term":[{"taxonomy":"product_brand","embeddable":true,"href":"https:\/\/agrarpetrovic.rs\/en\/wp-json\/wp\/v2\/product_brand?post=5173"},{"taxonomy":"product_cat","embeddable":true,"href":"https:\/\/agrarpetrovic.rs\/en\/wp-json\/wp\/v2\/product_cat?post=5173"},{"taxonomy":"product_tag","embeddable":true,"href":"https:\/\/agrarpetrovic.rs\/en\/wp-json\/wp\/v2\/product_tag?post=5173"}],"curies":[{"name":"wp","href":"https:\/\/api.w.org\/{rel}","templated":true}]}}