{"id":5175,"date":"2023-07-13T16:24:58","date_gmt":"2023-07-13T14:24:58","guid":{"rendered":"https:\/\/agrarpetrovic.rs\/?post_type=product&#038;p=5175"},"modified":"2025-11-11T21:40:28","modified_gmt":"2025-11-11T20:40:28","slug":"envidor-240-sc-akaricid","status":"publish","type":"product","link":"https:\/\/agrarpetrovic.rs\/en\/proizvod\/envidor-240-sc-akaricid\/","title":{"rendered":"Envidor 240 SC &#8211; Akaricid"},"content":{"rendered":"<p>Envidor 240 SC je kontaktni akaricid i insekticid za suzbijanje \u0161tetnih grinja i kru\u0161kine buve<\/p>\n<p>NA\u010cIN DELOVANJA:<br \/>\nAktivna materija spirodiklofen deluje na potpuno nov na\u010din inhibicijom sinteze lipida. Pripada novoj hemijskoj grupi tetrani\u010dnih kiselina. Mehanizam delovanja pru\u017ea efikasnu za\u0161titu bez straha od pojave unakrsne rezistencije sa postoje\u0107im akaricidima. Preparat Envidor se \u010dvrsto ve\u017ee za povr\u0161inu lista, te je na taj na\u010din onemogu\u0107eno ispiranje i osigurano dugotrajno delovanje. Odlikuje se sporim inicijalnim delovanjem, te se prvi rezultati tretiranja mogu o\u010dekivati nakon 8-10 dana, a potpuna efikasnost nakon 14-16 dana. Rezultati se manifestuju u vidu smanjenja celokupne populacije, s obzirom na mehanizam delovanja &#8211; deluje na sve razvojne stadijume \u0161tetnih grinja. Ukoliko \u017eenka grinja usvoji subletalnu (nedovoljnu) dozu preparata, jaja koja polo\u017ei su sterilna. Larve, protonimfe i deutonimfe (razvojni stadijumi koji se hrane) efikasno su suzbijene sa dostizanjem slede\u0107eg stadijuma mirovanja.<br \/>\nPRIPREMA RASTVORA ZA TRETIRANJE:<br \/>\nPotrebnu koli\u010dinu preparata pome\u0161ati sa vodom u odvojenom sudu. Rastvor uliti u rezervoar prskalice koji je do pola napunjen vodom. Dodati preostalu potrebnu koli\u010dinu vode uz neprekidno me\u0161anje.<br \/>\nPRIMENA:<br \/>\n1) Koristi se u zasadu jabuke u koli\u010dini primene od 0,4 &#8211; 0,6 l\/ha:<\/p>\n<p>a) za suzbijanje crvenog vo\u0107nog pauka (Panonychus ulmi). Optimalno vreme primene je u prole\u0107e kad je ispiljeno 50-60% zimskih jaja, obavezno posle cvetanja. Ukoliko se tretmani vr\u0161e kasnije tokom vegetacije optimalno vreme primene je kada se registruje 3-5 odraslih jedinki na nali\u010dju lista, pre prenamno\u017eenja.<\/p>\n<p>b) za suzbijanje obi\u010dnog pau\u010dinara (Tetranychus urticae), ukoliko u vo\u0107njacima preovla\u0111uje populacija obi\u010dnog pau\u010dinara u odnosu na crvenog vo\u0107nog pauka, prvi prole\u0107ni tretman treba izvr\u0161iti kada je ispiljeno 50-60% jaja obi\u010dnog pau\u010dinara.<\/p>\n<p>2) U zasadu kru\u0161ke koristi se za suzbijanje: kru\u0161kine buve (Psylla pyri). Koli\u010dina primene je 0,6 l\/ha. Optimalno vreme primene i najbolji rezultati se posti\u017eu u prole\u0107e kada je 40-50% jaja promenilo boju iz bele u \u017eutu. Za suzbijanje letnjih generacija koristiti preparat Envidor u koli\u010dini primene 0,6 l\/ha uz utro\u0161ak 1000 litara vode, odnosno u koncentraciji od 0,06 %, uz dodatak od 2,5 l\/ha mineralnog ulja.<\/p>\n<p>3) U zasadu vinove loze: za suzbijanje eriofidne grinje (Calepitrimerus vitis) u koli\u010dini od 0,4 l\/ha (4 ml na 100 m2) u vreme pojave prvih pokretnih formi, od pojave prvog lista do po\u010detka cvetanja (faze 11-55 BBHC-skale). Utro\u0161ak vode: 600 &#8211; 1000 l\/ha (6-10 l na 100 m2).<\/p>\n<p>4) U zasadu maline koristi se za suzbijanje: eriofidne grinje lista maline (Phyllocoptes gracilis) u koli\u010dini od 0,4 l\/ha u vreme pojave prvih pokretnih formi, do po\u010detka cvetanja maline. Utro\u0161ak vode: 600 &#8211; 1000 l\/ha.<br \/>\nKARENCA (vreme izme\u0111u poslednje primene preparata i berbe, odnosno \u017eetve):<br \/>\nJabuka, kru\u0161ka i vinova loza 14 dana, kod maline obezbe\u0111ena vremenom primene.<br \/>\nNAPOMENE:<br \/>\n&#8211; ne tretirati u vreme cvetanja, formiranja i sazrevanja plodova;<\/p>\n<p>&#8211; zbog osobina preparata, Envidor treba koristiti sa minimum 1000 l\/ha vode;<\/p>\n<p>&#8211; maksimalni broj tretiranja na istoj povr\u0161ini: jednom u toku godine.<\/p>\n<p>&#8211; prilikom suzbijanja crvenog vo\u0107nog pauka i obi\u010dnog pau\u010dinara u prole\u0107e u zasadu jabuke, suzbija se i jabukina r\u0111asta grinja (Aculus schlechtendali); ukoliko u toku vegetacije suzbijamo jabukinu r\u0111astu grinju optimalno vreme primene je kada je registrovano 30 odraslih jedinki na nali\u010dju lista.<\/p>","protected":false},"excerpt":{"rendered":"<p>Klasa: Akaricidi i\u00a0 Insekticidi<\/p>\n<p>Aktivna materija: Spirodiklofen 240 g\/l<\/p>\n<p>Formulacija: koncentrat za suspenziju (SC)<\/p>\n<p>Proizvo\u0111a\u010d: Bayer Crop Science<\/p>","protected":false},"featured_media":5228,"template":"","meta":[],"product_brand":[],"product_cat":[281,234,202],"product_tag":[710],"class_list":{"0":"post-5175","1":"product","2":"type-product","3":"status-publish","4":"has-post-thumbnail","6":"product_cat-akaricidi","7":"product_cat-insekticidi","8":"product_cat-zastita-bilja","9":"product_tag-spirodiklofen","11":"first","12":"outofstock","13":"featured","14":"shipping-taxable","15":"purchasable","16":"product-type-simple"},"_links":{"self":[{"href":"https:\/\/agrarpetrovic.rs\/en\/wp-json\/wp\/v2\/product\/5175","targetHints":{"allow":["GET"]}}],"collection":[{"href":"https:\/\/agrarpetrovic.rs\/en\/wp-json\/wp\/v2\/product"}],"about":[{"href":"https:\/\/agrarpetrovic.rs\/en\/wp-json\/wp\/v2\/types\/product"}],"wp:featuredmedia":[{"embeddable":true,"href":"https:\/\/agrarpetrovic.rs\/en\/wp-json\/wp\/v2\/media\/5228"}],"wp:attachment":[{"href":"https:\/\/agrarpetrovic.rs\/en\/wp-json\/wp\/v2\/media?parent=5175"}],"wp:term":[{"taxonomy":"product_brand","embeddable":true,"href":"https:\/\/agrarpetrovic.rs\/en\/wp-json\/wp\/v2\/product_brand?post=5175"},{"taxonomy":"product_cat","embeddable":true,"href":"https:\/\/agrarpetrovic.rs\/en\/wp-json\/wp\/v2\/product_cat?post=5175"},{"taxonomy":"product_tag","embeddable":true,"href":"https:\/\/agrarpetrovic.rs\/en\/wp-json\/wp\/v2\/product_tag?post=5175"}],"curies":[{"name":"wp","href":"https:\/\/api.w.org\/{rel}","templated":true}]}}