{"id":5220,"date":"2023-07-13T16:25:23","date_gmt":"2023-07-13T14:25:23","guid":{"rendered":"https:\/\/agrarpetrovic.rs\/?post_type=product&#038;p=5220"},"modified":"2023-07-13T16:25:41","modified_gmt":"2023-07-13T14:25:41","slug":"malc-folija-crna-15mc-0-8m-s-1000m-d-gerovit","status":"publish","type":"product","link":"https:\/\/agrarpetrovic.rs\/en\/proizvod\/malc-folija-crna-15mc-0-8m-s-1000m-d-gerovit\/","title":{"rendered":"Mal\u010d folija CRNA 15mc, 0.8m\/\u0161, 1000m\/d \/gerovit\/"},"content":{"rendered":"","protected":false},"excerpt":{"rendered":"<h2 class=\"pp-title\">Opis proizvoda<\/h2>\n<div class=\"description-content\">\n<p>Namenjena je za prekrivanje zemlji\u0161ta, ima za cilj spre\u010davanje razvoja korova, pobolj\u0161anje vodnog i vazdu\u0161nog re\u017eima, uz manja kolebanja temperature zemlji\u0161ta, pove\u0107anje organske materije u zemlji\u0161tu \u0161to omogu\u0107ava i ve\u0107u aktivnost mikroorganizama. Na pokrivenom zemlji\u0161tu smanjuje se broj zalivanja, ali zbog spolja\u0161njeg zagrevanja zemlji\u0161ta ve\u0107a je opasnost od mraza, te se mal\u010diranje obavlja tek posle prolaska opasnosti od mraza.<\/p>\n<\/div>","protected":false},"featured_media":5247,"template":"","meta":[],"product_brand":[],"product_cat":[312,313],"product_tag":[],"class_list":{"0":"post-5220","1":"product","2":"type-product","3":"status-publish","4":"has-post-thumbnail","6":"product_cat-folije-i-veziva","7":"product_cat-malc-folije","9":"first","10":"instock","11":"shipping-taxable","12":"product-type-simple"},"_links":{"self":[{"href":"https:\/\/agrarpetrovic.rs\/en\/wp-json\/wp\/v2\/product\/5220","targetHints":{"allow":["GET"]}}],"collection":[{"href":"https:\/\/agrarpetrovic.rs\/en\/wp-json\/wp\/v2\/product"}],"about":[{"href":"https:\/\/agrarpetrovic.rs\/en\/wp-json\/wp\/v2\/types\/product"}],"wp:featuredmedia":[{"embeddable":true,"href":"https:\/\/agrarpetrovic.rs\/en\/wp-json\/wp\/v2\/media\/5247"}],"wp:attachment":[{"href":"https:\/\/agrarpetrovic.rs\/en\/wp-json\/wp\/v2\/media?parent=5220"}],"wp:term":[{"taxonomy":"product_brand","embeddable":true,"href":"https:\/\/agrarpetrovic.rs\/en\/wp-json\/wp\/v2\/product_brand?post=5220"},{"taxonomy":"product_cat","embeddable":true,"href":"https:\/\/agrarpetrovic.rs\/en\/wp-json\/wp\/v2\/product_cat?post=5220"},{"taxonomy":"product_tag","embeddable":true,"href":"https:\/\/agrarpetrovic.rs\/en\/wp-json\/wp\/v2\/product_tag?post=5220"}],"curies":[{"name":"wp","href":"https:\/\/api.w.org\/{rel}","templated":true}]}}