{"id":5260,"date":"2023-07-13T16:25:44","date_gmt":"2023-07-13T14:25:44","guid":{"rendered":"https:\/\/agrarpetrovic.rs\/?post_type=product&#038;p=5260"},"modified":"2023-07-13T16:25:48","modified_gmt":"2023-07-13T14:25:48","slug":"belvedere-forte-400-sc-herbicid","status":"publish","type":"product","link":"https:\/\/agrarpetrovic.rs\/en\/proizvod\/belvedere-forte-400-sc-herbicid\/","title":{"rendered":"Belvedere forte 400 SC &#8211; Herbicid"},"content":{"rendered":"<p>Primena<br \/>\nBelvedere\u00ae Forte 400 SC je selektivni sistemi\u010dni herbicid namenjen za suzbijanje \u0161irokolisnih i uskolisnih korova.<br \/>\nU usevu \u0161e\u0107erne repe se primenjuje dvokratno:<\/p>\n<p>1) prvo tretiranje izvr\u0161iti kada je \u0161e\u0107erna repa u fazi 2-3 razvijena lista, a korovi u fazi 2-4 razvijena lista<br \/>\nKoli\u010dina primene:<br \/>\n-samostalno: 1 l\/ha<br \/>\n-u kombinaciji: Belvedere\u00ae Forte 400 SC + Goltix\u00ae Gold: 1 l\/ha + 2 l\/ha<\/p>\n<p>2) drugo tretiranje izvr\u0161iti kada su korovi ponovo nikli pa do 2 razvijena lista, bez obzira na uzrast \u0161e\u0107erne repe<br \/>\nKoli\u010dina primene:<br \/>\n-samostalno: 1 l\/ha<br \/>\n-u kombinaciji: Belvedere\u00ae Forte 400 SC + Goltix\u00ae Gold: 1 l\/ha + 2 l\/ha<br \/>\nUtro\u0161ak vode: 200-400 l\/h<br \/>\nBroj tretiranja na istoj povr\u0161ini u toku godine: jednom u dvokratnom tretmanu<br \/>\nKarenca: 91 dan za \u0161e\u0107ernu repu<\/p>","protected":false},"excerpt":{"rendered":"<p>Klasa: Herbicid<\/p>\n<p>Aktivna materija: Fenmedifam 100 g\/l\u00a0 + Desmedifam 100 g\/l + Etofumesat 200 g\/l<\/p>\n<p>Formulacija: Koncdentrovana suspenzija (SC)<\/p>\n<p>Proizvo\u0111a\u010d: Adama<\/p>","protected":false},"featured_media":5281,"template":"","meta":[],"product_brand":[],"product_cat":[203,280,263,210,262],"product_tag":[],"class_list":{"0":"post-5260","1":"product","2":"type-product","3":"status-publish","4":"has-post-thumbnail","6":"product_cat-herbicidi","7":"product_cat-herbicidi-protiv-sirokolisnih-korova-u-secernoj-repi","8":"product_cat-herbicidi-protiv-uskolisnih-korova-u-secernoj-repi","9":"product_cat-herbicidi-u-secernoj-repi","10":"product_cat-post-em-po-nicanju-useva-u-secernoj-repi","12":"first","13":"instock","14":"shipping-taxable","15":"product-type-simple"},"_links":{"self":[{"href":"https:\/\/agrarpetrovic.rs\/en\/wp-json\/wp\/v2\/product\/5260","targetHints":{"allow":["GET"]}}],"collection":[{"href":"https:\/\/agrarpetrovic.rs\/en\/wp-json\/wp\/v2\/product"}],"about":[{"href":"https:\/\/agrarpetrovic.rs\/en\/wp-json\/wp\/v2\/types\/product"}],"wp:featuredmedia":[{"embeddable":true,"href":"https:\/\/agrarpetrovic.rs\/en\/wp-json\/wp\/v2\/media\/5281"}],"wp:attachment":[{"href":"https:\/\/agrarpetrovic.rs\/en\/wp-json\/wp\/v2\/media?parent=5260"}],"wp:term":[{"taxonomy":"product_brand","embeddable":true,"href":"https:\/\/agrarpetrovic.rs\/en\/wp-json\/wp\/v2\/product_brand?post=5260"},{"taxonomy":"product_cat","embeddable":true,"href":"https:\/\/agrarpetrovic.rs\/en\/wp-json\/wp\/v2\/product_cat?post=5260"},{"taxonomy":"product_tag","embeddable":true,"href":"https:\/\/agrarpetrovic.rs\/en\/wp-json\/wp\/v2\/product_tag?post=5260"}],"curies":[{"name":"wp","href":"https:\/\/api.w.org\/{rel}","templated":true}]}}