{"id":5262,"date":"2023-07-13T16:25:44","date_gmt":"2023-07-13T14:25:44","guid":{"rendered":"https:\/\/agrarpetrovic.rs\/?post_type=product&#038;p=5262"},"modified":"2023-07-13T16:25:48","modified_gmt":"2023-07-13T14:25:48","slug":"cheif-herbicid","status":"publish","type":"product","link":"https:\/\/agrarpetrovic.rs\/en\/proizvod\/cheif-herbicid\/","title":{"rendered":"Cheif &#8211; Herbicid"},"content":{"rendered":"<p>Primena<br \/>\nChief\u00ae je selektivni sistemi\u010dni herbicid namenjen za suzbijanje jednogodi\u0161njih i vi\u0161egodi\u0161njih \u0161irokolisnih korova.<br \/>\nU usevu kukuruza se primenjuje za suzbijanje jednogodi\u0161njih i vi\u0161egodi\u0161njih \u0161irokolisnih korova tretiranjem posle nicanja kada kukuruz ima 2-8 razvijenih listova, a korovi 2-6 razvijenih listova.<br \/>\nKoli\u010dina primene: 1-1,2 l\/ha<br \/>\nUtro\u0161ak vode: 200-400 l\/h<br \/>\nBroj tretiranja na istoj povr\u0161ini u toku godine: jednom<br \/>\nKarenca:\u00a0obezbe\u0111ena vremenom primene za kukuruz<\/p>","protected":false},"excerpt":{"rendered":"<p>Klasa: Herbicid<\/p>\n<p>Aktivna materija: Mezotrion 100 g\/l<\/p>\n<p>Formulacija: Koncentrovana suspenzija (SC)<\/p>\n<p>Proizvo\u0111a\u010d: Adama<\/p>\n<p>&nbsp;<\/p>","protected":false},"featured_media":5282,"template":"","meta":[],"product_brand":[],"product_cat":[203,208,204,207],"product_tag":[],"class_list":{"0":"post-5262","1":"product","2":"type-product","3":"status-publish","4":"has-post-thumbnail","6":"product_cat-herbicidi","7":"product_cat-herbicidi-protiv-sirokolisnih-korova","8":"product_cat-herbicidi-u-kukuruzu","9":"product_cat-post-em-po-nicanju-useva","11":"first","12":"instock","13":"shipping-taxable","14":"product-type-simple"},"_links":{"self":[{"href":"https:\/\/agrarpetrovic.rs\/en\/wp-json\/wp\/v2\/product\/5262","targetHints":{"allow":["GET"]}}],"collection":[{"href":"https:\/\/agrarpetrovic.rs\/en\/wp-json\/wp\/v2\/product"}],"about":[{"href":"https:\/\/agrarpetrovic.rs\/en\/wp-json\/wp\/v2\/types\/product"}],"wp:featuredmedia":[{"embeddable":true,"href":"https:\/\/agrarpetrovic.rs\/en\/wp-json\/wp\/v2\/media\/5282"}],"wp:attachment":[{"href":"https:\/\/agrarpetrovic.rs\/en\/wp-json\/wp\/v2\/media?parent=5262"}],"wp:term":[{"taxonomy":"product_brand","embeddable":true,"href":"https:\/\/agrarpetrovic.rs\/en\/wp-json\/wp\/v2\/product_brand?post=5262"},{"taxonomy":"product_cat","embeddable":true,"href":"https:\/\/agrarpetrovic.rs\/en\/wp-json\/wp\/v2\/product_cat?post=5262"},{"taxonomy":"product_tag","embeddable":true,"href":"https:\/\/agrarpetrovic.rs\/en\/wp-json\/wp\/v2\/product_tag?post=5262"}],"curies":[{"name":"wp","href":"https:\/\/api.w.org\/{rel}","templated":true}]}}