{"id":5265,"date":"2023-07-13T16:25:45","date_gmt":"2023-07-13T14:25:45","guid":{"rendered":"https:\/\/agrarpetrovic.rs\/?post_type=product&#038;p=5265"},"modified":"2023-07-13T16:25:50","modified_gmt":"2023-07-13T14:25:50","slug":"diler-herbicid","status":"publish","type":"product","link":"https:\/\/agrarpetrovic.rs\/en\/proizvod\/diler-herbicid\/","title":{"rendered":"Diler &#8211; Herbicid"},"content":{"rendered":"<p>Primena<br \/>\nDiler\u00ae\u00a0je selektivni sistemi\u010dni herbicid namenjen za suzbijanje jednogodi\u0161njih i vi\u0161egodi\u0161njih uskolisnih korova.<br \/>\nU usevu soje, suncokreta i \u0161e\u0107erne repe se primenjuje posle nicanja useva i korova.<\/p>\n<p>1. Za suzbijanje jednogodi\u0161njih uskolisnih korova:<br \/>\nkao \u0161to su proso korovsko (Echinochloa crus galli), muhari (Setaria spp.) i sirak divlji iz semena (Sorghum halepense) tretiranjem kada su korovi u fazi 3-5 listova, a najkasnije u fazi bokorenja.<br \/>\nKoli\u010dina primene: 0,8 l\/ha<\/p>\n<p>2. Za suzbijanje vi\u0161egodi\u0161njih uslokisnih korova:<br \/>\nza suzbijanje divljeg sirka iz rizoma (Sorghum halepense) tretiranjem kada je korov u fazi 3-5 listova (visina do 30 cm)<br \/>\nKoli\u010dina primene: 1,2 l\/ha<br \/>\nza suzbijanje pirevine obi\u010dne (Agropyrum repens) tretiranjem kada je korov visine 15-20 cm<br \/>\nKoli\u010dina primene: 2 l\/ha<\/p>\n<p>Utro\u0161ak vode: 200-400 l\/ha<br \/>\nBroj tretiranja na istoj povr\u0161ini u toku godine: jednom u<br \/>\nKarenca: obezbe\u0111ena vremenom primene za soju, suncokret i \u0161e\u0107ernu repu<\/p>","protected":false},"excerpt":{"rendered":"<p>Klasa: Herbicid<\/p>\n<p>Aktivna materija: Kletodim 120 g\/l<\/p>\n<p>Formulacija: Koncetrat za emulziju (SC)<\/p>\n<p>Proizvo\u0111a\u010d: Adama<\/p>","protected":false},"featured_media":5285,"template":"","meta":[],"product_brand":[],"product_cat":[203,267,263,265,210,211,212,264,266,262],"product_tag":[],"class_list":{"0":"post-5265","1":"product","2":"type-product","3":"status-publish","4":"has-post-thumbnail","6":"product_cat-herbicidi","7":"product_cat-herbicidi-protiv-uskolisnih-korova-u-suncokretu","8":"product_cat-herbicidi-protiv-uskolisnih-korova-u-secernoj-repi","9":"product_cat-herbicidi-protiv-uskolisnih-korova-u-soji","10":"product_cat-herbicidi-u-secernoj-repi","11":"product_cat-herbicidi-u-soji","12":"product_cat-herbicidi-u-suncokretu","13":"product_cat-post-em-po-nicanju-useva-u-soji","14":"product_cat-post-em-po-nicanju-useva-u-suncokretu","15":"product_cat-post-em-po-nicanju-useva-u-secernoj-repi","17":"first","18":"instock","19":"shipping-taxable","20":"product-type-simple"},"_links":{"self":[{"href":"https:\/\/agrarpetrovic.rs\/en\/wp-json\/wp\/v2\/product\/5265","targetHints":{"allow":["GET"]}}],"collection":[{"href":"https:\/\/agrarpetrovic.rs\/en\/wp-json\/wp\/v2\/product"}],"about":[{"href":"https:\/\/agrarpetrovic.rs\/en\/wp-json\/wp\/v2\/types\/product"}],"wp:featuredmedia":[{"embeddable":true,"href":"https:\/\/agrarpetrovic.rs\/en\/wp-json\/wp\/v2\/media\/5285"}],"wp:attachment":[{"href":"https:\/\/agrarpetrovic.rs\/en\/wp-json\/wp\/v2\/media?parent=5265"}],"wp:term":[{"taxonomy":"product_brand","embeddable":true,"href":"https:\/\/agrarpetrovic.rs\/en\/wp-json\/wp\/v2\/product_brand?post=5265"},{"taxonomy":"product_cat","embeddable":true,"href":"https:\/\/agrarpetrovic.rs\/en\/wp-json\/wp\/v2\/product_cat?post=5265"},{"taxonomy":"product_tag","embeddable":true,"href":"https:\/\/agrarpetrovic.rs\/en\/wp-json\/wp\/v2\/product_tag?post=5265"}],"curies":[{"name":"wp","href":"https:\/\/api.w.org\/{rel}","templated":true}]}}