{"id":5267,"date":"2023-07-13T16:25:45","date_gmt":"2023-07-13T14:25:45","guid":{"rendered":"https:\/\/agrarpetrovic.rs\/?post_type=product&#038;p=5267"},"modified":"2023-07-13T16:25:50","modified_gmt":"2023-07-13T14:25:50","slug":"rivulis-pro-tape-200mk-10cm-75l-2300m","status":"publish","type":"product","link":"https:\/\/agrarpetrovic.rs\/en\/proizvod\/rivulis-pro-tape-200mk-10cm-75l-2300m\/","title":{"rendered":"RIVULIS PRO-TAPE 200MK; 10CM; 7,5L; 2300M"},"content":{"rendered":"","protected":false},"excerpt":{"rendered":"<p>Pro Tape serija kapaju\u0107ih traka namenjena je za profesionalne poljoprivredne proizvo\u0111a\u010de. Rivulis je renomirana Francuska firma sa dugom tradicijom u proizvodnji sistema za navodnjavanje, a sama Pro Tape serija kapaju\u0107ih traka otkupljena je od John Deer-a, tako da je spajanjem dugog iskustva od obe kompanije nastao ovaj vrhunski proizvod. Na\u0161a firma je od 2018. godine ekskluzivni distributer za Srbiju.<\/p>","protected":false},"featured_media":5284,"template":"","meta":[],"product_brand":[],"product_cat":[314,193],"product_tag":[],"class_list":{"0":"post-5267","1":"product","2":"type-product","3":"status-publish","4":"has-post-thumbnail","6":"product_cat-kapajuce-trake","7":"product_cat-navodnjavanje","9":"first","10":"instock","11":"shipping-taxable","12":"product-type-simple"},"_links":{"self":[{"href":"https:\/\/agrarpetrovic.rs\/en\/wp-json\/wp\/v2\/product\/5267","targetHints":{"allow":["GET"]}}],"collection":[{"href":"https:\/\/agrarpetrovic.rs\/en\/wp-json\/wp\/v2\/product"}],"about":[{"href":"https:\/\/agrarpetrovic.rs\/en\/wp-json\/wp\/v2\/types\/product"}],"wp:featuredmedia":[{"embeddable":true,"href":"https:\/\/agrarpetrovic.rs\/en\/wp-json\/wp\/v2\/media\/5284"}],"wp:attachment":[{"href":"https:\/\/agrarpetrovic.rs\/en\/wp-json\/wp\/v2\/media?parent=5267"}],"wp:term":[{"taxonomy":"product_brand","embeddable":true,"href":"https:\/\/agrarpetrovic.rs\/en\/wp-json\/wp\/v2\/product_brand?post=5267"},{"taxonomy":"product_cat","embeddable":true,"href":"https:\/\/agrarpetrovic.rs\/en\/wp-json\/wp\/v2\/product_cat?post=5267"},{"taxonomy":"product_tag","embeddable":true,"href":"https:\/\/agrarpetrovic.rs\/en\/wp-json\/wp\/v2\/product_tag?post=5267"}],"curies":[{"name":"wp","href":"https:\/\/api.w.org\/{rel}","templated":true}]}}