{"id":5306,"date":"2023-07-13T16:25:59","date_gmt":"2023-07-13T14:25:59","guid":{"rendered":"https:\/\/agrarpetrovic.rs\/?post_type=product&#038;p=5306"},"modified":"2023-07-13T16:26:05","modified_gmt":"2023-07-13T14:26:05","slug":"folpan-50-wp-fungicid","status":"publish","type":"product","link":"https:\/\/agrarpetrovic.rs\/en\/proizvod\/folpan-50-wp-fungicid\/","title":{"rendered":"Folpan 50 WP &#8211; Fungicid"},"content":{"rendered":"<div id=\"p_p_id_56_INSTANCE_Cf7vulNSFmFm_\" class=\"portlet-boundary portlet-boundary_56_ portlet-static portlet-static-end portlet-borderless portlet-journal-content\">\n<div class=\"portlet-borderless-container\">\n<div class=\"portlet-body\">\n<div class=\"journal-content-article\">\n<article>\n<div class=\"adama-pw-product-body\">\n<div class=\"product-body-wrapper\">\n<p>Folpan<sup>\u00ae<\/sup> 50 WP je kontaktni fungicid sa protektivnim delovanjem.<\/p>\n<\/div>\n<\/div>\n<\/article>\n<\/div>\n<\/div>\n<\/div>\n<\/div>\n<section class=\"accordion-wrapper accordion-active\">\n<div class=\"accordion-body\">\n<div>\n<div>U zasadu jabuke i kru\u0161ke se primenjuje za suzbijanje prouzrokova\u010da \u010da\u0111ave pegavosti li\u0161\u0107a i krastavosti plodova jabuke i kru\u0161ke (<em>Venturia inequalis<\/em> i <em>Venturia pyrina<\/em>) tretiranjem pri pojavi simptoma bolesti ili prema preporuci prognozno-izve\u0161tajne slu\u017ebe.<\/div>\n<ul>\n<li>Koncentracija primene: 0,2 %<\/li>\n<li>Utro\u0161ak vode: 600-1000 l\/ha<\/li>\n<li>Broj tretiranja na istoj povr\u0161ini u toku godine: \u010detiri puta<\/li>\n<li>Karenca: 21 dan za jabuku i kru\u0161ku<\/li>\n<\/ul>\n<\/div>\n<\/div>\n<\/section>\n<section class=\"accordion-wrapper accordion-active\">\n<header class=\"accordion-header\"><\/header>\n<\/section>\n<section class=\"accordion-wrapper accordion-active\">\n<div class=\"accordion-body\">\n<div>\n<div>U zasadu \u0161ljive se primenjuje za suzbijanje prouzrokova\u010da\u00a0plamenja\u010de \u0161ljive (<em>Polystigma rubrum<\/em>) i prouzrokova\u010da r\u0111e (<em>Tranyschelia pruni-spinosae<\/em>)\u00a0tretiranjem pri pojavi simptoma bolesti ili prema preporuci prognozno-izve\u0161tajne slu\u017ebe.<\/div>\n<ul>\n<li>Koncentracija primene: 0,2 %<\/li>\n<li>Utro\u0161ak vode: 600-1000 l\/ha<\/li>\n<li>Broj tretiranja na istoj povr\u0161ini u toku godine: \u010detiri puta<\/li>\n<li>Karenca: 21 dan za \u0161ljivu<\/li>\n<\/ul>\n<\/div>\n<\/div>\n<\/section>\n<section class=\"accordion-wrapper accordion-active\">\n<header class=\"accordion-header\"><\/header>\n<\/section>\n<div class=\"accordion-body\">\n<div>\n<div>U zasadu vinove loze se primenjuje za suzbijanje:<\/div>\n<div><\/div>\n<div>\n<div>a) prouzrokova\u010da plamenja\u010de (<em>Plasmopara viticola<\/em>) tretiranjem pri pojavi simptoma bolesti ili prema preporuci prognozno-izve\u0161tajne slu\u017ebe.<\/div>\n<ul>\n<li>Koncentracija primene: 0,2 %<\/li>\n<\/ul>\n<\/div>\n<div>a) prouzrokova\u010da crvenila li\u0161\u0107a (<em>Pseudopeziza tracheiphila<\/em>)\u00a0tretiranjem pri pojavi simptoma bolesti ili prema preporuci prognozno-izve\u0161tajne slu\u017ebe.<\/div>\n<ul>\n<li>Koncentracija primene: 0,2-0,25 %<\/li>\n<\/ul>\n<ul>\n<li>Utro\u0161ak vode: 600-1000 l\/ha<\/li>\n<li>Broj tretiranja na istoj povr\u0161ini u toku godine: \u010detiri puta<\/li>\n<li>Karenca: 35 dana za vinovu lozu<\/li>\n<\/ul>\n<\/div>\n<\/div>","protected":false},"excerpt":{"rendered":"<p>Klasa: Fungicid<\/p>\n<p>Aktivna materija: Folpet 500 g\/kg<\/p>\n<p>Formulacija: Kva\u0161ljivi pra\u0161ak (WP)<\/p>\n<p>Proizvo\u0111a\u010d: Adama<\/p>","protected":false},"featured_media":5336,"template":"","meta":[],"product_brand":[],"product_cat":[219,224,227,291,223,230,221,222],"product_tag":[],"class_list":{"0":"post-5306","1":"product","2":"type-product","3":"status-publish","4":"has-post-thumbnail","6":"product_cat-fungicidi","7":"product_cat-fungicidi-protiv-cadjave-pegavosti-lista-i-krastavosti-plodova","8":"product_cat-fungicidi-protiv-plamenjace-u-vinovoj-lozi","9":"product_cat-fungicidi-protiv-plamenjace-sljive","10":"product_cat-fungicidi-u-jabucastom-vocu","11":"product_cat-fungicidi-u-kosticavom-vocu","12":"product_cat-fungicidi-u-vinovoj-lozi","13":"product_cat-fungicidi-u-vocarstvu","15":"first","16":"instock","17":"shipping-taxable","18":"product-type-simple"},"_links":{"self":[{"href":"https:\/\/agrarpetrovic.rs\/en\/wp-json\/wp\/v2\/product\/5306","targetHints":{"allow":["GET"]}}],"collection":[{"href":"https:\/\/agrarpetrovic.rs\/en\/wp-json\/wp\/v2\/product"}],"about":[{"href":"https:\/\/agrarpetrovic.rs\/en\/wp-json\/wp\/v2\/types\/product"}],"wp:featuredmedia":[{"embeddable":true,"href":"https:\/\/agrarpetrovic.rs\/en\/wp-json\/wp\/v2\/media\/5336"}],"wp:attachment":[{"href":"https:\/\/agrarpetrovic.rs\/en\/wp-json\/wp\/v2\/media?parent=5306"}],"wp:term":[{"taxonomy":"product_brand","embeddable":true,"href":"https:\/\/agrarpetrovic.rs\/en\/wp-json\/wp\/v2\/product_brand?post=5306"},{"taxonomy":"product_cat","embeddable":true,"href":"https:\/\/agrarpetrovic.rs\/en\/wp-json\/wp\/v2\/product_cat?post=5306"},{"taxonomy":"product_tag","embeddable":true,"href":"https:\/\/agrarpetrovic.rs\/en\/wp-json\/wp\/v2\/product_tag?post=5306"}],"curies":[{"name":"wp","href":"https:\/\/api.w.org\/{rel}","templated":true}]}}