{"id":5309,"date":"2023-07-13T16:26:00","date_gmt":"2023-07-13T14:26:00","guid":{"rendered":"https:\/\/agrarpetrovic.rs\/?post_type=product&#038;p=5309"},"modified":"2023-07-13T16:26:06","modified_gmt":"2023-07-13T14:26:06","slug":"pindstrup-300l-0-10","status":"publish","type":"product","link":"https:\/\/agrarpetrovic.rs\/en\/proizvod\/pindstrup-300l-0-10\/","title":{"rendered":"PINDSTRUP 300L 0-10"},"content":{"rendered":"<h2>Opis Proizvoda<\/h2>\n<p>Supstrat je zemlji\u0161te u koje sejemo seme i u kome mlada biljka treba da provede vreme do rasa\u0111ivanja. Samim tim \u0161to seme i mlada biljka moraju provesti dobar deo najosetljivije faze svog \u017eivota u supstratu, dovoljno govori koliko je zna\u010dajan njegov kvalitet. PINDSTRUP supstrate odlikuju slede\u0107e osobine: Oni su lagani, ne sadr\u017ee patogene, imaju regulisanu ph vrednost, imaju dobro regulisan vodno-vazdu\u0161ni re\u017eim i imaju dovoljno hrane za fazu kroz koju biljka treba da pro\u0111e. U proizvodnji paradajza, paprike i plavog patlid\u017eana koriste se supstrati za setvu i za pikiranje, dok kod proizvodnje krastavaca, dinja i lubenica nema pikiranja, tako da se koristi samo supstrat za setvu. Glavna razlika je u veli\u010dini \u010destica, tako da za setvu sitnijeg semena se koristi supstrat krupno\u0107e 0-6mm, a krupnija struktura 0-10mm za pikiranje istog. Kod krupnijeg semena poput krastavaca, dinja i lubenica zbog boljeg razvoja korena koristi se supstrat granulacije 0-20mm.<\/p>\n<p><img decoding=\"async\" src=\"http:\/\/www.virginia.rs\/images\/slike\/Pinstrup\/Podelasupstraata.png\" alt=\"Podelasupstraata\" \/><\/p>","protected":false},"excerpt":{"rendered":"<p>Organski supstrat. Usitnjena organska materija.<\/p>\n<p>Sadr\u017eaj: 60% crnog i 40% svetlog treseta. Idealan za setvu i pikiranje povr\u0107a u kontejnere\/\u010da\u0161e u zimskim i letnjim mesecima sa odli\u010dnim zadr\u017eavanjem vlage. Hraniva: 1,2kg NPK\/m3 i 0,05kg me\/m3. Takodje sadr\u017ei okva\u0161iva\u010d. Ph vrednost 6.0.<\/p>\n<p>Granulacija: 0 \u2013 10 mm<\/p>\n<p>Proizvodja\u010d: Pindstrup Mosebrug \u2013 Danska<\/p>","protected":false},"featured_media":5338,"template":"","meta":[],"product_brand":[],"product_cat":[195],"product_tag":[],"class_list":{"0":"post-5309","1":"product","2":"type-product","3":"status-publish","4":"has-post-thumbnail","6":"product_cat-supstrati-i-kontejneri-za-rasad","8":"first","9":"instock","10":"shipping-taxable","11":"product-type-simple"},"_links":{"self":[{"href":"https:\/\/agrarpetrovic.rs\/en\/wp-json\/wp\/v2\/product\/5309","targetHints":{"allow":["GET"]}}],"collection":[{"href":"https:\/\/agrarpetrovic.rs\/en\/wp-json\/wp\/v2\/product"}],"about":[{"href":"https:\/\/agrarpetrovic.rs\/en\/wp-json\/wp\/v2\/types\/product"}],"wp:featuredmedia":[{"embeddable":true,"href":"https:\/\/agrarpetrovic.rs\/en\/wp-json\/wp\/v2\/media\/5338"}],"wp:attachment":[{"href":"https:\/\/agrarpetrovic.rs\/en\/wp-json\/wp\/v2\/media?parent=5309"}],"wp:term":[{"taxonomy":"product_brand","embeddable":true,"href":"https:\/\/agrarpetrovic.rs\/en\/wp-json\/wp\/v2\/product_brand?post=5309"},{"taxonomy":"product_cat","embeddable":true,"href":"https:\/\/agrarpetrovic.rs\/en\/wp-json\/wp\/v2\/product_cat?post=5309"},{"taxonomy":"product_tag","embeddable":true,"href":"https:\/\/agrarpetrovic.rs\/en\/wp-json\/wp\/v2\/product_tag?post=5309"}],"curies":[{"name":"wp","href":"https:\/\/api.w.org\/{rel}","templated":true}]}}