{"id":5312,"date":"2023-07-13T16:26:01","date_gmt":"2023-07-13T14:26:01","guid":{"rendered":"https:\/\/agrarpetrovic.rs\/?post_type=product&#038;p=5312"},"modified":"2023-07-13T16:26:07","modified_gmt":"2023-07-13T14:26:07","slug":"klasman-ts-1-gruba-struktura","status":"publish","type":"product","link":"https:\/\/agrarpetrovic.rs\/en\/proizvod\/klasman-ts-1-gruba-struktura\/","title":{"rendered":"KLASMAN TS 1 GRUBA STRUKTURA"},"content":{"rendered":"","protected":false},"excerpt":{"rendered":"<p>Uz standardnu i grubu strukturu belog treseta (0-25mm, 10-25mm, 25-45mm), sadr\u017ei i tresetna vlakna strukture 0-70mm, \u0161to pobolj\u0161ava vazdu\u0161ni re\u017eim supstrata. Izra\u017eena grubo-vlaknasta struktura obezbe\u0111uje dobru drena\u017eu i \u010dini supstrat izuzetno pogodnim za proizvodnju listaju\u0107ih biljaka i \u017ebunastih kultura u saksijama zapremine preko 2 litre. pH vrednost 6, sadr\u017eaj \u0111ubriva 1 g\/lit, dodat okva\u0161iva\u010d.<\/p>","protected":false},"featured_media":5340,"template":"","meta":[],"product_brand":[],"product_cat":[195],"product_tag":[],"class_list":{"0":"post-5312","1":"product","2":"type-product","3":"status-publish","4":"has-post-thumbnail","6":"product_cat-supstrati-i-kontejneri-za-rasad","8":"first","9":"instock","10":"shipping-taxable","11":"product-type-simple"},"_links":{"self":[{"href":"https:\/\/agrarpetrovic.rs\/en\/wp-json\/wp\/v2\/product\/5312","targetHints":{"allow":["GET"]}}],"collection":[{"href":"https:\/\/agrarpetrovic.rs\/en\/wp-json\/wp\/v2\/product"}],"about":[{"href":"https:\/\/agrarpetrovic.rs\/en\/wp-json\/wp\/v2\/types\/product"}],"wp:featuredmedia":[{"embeddable":true,"href":"https:\/\/agrarpetrovic.rs\/en\/wp-json\/wp\/v2\/media\/5340"}],"wp:attachment":[{"href":"https:\/\/agrarpetrovic.rs\/en\/wp-json\/wp\/v2\/media?parent=5312"}],"wp:term":[{"taxonomy":"product_brand","embeddable":true,"href":"https:\/\/agrarpetrovic.rs\/en\/wp-json\/wp\/v2\/product_brand?post=5312"},{"taxonomy":"product_cat","embeddable":true,"href":"https:\/\/agrarpetrovic.rs\/en\/wp-json\/wp\/v2\/product_cat?post=5312"},{"taxonomy":"product_tag","embeddable":true,"href":"https:\/\/agrarpetrovic.rs\/en\/wp-json\/wp\/v2\/product_tag?post=5312"}],"curies":[{"name":"wp","href":"https:\/\/api.w.org\/{rel}","templated":true}]}}