{"id":5316,"date":"2023-07-13T16:26:01","date_gmt":"2023-07-13T14:26:01","guid":{"rendered":"https:\/\/agrarpetrovic.rs\/?post_type=product&#038;p=5316"},"modified":"2023-07-13T16:26:08","modified_gmt":"2023-07-13T14:26:08","slug":"klasman-ts-3-aquasave","status":"publish","type":"product","link":"https:\/\/agrarpetrovic.rs\/en\/proizvod\/klasman-ts-3-aquasave\/","title":{"rendered":"KLASMAN TS 3 AQUASAVE"},"content":{"rendered":"","protected":false},"excerpt":{"rendered":"<p>TS 3 AQUASAVE \u2013\u00a0<strong>NOVO<\/strong>!<\/p>\n<p>Za proizvodnju rasada povr\u0107a. Me\u0161avina belog sphagnum (80%) i crnog (20%) treseta. Sadr\u017eaj \u0111ubriva 1.5 g\/l. Sa\u00a0 okva\u0161iva\u010dem. Veoma fine strukture 0 \u2013 5mm.<\/p>","protected":false},"featured_media":5342,"template":"","meta":[],"product_brand":[],"product_cat":[195],"product_tag":[],"class_list":{"0":"post-5316","1":"product","2":"type-product","3":"status-publish","4":"has-post-thumbnail","6":"product_cat-supstrati-i-kontejneri-za-rasad","8":"first","9":"instock","10":"shipping-taxable","11":"product-type-simple"},"_links":{"self":[{"href":"https:\/\/agrarpetrovic.rs\/en\/wp-json\/wp\/v2\/product\/5316","targetHints":{"allow":["GET"]}}],"collection":[{"href":"https:\/\/agrarpetrovic.rs\/en\/wp-json\/wp\/v2\/product"}],"about":[{"href":"https:\/\/agrarpetrovic.rs\/en\/wp-json\/wp\/v2\/types\/product"}],"wp:featuredmedia":[{"embeddable":true,"href":"https:\/\/agrarpetrovic.rs\/en\/wp-json\/wp\/v2\/media\/5342"}],"wp:attachment":[{"href":"https:\/\/agrarpetrovic.rs\/en\/wp-json\/wp\/v2\/media?parent=5316"}],"wp:term":[{"taxonomy":"product_brand","embeddable":true,"href":"https:\/\/agrarpetrovic.rs\/en\/wp-json\/wp\/v2\/product_brand?post=5316"},{"taxonomy":"product_cat","embeddable":true,"href":"https:\/\/agrarpetrovic.rs\/en\/wp-json\/wp\/v2\/product_cat?post=5316"},{"taxonomy":"product_tag","embeddable":true,"href":"https:\/\/agrarpetrovic.rs\/en\/wp-json\/wp\/v2\/product_tag?post=5316"}],"curies":[{"name":"wp","href":"https:\/\/api.w.org\/{rel}","templated":true}]}}