{"id":5321,"date":"2023-07-13T16:26:01","date_gmt":"2023-07-13T14:26:01","guid":{"rendered":"https:\/\/agrarpetrovic.rs\/?post_type=product&#038;p=5321"},"modified":"2023-07-13T16:26:09","modified_gmt":"2023-07-13T14:26:09","slug":"klasman-ts-4-gruba-struktura-glina","status":"publish","type":"product","link":"https:\/\/agrarpetrovic.rs\/en\/proizvod\/klasman-ts-4-gruba-struktura-glina\/","title":{"rendered":"KLASMAN TS 4 GRUBA STRUKTURA + GLINA"},"content":{"rendered":"","protected":false},"excerpt":{"rendered":"<p>TS 4 GRUBA STRUKTURA (COARSE) + glina-\u00a0<strong>NOVO<\/strong>!<\/p>\n<p>Pogodan za proizvodnju ukrasnih i listaju\u0107ih biljaka u saksijama zapremine preko 2 litre. Sadr\u017ei 20 kg granula gline na 1 m3 zapremine. Uz standardnu i grubu strukturu belog treseta (0-25 mm, 10-25 mm, 25-45 mm), sadr\u017ei i tresetna vlakna strukture 0-70 mm, \u0161to pobolj\u0161ava vazdu\u0161ni re\u017eim supstrata. Data struktura daje na stabilnosti i dugotrajnosti supstrata, bez skupljanja i smanjenja zapremine. pH vrednost 6, sadr\u017eaj \u0111ubriva 1 g\/lit, dodat okva\u0161iva\u010d.<\/p>","protected":false},"featured_media":5343,"template":"","meta":[],"product_brand":[],"product_cat":[195],"product_tag":[],"class_list":{"0":"post-5321","1":"product","2":"type-product","3":"status-publish","4":"has-post-thumbnail","6":"product_cat-supstrati-i-kontejneri-za-rasad","8":"first","9":"instock","10":"shipping-taxable","11":"product-type-simple"},"_links":{"self":[{"href":"https:\/\/agrarpetrovic.rs\/en\/wp-json\/wp\/v2\/product\/5321","targetHints":{"allow":["GET"]}}],"collection":[{"href":"https:\/\/agrarpetrovic.rs\/en\/wp-json\/wp\/v2\/product"}],"about":[{"href":"https:\/\/agrarpetrovic.rs\/en\/wp-json\/wp\/v2\/types\/product"}],"wp:featuredmedia":[{"embeddable":true,"href":"https:\/\/agrarpetrovic.rs\/en\/wp-json\/wp\/v2\/media\/5343"}],"wp:attachment":[{"href":"https:\/\/agrarpetrovic.rs\/en\/wp-json\/wp\/v2\/media?parent=5321"}],"wp:term":[{"taxonomy":"product_brand","embeddable":true,"href":"https:\/\/agrarpetrovic.rs\/en\/wp-json\/wp\/v2\/product_brand?post=5321"},{"taxonomy":"product_cat","embeddable":true,"href":"https:\/\/agrarpetrovic.rs\/en\/wp-json\/wp\/v2\/product_cat?post=5321"},{"taxonomy":"product_tag","embeddable":true,"href":"https:\/\/agrarpetrovic.rs\/en\/wp-json\/wp\/v2\/product_tag?post=5321"}],"curies":[{"name":"wp","href":"https:\/\/api.w.org\/{rel}","templated":true}]}}