{"id":5322,"date":"2023-07-13T16:26:01","date_gmt":"2023-07-13T14:26:01","guid":{"rendered":"https:\/\/agrarpetrovic.rs\/?post_type=product&#038;p=5322"},"modified":"2023-07-13T16:26:10","modified_gmt":"2023-07-13T14:26:10","slug":"klasman-baltica","status":"publish","type":"product","link":"https:\/\/agrarpetrovic.rs\/en\/proizvod\/klasman-baltica\/","title":{"rendered":"KLASMAN BALTICA"},"content":{"rendered":"","protected":false},"excerpt":{"rendered":"<p><strong>Klasmann Baltica<\/strong><br \/>\nKlasmann Baltica je visokokvalitetni beli treset. Nema regulisanu pH vrednost, bez dodatog \u0111ubriva i mikroelemenata. Bez patogena, biljnih \u0161teto\u010dina i bolesti. Namenjen je za proizvodnju supstrata (samostalno pravljenje sme\u0161a) kao i za pobolj\u0161anje strukture zemlji\u0161ta. Da bi se pove\u0107ala pH vrednost na 6,0 potrebno je dodati 4 kg fino mlevenog kre\u010da na m3. Koristiti kre\u010d koji sadr\u017ei najmanje 80 % CaCO3. Izuzetno je va\u017eno proveriti pH vrednost sme\u0161e koju ste sami napravili pre kori\u0161\u0107enja.<br \/>\nPrirodni beli sphagnum treset bez aditiva i hraniva za pobolj\u0161anje kvaliteta zemlji\u0161ta i za samostalnu proizvodnju supstrata. pH 3,5 \u2013 4,5. Srednje strukture 0 \u2013 25 mm.<\/p>","protected":false},"featured_media":5344,"template":"","meta":[],"product_brand":[],"product_cat":[195],"product_tag":[],"class_list":{"0":"post-5322","1":"product","2":"type-product","3":"status-publish","4":"has-post-thumbnail","6":"product_cat-supstrati-i-kontejneri-za-rasad","8":"first","9":"instock","10":"shipping-taxable","11":"product-type-simple"},"_links":{"self":[{"href":"https:\/\/agrarpetrovic.rs\/en\/wp-json\/wp\/v2\/product\/5322","targetHints":{"allow":["GET"]}}],"collection":[{"href":"https:\/\/agrarpetrovic.rs\/en\/wp-json\/wp\/v2\/product"}],"about":[{"href":"https:\/\/agrarpetrovic.rs\/en\/wp-json\/wp\/v2\/types\/product"}],"wp:featuredmedia":[{"embeddable":true,"href":"https:\/\/agrarpetrovic.rs\/en\/wp-json\/wp\/v2\/media\/5344"}],"wp:attachment":[{"href":"https:\/\/agrarpetrovic.rs\/en\/wp-json\/wp\/v2\/media?parent=5322"}],"wp:term":[{"taxonomy":"product_brand","embeddable":true,"href":"https:\/\/agrarpetrovic.rs\/en\/wp-json\/wp\/v2\/product_brand?post=5322"},{"taxonomy":"product_cat","embeddable":true,"href":"https:\/\/agrarpetrovic.rs\/en\/wp-json\/wp\/v2\/product_cat?post=5322"},{"taxonomy":"product_tag","embeddable":true,"href":"https:\/\/agrarpetrovic.rs\/en\/wp-json\/wp\/v2\/product_tag?post=5322"}],"curies":[{"name":"wp","href":"https:\/\/api.w.org\/{rel}","templated":true}]}}