{"id":5323,"date":"2023-07-13T16:26:01","date_gmt":"2023-07-13T14:26:01","guid":{"rendered":"https:\/\/agrarpetrovic.rs\/?post_type=product&#038;p=5323"},"modified":"2023-07-13T16:26:11","modified_gmt":"2023-07-13T14:26:11","slug":"blumenerde-zemlja-za-cvece","status":"publish","type":"product","link":"https:\/\/agrarpetrovic.rs\/en\/proizvod\/blumenerde-zemlja-za-cvece\/","title":{"rendered":"BLUMENERDE ZEMLJA ZA CVE\u0106E"},"content":{"rendered":"","protected":false},"excerpt":{"rendered":"<p>Blumenerde vrhunska zemlja za cve\u0107e<\/p>\n<p>Univerzalna zemlja za cve\u0107e koristi se za sadnju i presa\u0111ivanje biljaka koje borave u stanu, na balkonu ili se nalaze u dvori\u0161tu.<\/p>\n<p>Prisustvo Guano \u0111ubriva obezbe\u0111uje dugotrajno snabdevanje biljaka hranljivim materijama. Prisutna visoko kvalitetna glina snabdeva biljku mikroelementima, upija vlagu i hranljive materije koje prema potrebi prenosi do korena biljaka.<\/p>\n<p>Prisustvo okva\u0161iva\u010da Aqua+ obezbe\u0111uje brzo usvajanje i raspodelu vode \u010dak i kada je zemlja suva.<\/p>\n<p>Pakovanje 5, 10, 20, 40 i 70 lit<\/p>","protected":false},"featured_media":5345,"template":"","meta":[],"product_brand":[],"product_cat":[195],"product_tag":[],"class_list":{"0":"post-5323","1":"product","2":"type-product","3":"status-publish","4":"has-post-thumbnail","6":"product_cat-supstrati-i-kontejneri-za-rasad","8":"first","9":"instock","10":"shipping-taxable","11":"product-type-simple"},"_links":{"self":[{"href":"https:\/\/agrarpetrovic.rs\/en\/wp-json\/wp\/v2\/product\/5323","targetHints":{"allow":["GET"]}}],"collection":[{"href":"https:\/\/agrarpetrovic.rs\/en\/wp-json\/wp\/v2\/product"}],"about":[{"href":"https:\/\/agrarpetrovic.rs\/en\/wp-json\/wp\/v2\/types\/product"}],"wp:featuredmedia":[{"embeddable":true,"href":"https:\/\/agrarpetrovic.rs\/en\/wp-json\/wp\/v2\/media\/5345"}],"wp:attachment":[{"href":"https:\/\/agrarpetrovic.rs\/en\/wp-json\/wp\/v2\/media?parent=5323"}],"wp:term":[{"taxonomy":"product_brand","embeddable":true,"href":"https:\/\/agrarpetrovic.rs\/en\/wp-json\/wp\/v2\/product_brand?post=5323"},{"taxonomy":"product_cat","embeddable":true,"href":"https:\/\/agrarpetrovic.rs\/en\/wp-json\/wp\/v2\/product_cat?post=5323"},{"taxonomy":"product_tag","embeddable":true,"href":"https:\/\/agrarpetrovic.rs\/en\/wp-json\/wp\/v2\/product_tag?post=5323"}],"curies":[{"name":"wp","href":"https:\/\/api.w.org\/{rel}","templated":true}]}}