{"id":5327,"date":"2023-07-13T16:26:01","date_gmt":"2023-07-13T14:26:01","guid":{"rendered":"https:\/\/agrarpetrovic.rs\/?post_type=product&#038;p=5327"},"modified":"2023-07-13T16:26:13","modified_gmt":"2023-07-13T14:26:13","slug":"motorni-atomizer-dm-14-pe","status":"publish","type":"product","link":"https:\/\/agrarpetrovic.rs\/en\/proizvod\/motorni-atomizer-dm-14-pe\/","title":{"rendered":"MOTORNI ATOMIZER DM 14 PE"},"content":{"rendered":"<h2>OPIS<\/h2>\n<p>Villager\u00ae DM 14 P i DM 14 PE su le\u0111ni atomizeri zapremine 14 litara. Pogodni za kori\u0161\u0107enje u vo\u0107arstvu. Opremljeni potisnom pumpom, proizvode maglu mikro\u010destica koje sa lako\u0107om dospevaju do najnedostupnijih delova biljke i time sam proces za\u0161tite \u010dine veoma efiksanim. Ergonomski dizajnirani, pru\u017ei\u0107e vi\u0161esatne radne turnuse bez zamaranja.<\/p>\n<p>Funkcije:<\/p>\n<ul>\n<li>Le\u0111ni model<\/li>\n<li>Atomizer<\/li>\n<\/ul>\n<p>Preporuka proizvo\u0111a\u010da:<\/p>\n<ul>\n<li>Koristiti sme\u0161u goriva i Villager 2T ulja u razmeri 40:1 (2.5%)<\/li>\n<\/ul>","protected":false},"excerpt":{"rendered":"<table class=\"table\">\n<thead>\n<tr>\n<th colspan=\"2\">Karakteristike<\/th>\n<\/tr>\n<\/thead>\n<tbody>\n<tr>\n<td>Kategorija<\/td>\n<td><strong>Motorne prskalice i atomizeri<\/strong><\/td>\n<\/tr>\n<tr>\n<td>Tip motora<\/td>\n<td><strong>Dvotaktni, vazdu\u0161no hla\u0111eni<\/strong><\/td>\n<\/tr>\n<tr>\n<td>Zapremina motora<\/td>\n<td><strong>51.7 cm\u00b3<\/strong><\/td>\n<\/tr>\n<tr>\n<td>Snaga motora \/ broj obrtaja<\/td>\n<td><strong>1.5 kW \/ 6500 rpm<\/strong><\/td>\n<\/tr>\n<tr>\n<td>Zapremina rezervoara za sredstvo<\/td>\n<td><strong>14 l<\/strong><\/td>\n<\/tr>\n<tr>\n<td>Domet<\/td>\n<td><strong>od 6 do 9 m<\/strong><\/td>\n<\/tr>\n<tr>\n<td>Tip pumpe<\/td>\n<td><strong>Potisna pumpa<\/strong><\/td>\n<\/tr>\n<tr>\n<td>Zapremina rezervoara za gorivo<\/td>\n<td><strong>1400 ml<\/strong><\/td>\n<\/tr>\n<tr>\n<td>Masa<\/td>\n<td><strong>11 kg<\/strong><\/td>\n<\/tr>\n<\/tbody>\n<\/table>","protected":false},"featured_media":5348,"template":"","meta":[],"product_brand":[],"product_cat":[216,311],"product_tag":[],"class_list":{"0":"post-5327","1":"product","2":"type-product","3":"status-publish","4":"has-post-thumbnail","6":"product_cat-garden-program","7":"product_cat-prskalice","9":"first","10":"instock","11":"shipping-taxable","12":"product-type-simple"},"_links":{"self":[{"href":"https:\/\/agrarpetrovic.rs\/en\/wp-json\/wp\/v2\/product\/5327","targetHints":{"allow":["GET"]}}],"collection":[{"href":"https:\/\/agrarpetrovic.rs\/en\/wp-json\/wp\/v2\/product"}],"about":[{"href":"https:\/\/agrarpetrovic.rs\/en\/wp-json\/wp\/v2\/types\/product"}],"wp:featuredmedia":[{"embeddable":true,"href":"https:\/\/agrarpetrovic.rs\/en\/wp-json\/wp\/v2\/media\/5348"}],"wp:attachment":[{"href":"https:\/\/agrarpetrovic.rs\/en\/wp-json\/wp\/v2\/media?parent=5327"}],"wp:term":[{"taxonomy":"product_brand","embeddable":true,"href":"https:\/\/agrarpetrovic.rs\/en\/wp-json\/wp\/v2\/product_brand?post=5327"},{"taxonomy":"product_cat","embeddable":true,"href":"https:\/\/agrarpetrovic.rs\/en\/wp-json\/wp\/v2\/product_cat?post=5327"},{"taxonomy":"product_tag","embeddable":true,"href":"https:\/\/agrarpetrovic.rs\/en\/wp-json\/wp\/v2\/product_tag?post=5327"}],"curies":[{"name":"wp","href":"https:\/\/api.w.org\/{rel}","templated":true}]}}