{"id":5349,"date":"2023-07-13T16:26:16","date_gmt":"2023-07-13T14:26:16","guid":{"rendered":"https:\/\/agrarpetrovic.rs\/?post_type=product&#038;p=5349"},"modified":"2023-07-13T16:26:19","modified_gmt":"2023-07-13T14:26:19","slug":"motorna-prskalica-na-kolicima-vs-30","status":"publish","type":"product","link":"https:\/\/agrarpetrovic.rs\/en\/proizvod\/motorna-prskalica-na-kolicima-vs-30\/","title":{"rendered":"MOTORNA PRSKALICA NA KOLICIMA VS 30"},"content":{"rendered":"<h2>OPIS<\/h2>\n<p>Villager\u00ae VS 30 je prskalica velikog kapaciteta namenjena upotrebi na velikim otvorenim povr\u0161inama. Sa rezervoarom od \u010dak 30 litara i agilnim dvotaktnim motorom snage 0.65 kW, sa sigurno\u0161\u0107u \u0107e obaviti i najzahtevnije agro-hemijske poslove. VS 30 poseduje i sopstvena kolica sa to\u010dkovima zarad lakog manevrisanja.<\/p>\n<p>Funkcije:<\/p>\n<ul>\n<li>Model na kolicima<\/li>\n<li>Du\u017eina creva 10 m<\/li>\n<\/ul>\n<p>Preporuka proizvo\u0111a\u010da:<\/p>\n<p>Koristiti sme\u0161u goriva i Villager 2T ulja u<br \/>\nrazmeri 40:1 (2.5%)<\/p>","protected":false},"excerpt":{"rendered":"<table class=\"table\">\n<thead>\n<tr>\n<th colspan=\"2\">Karakteristike<\/th>\n<\/tr>\n<\/thead>\n<tbody>\n<tr>\n<td>Kategorija<\/td>\n<td><strong>Motorne prskalice i atomizeri<\/strong><\/td>\n<\/tr>\n<tr>\n<td>Tip motora<\/td>\n<td><strong>Dvotaktni, vazdu\u0161no hla\u0111eni<\/strong><\/td>\n<\/tr>\n<tr>\n<td>Zapremina motora<\/td>\n<td><strong>25.6 cm\u00b3<\/strong><\/td>\n<\/tr>\n<tr>\n<td>Snaga motora \/ broj obrtaja<\/td>\n<td><strong>0.65 kW \/ 7500 rpm<\/strong><\/td>\n<\/tr>\n<tr>\n<td>Zapremina rezervoara za sredstvo<\/td>\n<td><strong>30 l<\/strong><\/td>\n<\/tr>\n<tr>\n<td>Radni pritisak<\/td>\n<td><strong>10 &#8211; 40 bar<\/strong><\/td>\n<\/tr>\n<tr>\n<td>Domet<\/td>\n<td><strong>od 9 do 12 m<\/strong><\/td>\n<\/tr>\n<tr>\n<td>Tip pumpe<\/td>\n<td><strong>Pumpa visokog pritiska<\/strong><\/td>\n<\/tr>\n<tr>\n<td>Zapremina rezervoara za gorivo<\/td>\n<td><strong>600 ml<\/strong><\/td>\n<\/tr>\n<tr>\n<td>Du\u017eina raspr\u0161iva\u010da (brenera)<\/td>\n<td><strong>350 mm<\/strong><\/td>\n<\/tr>\n<tr>\n<td>Masa<\/td>\n<td><strong>21 kg<\/strong><\/td>\n<\/tr>\n<\/tbody>\n<\/table>","protected":false},"featured_media":5379,"template":"","meta":[],"product_brand":[],"product_cat":[216,311],"product_tag":[],"class_list":{"0":"post-5349","1":"product","2":"type-product","3":"status-publish","4":"has-post-thumbnail","6":"product_cat-garden-program","7":"product_cat-prskalice","9":"first","10":"instock","11":"shipping-taxable","12":"product-type-simple"},"_links":{"self":[{"href":"https:\/\/agrarpetrovic.rs\/en\/wp-json\/wp\/v2\/product\/5349","targetHints":{"allow":["GET"]}}],"collection":[{"href":"https:\/\/agrarpetrovic.rs\/en\/wp-json\/wp\/v2\/product"}],"about":[{"href":"https:\/\/agrarpetrovic.rs\/en\/wp-json\/wp\/v2\/types\/product"}],"wp:featuredmedia":[{"embeddable":true,"href":"https:\/\/agrarpetrovic.rs\/en\/wp-json\/wp\/v2\/media\/5379"}],"wp:attachment":[{"href":"https:\/\/agrarpetrovic.rs\/en\/wp-json\/wp\/v2\/media?parent=5349"}],"wp:term":[{"taxonomy":"product_brand","embeddable":true,"href":"https:\/\/agrarpetrovic.rs\/en\/wp-json\/wp\/v2\/product_brand?post=5349"},{"taxonomy":"product_cat","embeddable":true,"href":"https:\/\/agrarpetrovic.rs\/en\/wp-json\/wp\/v2\/product_cat?post=5349"},{"taxonomy":"product_tag","embeddable":true,"href":"https:\/\/agrarpetrovic.rs\/en\/wp-json\/wp\/v2\/product_tag?post=5349"}],"curies":[{"name":"wp","href":"https:\/\/api.w.org\/{rel}","templated":true}]}}