{"id":5351,"date":"2023-07-13T16:26:16","date_gmt":"2023-07-13T14:26:16","guid":{"rendered":"https:\/\/agrarpetrovic.rs\/?post_type=product&#038;p=5351"},"modified":"2023-07-13T16:26:22","modified_gmt":"2023-07-13T14:26:22","slug":"kontejner-za-rasad-28-rupa-pora","status":"publish","type":"product","link":"https:\/\/agrarpetrovic.rs\/en\/proizvod\/kontejner-za-rasad-28-rupa-pora\/","title":{"rendered":"KONTEJNER ZA RASAD 28 RUPA PORA"},"content":{"rendered":"","protected":false},"excerpt":{"rendered":"<h5 id=\"u7183-5\" class=\"H1\">Plasti\u010dni kontejneri za rasad se koriste za rasa\u0111ivanje i jednostavno proklijavanje biljaka.<\/h5>\n<h5 id=\"u7183-7\" class=\"H1\">Za razliku od kontejnera koji se mogu na\u0107i u prodaji u Srbiji, a na kojima je rupa bu\u0161ena vrelom iglom na dnu ravne \u010da\u0161ice, \u0161to zatvara drena\u017eu kada se kontejner spusti na podlogu, rupe na PORA kontejnerima koje proizvodi Panex-Co su napravljene tako da se protok vode i supstrata odvija bez problema, zbog \u010dega je razvoj korenog sistema biljke neuporedivo bolji.<\/h5>\n<h5 id=\"u7183-9\" class=\"H1\">U ponudi se nalazi 8 standardnih modela, sa razli\u010ditim brojem otvora, pogodonih za razli\u010dite namene.<\/h5>\n<h1 id=\"u7183-10\" class=\"H1\"><\/h1>","protected":false},"featured_media":5381,"template":"","meta":[],"product_brand":[],"product_cat":[195],"product_tag":[],"class_list":{"0":"post-5351","1":"product","2":"type-product","3":"status-publish","4":"has-post-thumbnail","6":"product_cat-supstrati-i-kontejneri-za-rasad","8":"first","9":"instock","10":"shipping-taxable","11":"product-type-simple"},"_links":{"self":[{"href":"https:\/\/agrarpetrovic.rs\/en\/wp-json\/wp\/v2\/product\/5351","targetHints":{"allow":["GET"]}}],"collection":[{"href":"https:\/\/agrarpetrovic.rs\/en\/wp-json\/wp\/v2\/product"}],"about":[{"href":"https:\/\/agrarpetrovic.rs\/en\/wp-json\/wp\/v2\/types\/product"}],"wp:featuredmedia":[{"embeddable":true,"href":"https:\/\/agrarpetrovic.rs\/en\/wp-json\/wp\/v2\/media\/5381"}],"wp:attachment":[{"href":"https:\/\/agrarpetrovic.rs\/en\/wp-json\/wp\/v2\/media?parent=5351"}],"wp:term":[{"taxonomy":"product_brand","embeddable":true,"href":"https:\/\/agrarpetrovic.rs\/en\/wp-json\/wp\/v2\/product_brand?post=5351"},{"taxonomy":"product_cat","embeddable":true,"href":"https:\/\/agrarpetrovic.rs\/en\/wp-json\/wp\/v2\/product_cat?post=5351"},{"taxonomy":"product_tag","embeddable":true,"href":"https:\/\/agrarpetrovic.rs\/en\/wp-json\/wp\/v2\/product_tag?post=5351"}],"curies":[{"name":"wp","href":"https:\/\/api.w.org\/{rel}","templated":true}]}}