{"id":5369,"date":"2023-07-13T16:26:17","date_gmt":"2023-07-13T14:26:17","guid":{"rendered":"https:\/\/agrarpetrovic.rs\/?post_type=product&#038;p=5369"},"modified":"2023-07-13T16:26:40","modified_gmt":"2023-07-13T14:26:40","slug":"kapajuca-traka-hirro-200mik-30cm-2l-2500m","status":"publish","type":"product","link":"https:\/\/agrarpetrovic.rs\/en\/proizvod\/kapajuca-traka-hirro-200mik-30cm-2l-2500m\/","title":{"rendered":"KAPAJU\u0106A TRAKA HIRRO 200MIK; 30CM; 2L; 2500M"},"content":{"rendered":"<p>Pe\u0161tan HIRRO TAPE cevi za navodnjavanje omogu\u0107avaju ozbiljan i profesionalan pristup problemu navodnjavanja biljaka. U uslovima industrijske proizvodnje hrane radi se kompletan projekat Sistema navodnjavanja koji uzima u obzir sve detalje kao \u0161to je na primer:<\/p>\n<ul>\n<li>Potreba gajene kulture za vodom<\/li>\n<li>Vrsta tla koje se navodnjava<\/li>\n<li>Osun\u010danost pozicije<\/li>\n<li>Nagib terena<\/li>\n<\/ul>\n<p>I \u010ditav niz drugih parametara<\/p>\n<p>Sa svoje strane Pe\u0161tan omogu\u0107ava fino pode\u0161avanje protoka vode po kapaljci kombinacijom slede\u0107ih faktora:<\/p>\n<ul>\n<li>radnog pritiska u cevi<\/li>\n<li>protoka pojedina\u010dne kapaljke pri datom pritisku<\/li>\n<li>rastojanja izme\u0111u kapaljki<\/li>\n<\/ul>\n<p>Kupcu na raspolaganju stoje protoci od 0,6 l\/h, 1 l\/h I 1,5 l\/h\u00a0 po kapaljci\u00a0 pri radnom pritisku od 0,7 bar. Promenom radnog pritiska mogu\u0107e je ostvariti dodatne varijacije protoka. Osim toga mogu\u0107e je birati rastojanje izme\u0111u kapaljki od 10 cm, 20 cm, 30 cm ili 40 cm izme\u0111u dve kapaljke. Ovo omogu\u0107ava ogroman broj kombinacija i protoka tako da je mogu\u0107e izabrati cev za svaku situaciju.<\/p>\n<p>&nbsp;<\/p>","protected":false},"excerpt":{"rendered":"<p>Hirro TAPE cevi za navodnjavanje kap po kap proizvode se isklju\u010divo u pre\u010dniku od \u00a0\u00d8\u00a0 16 mm. Kupac u zavisnosti od svojih potreba mo\u017ee da bira izmedju 4 razli\u010dite debljine zida cevi \u2013 0,15 mm, 0,20 mm, 0,25 mm i 0,30 mm. Tako\u0111e mogu\u0107e je izabrati i \u017eeljeni protok vode po kapaljci i rastojanje izme\u0111u kapaljki.<\/p>","protected":false},"featured_media":5389,"template":"","meta":[],"product_brand":[],"product_cat":[314,193],"product_tag":[],"class_list":{"0":"post-5369","1":"product","2":"type-product","3":"status-publish","4":"has-post-thumbnail","6":"product_cat-kapajuce-trake","7":"product_cat-navodnjavanje","9":"first","10":"instock","11":"shipping-taxable","12":"product-type-simple"},"_links":{"self":[{"href":"https:\/\/agrarpetrovic.rs\/en\/wp-json\/wp\/v2\/product\/5369","targetHints":{"allow":["GET"]}}],"collection":[{"href":"https:\/\/agrarpetrovic.rs\/en\/wp-json\/wp\/v2\/product"}],"about":[{"href":"https:\/\/agrarpetrovic.rs\/en\/wp-json\/wp\/v2\/types\/product"}],"wp:featuredmedia":[{"embeddable":true,"href":"https:\/\/agrarpetrovic.rs\/en\/wp-json\/wp\/v2\/media\/5389"}],"wp:attachment":[{"href":"https:\/\/agrarpetrovic.rs\/en\/wp-json\/wp\/v2\/media?parent=5369"}],"wp:term":[{"taxonomy":"product_brand","embeddable":true,"href":"https:\/\/agrarpetrovic.rs\/en\/wp-json\/wp\/v2\/product_brand?post=5369"},{"taxonomy":"product_cat","embeddable":true,"href":"https:\/\/agrarpetrovic.rs\/en\/wp-json\/wp\/v2\/product_cat?post=5369"},{"taxonomy":"product_tag","embeddable":true,"href":"https:\/\/agrarpetrovic.rs\/en\/wp-json\/wp\/v2\/product_tag?post=5369"}],"curies":[{"name":"wp","href":"https:\/\/api.w.org\/{rel}","templated":true}]}}