{"id":5373,"date":"2023-07-13T16:26:17","date_gmt":"2023-07-13T14:26:17","guid":{"rendered":"https:\/\/agrarpetrovic.rs\/?post_type=product&#038;p=5373"},"modified":"2023-07-13T16:26:41","modified_gmt":"2023-07-13T14:26:41","slug":"mirage-45-ec-fungicid","status":"publish","type":"product","link":"https:\/\/agrarpetrovic.rs\/en\/proizvod\/mirage-45-ec-fungicid\/","title":{"rendered":"Mirage  45 EC &#8211; Fungicid"},"content":{"rendered":"<p>Primena<br \/>\nMirage\u00ae 45 EC je fungicid sa protektivnim i kurativnim delovanjem.<br \/>\nU zasadu vi\u0161nje se primenjuje za suzbijanje prouzrokova\u010da su\u0161enja cvetova, gran\u010dica i mrke trule\u017ei plodova ko\u0161ti\u010davog vo\u0107a (Monilia laxa) preventivnim tretiranjem od po\u010detka cvetanja do precvetavanja, pre ostvarenja uslova za zarazu.<br \/>\nKoli\u010dina primene: 0,5 l\/ha<br \/>\nUtro\u0161ak vode: 1000 l\/ha<br \/>\nBroj tretiranja na istoj povr\u0161ini u toku godine: dva puta<br \/>\nKarenca: obezbe\u0111ena vremenom primene za vi\u0161nju<\/p>\n<p>U usevu p\u0161enice i je\u010dma se primenjuje za suzbijanje prouzrokova\u010da sive pegavosti li\u0161\u0107a i plevica (Septoria tritici i S.nodorum), mre\u017easte pegavosti je\u010dma (Pyrenophora teres) i pepelnice strnih \u017eita (Blumeriela graminis) tretiranjem pri pojavi prvih simptoma oboljenja.<br \/>\nKoli\u010dina primene: 1 l\/ha<br \/>\nUtro\u0161ak vode: 200-400 l\/ha<br \/>\nBroj tretiranja na istoj povr\u0161ini u toku godine: dva puta<br \/>\nKarenca: 35 dana za p\u0161enicu i je\u010dam<\/p>","protected":false},"excerpt":{"rendered":"<p>Klasa: Fungicidi<\/p>\n<p>Aktivna materija: Prohloraz 450 g\/l<\/p>\n<p>Formulacija: Koncentrat za emulziju (EC)<\/p>\n<p>Proizvo\u0111a\u010d:Adama<\/p>","protected":false},"featured_media":5412,"template":"","meta":[],"product_brand":[],"product_cat":[219,231,242,243,230,239,240,222,202],"product_tag":[],"class_list":{"0":"post-5373","1":"product","2":"type-product","3":"status-publish","4":"has-post-thumbnail","6":"product_cat-fungicidi","7":"product_cat-fungicidi-protiv-monilia-spp","8":"product_cat-fungicidi-protiv-pegavosti-lista-i-klasa","9":"product_cat-fungicidi-protiv-pepelnice-u-strnim-zitima","10":"product_cat-fungicidi-u-kosticavom-vocu","11":"product_cat-fungicidi-u-ratarstvu","12":"product_cat-fungicidi-u-strnim-zitima","13":"product_cat-fungicidi-u-vocarstvu","14":"product_cat-zastita-bilja","16":"first","17":"instock","18":"shipping-taxable","19":"product-type-simple"},"_links":{"self":[{"href":"https:\/\/agrarpetrovic.rs\/en\/wp-json\/wp\/v2\/product\/5373","targetHints":{"allow":["GET"]}}],"collection":[{"href":"https:\/\/agrarpetrovic.rs\/en\/wp-json\/wp\/v2\/product"}],"about":[{"href":"https:\/\/agrarpetrovic.rs\/en\/wp-json\/wp\/v2\/types\/product"}],"wp:featuredmedia":[{"embeddable":true,"href":"https:\/\/agrarpetrovic.rs\/en\/wp-json\/wp\/v2\/media\/5412"}],"wp:attachment":[{"href":"https:\/\/agrarpetrovic.rs\/en\/wp-json\/wp\/v2\/media?parent=5373"}],"wp:term":[{"taxonomy":"product_brand","embeddable":true,"href":"https:\/\/agrarpetrovic.rs\/en\/wp-json\/wp\/v2\/product_brand?post=5373"},{"taxonomy":"product_cat","embeddable":true,"href":"https:\/\/agrarpetrovic.rs\/en\/wp-json\/wp\/v2\/product_cat?post=5373"},{"taxonomy":"product_tag","embeddable":true,"href":"https:\/\/agrarpetrovic.rs\/en\/wp-json\/wp\/v2\/product_tag?post=5373"}],"curies":[{"name":"wp","href":"https:\/\/api.w.org\/{rel}","templated":true}]}}