{"id":5423,"date":"2023-07-13T16:26:50","date_gmt":"2023-07-13T14:26:50","guid":{"rendered":"https:\/\/agrarpetrovic.rs\/?post_type=product&#038;p=5423"},"modified":"2023-07-13T16:26:53","modified_gmt":"2023-07-13T14:26:53","slug":"uredjaj-za-pranje-vhw-100","status":"publish","type":"product","link":"https:\/\/agrarpetrovic.rs\/en\/proizvod\/uredjaj-za-pranje-vhw-100\/","title":{"rendered":"URE\u0110AJ ZA PRANJE VHW 100"},"content":{"rendered":"<h2>OPIS<\/h2>\n<p>Pouzdani pera\u010di na hladnu vodu prilago\u0111eni za \u010di\u0161\u0107enje razli\u010ditih vrsta prljav\u0161tine. Kompaktne i svestrane ma\u0161ine odli\u010dne za \u010di\u0161\u0107enje staza, prilaznih puteva, dvori\u0161ta, terasa, za pranje automobila i servisa, stepenica i drugih povr\u0161ina. Izuzetno fleksibilni, brzo se sastavljaju, sa dosta dodatne opreme o\u010disti\u0107e i najupornije ne\u010disto\u0107e. Bolje performanse \u010di\u0161\u0107enja uz manju potro\u0161nju vode.<\/p>\n<p>Funkcije:<\/p>\n<ul>\n<li>Turbo mlaznica<\/li>\n<li>Integrisana posuda za deterd\u017eent<\/li>\n<\/ul>\n<p>&nbsp;<\/p>","protected":false},"excerpt":{"rendered":"<table class=\"table\">\n<thead>\n<tr>\n<th colspan=\"2\">Karakteristike<\/th>\n<\/tr>\n<\/thead>\n<tbody>\n<tr>\n<td>Kategorija<\/td>\n<td><strong>Pera\u010di<\/strong><\/td>\n<\/tr>\n<tr>\n<td>Tip motora<\/td>\n<td><strong>Indukcioni elektro-motor<\/strong><\/td>\n<\/tr>\n<tr>\n<td>Radni napon<\/td>\n<td><strong>230 V ~ 50 Hz<\/strong><\/td>\n<\/tr>\n<tr>\n<td>Priklju\u010dna snaga<\/td>\n<td><strong>1800 W<\/strong><\/td>\n<\/tr>\n<tr>\n<td>Radni pritisak<\/td>\n<td><strong>90 bara<\/strong><\/td>\n<\/tr>\n<tr>\n<td>Maks. pritisak<\/td>\n<td><strong>135 bar<\/strong><\/td>\n<\/tr>\n<tr>\n<td>Maks. protok<\/td>\n<td><strong>432 l\/h<\/strong><\/td>\n<\/tr>\n<tr>\n<td>Maks. temperatura vode<\/td>\n<td><strong>50\u00b0C<\/strong><\/td>\n<\/tr>\n<tr>\n<td>Du\u017eina creva<\/td>\n<td><strong>5 m<\/strong><\/td>\n<\/tr>\n<tr>\n<td>Du\u017eina kabla<\/td>\n<td><strong>5 m<\/strong><\/td>\n<\/tr>\n<tr>\n<td>Masa<\/td>\n<td><strong>17 kg<\/strong><\/td>\n<\/tr>\n<\/tbody>\n<\/table>","protected":false},"featured_media":5453,"template":"","meta":[],"product_brand":[],"product_cat":[216,317],"product_tag":[],"class_list":{"0":"post-5423","1":"product","2":"type-product","3":"status-publish","4":"has-post-thumbnail","6":"product_cat-garden-program","7":"product_cat-peraci","9":"first","10":"instock","11":"shipping-taxable","12":"product-type-simple"},"_links":{"self":[{"href":"https:\/\/agrarpetrovic.rs\/en\/wp-json\/wp\/v2\/product\/5423","targetHints":{"allow":["GET"]}}],"collection":[{"href":"https:\/\/agrarpetrovic.rs\/en\/wp-json\/wp\/v2\/product"}],"about":[{"href":"https:\/\/agrarpetrovic.rs\/en\/wp-json\/wp\/v2\/types\/product"}],"wp:featuredmedia":[{"embeddable":true,"href":"https:\/\/agrarpetrovic.rs\/en\/wp-json\/wp\/v2\/media\/5453"}],"wp:attachment":[{"href":"https:\/\/agrarpetrovic.rs\/en\/wp-json\/wp\/v2\/media?parent=5423"}],"wp:term":[{"taxonomy":"product_brand","embeddable":true,"href":"https:\/\/agrarpetrovic.rs\/en\/wp-json\/wp\/v2\/product_brand?post=5423"},{"taxonomy":"product_cat","embeddable":true,"href":"https:\/\/agrarpetrovic.rs\/en\/wp-json\/wp\/v2\/product_cat?post=5423"},{"taxonomy":"product_tag","embeddable":true,"href":"https:\/\/agrarpetrovic.rs\/en\/wp-json\/wp\/v2\/product_tag?post=5423"}],"curies":[{"name":"wp","href":"https:\/\/api.w.org\/{rel}","templated":true}]}}