{"id":5427,"date":"2023-07-13T16:26:50","date_gmt":"2023-07-13T14:26:50","guid":{"rendered":"https:\/\/agrarpetrovic.rs\/?post_type=product&#038;p=5427"},"modified":"2023-07-13T16:26:55","modified_gmt":"2023-07-13T14:26:55","slug":"uredjaj-za-pranje-vhw-150","status":"publish","type":"product","link":"https:\/\/agrarpetrovic.rs\/en\/proizvod\/uredjaj-za-pranje-vhw-150\/","title":{"rendered":"URE\u0110AJ ZA PRANJE VHW 150"},"content":{"rendered":"<h2>OPIS<\/h2>\n<p>U gami Villager ure\u0111aja za pranje posebno mesto zauzima model VHW 150 H koji se isti\u010de pre svega svojim performansama, kvalitetom i dizajnom. Naime radi se o uredjaju koji je tehni\u010dki opremljen dizel gorionikom koji ima funkciju zagrevanja vode do 90 stepeni. Samim tim \u0161to ima mogu\u0107nost zagrevanja vode mo\u017ee se koristiti i u zahtevnijim poslovima pranja zama\u0161\u0107enih povr\u0161ina, a u zimskim mesecima i zaledjenih.<\/p>\n<p>Funkcije::<\/p>\n<ul>\n<li>Greja\u010d za vodu<\/li>\n<li>Veliki to\u010dkovi za lako manevrisanje<\/li>\n<li>Glicerinski manometar<\/li>\n<\/ul>\n<p>&nbsp;<\/p>","protected":false},"excerpt":{"rendered":"<table class=\"table\">\n<thead>\n<tr>\n<th colspan=\"2\">Karakteristike<\/th>\n<\/tr>\n<\/thead>\n<tbody>\n<tr>\n<td>Kategorija<\/td>\n<td><strong>Pera\u010di<\/strong><\/td>\n<\/tr>\n<tr>\n<td>Tip motora<\/td>\n<td><strong>Elektro-motor<\/strong><\/td>\n<\/tr>\n<tr>\n<td>Radni napon<\/td>\n<td><strong>230 V ~ 50 Hz<\/strong><\/td>\n<\/tr>\n<tr>\n<td>Priklju\u010dna snaga<\/td>\n<td><strong>3000 W<\/strong><\/td>\n<\/tr>\n<tr>\n<td>Radni pritisak<\/td>\n<td><strong>130 bari<\/strong><\/td>\n<\/tr>\n<tr>\n<td>Tip greja\u010da za vodu<\/td>\n<td><strong>Dizel gorionik sa by-pass ventilom<\/strong><\/td>\n<\/tr>\n<tr>\n<td>Grejna snaga gorionika<\/td>\n<td><strong>38 kW<\/strong><\/td>\n<\/tr>\n<tr>\n<td>Zapremina rezervoara za gorivo<\/td>\n<td><strong>14 l<\/strong><\/td>\n<\/tr>\n<tr>\n<td>Maks. pritisak<\/td>\n<td><strong>150 bar<\/strong><\/td>\n<\/tr>\n<tr>\n<td>Maks. protok<\/td>\n<td><strong>600 l\/h<\/strong><\/td>\n<\/tr>\n<tr>\n<td>Maks. temperatura vode<\/td>\n<td><strong>90\u00b0C<\/strong><\/td>\n<\/tr>\n<tr>\n<td>Du\u017eina creva<\/td>\n<td><strong>8 m<\/strong><\/td>\n<\/tr>\n<tr>\n<td>Masa<\/td>\n<td><strong>54 kg<\/strong><\/td>\n<\/tr>\n<\/tbody>\n<\/table>","protected":false},"featured_media":5456,"template":"","meta":[],"product_brand":[],"product_cat":[216,317],"product_tag":[],"class_list":{"0":"post-5427","1":"product","2":"type-product","3":"status-publish","4":"has-post-thumbnail","6":"product_cat-garden-program","7":"product_cat-peraci","9":"first","10":"instock","11":"shipping-taxable","12":"product-type-simple"},"_links":{"self":[{"href":"https:\/\/agrarpetrovic.rs\/en\/wp-json\/wp\/v2\/product\/5427","targetHints":{"allow":["GET"]}}],"collection":[{"href":"https:\/\/agrarpetrovic.rs\/en\/wp-json\/wp\/v2\/product"}],"about":[{"href":"https:\/\/agrarpetrovic.rs\/en\/wp-json\/wp\/v2\/types\/product"}],"wp:featuredmedia":[{"embeddable":true,"href":"https:\/\/agrarpetrovic.rs\/en\/wp-json\/wp\/v2\/media\/5456"}],"wp:attachment":[{"href":"https:\/\/agrarpetrovic.rs\/en\/wp-json\/wp\/v2\/media?parent=5427"}],"wp:term":[{"taxonomy":"product_brand","embeddable":true,"href":"https:\/\/agrarpetrovic.rs\/en\/wp-json\/wp\/v2\/product_brand?post=5427"},{"taxonomy":"product_cat","embeddable":true,"href":"https:\/\/agrarpetrovic.rs\/en\/wp-json\/wp\/v2\/product_cat?post=5427"},{"taxonomy":"product_tag","embeddable":true,"href":"https:\/\/agrarpetrovic.rs\/en\/wp-json\/wp\/v2\/product_tag?post=5427"}],"curies":[{"name":"wp","href":"https:\/\/api.w.org\/{rel}","templated":true}]}}