{"id":5430,"date":"2023-07-13T16:26:50","date_gmt":"2023-07-13T14:26:50","guid":{"rendered":"https:\/\/agrarpetrovic.rs\/?post_type=product&#038;p=5430"},"modified":"2023-07-13T16:26:58","modified_gmt":"2023-07-13T14:26:58","slug":"busac-zemlje-vph-43","status":"publish","type":"product","link":"https:\/\/agrarpetrovic.rs\/en\/proizvod\/busac-zemlje-vph-43\/","title":{"rendered":"BU\u0160A\u010c ZEMLJE VPH 43"},"content":{"rendered":"<h2>OPIS<\/h2>\n<p>Modeli VPH 43 je namenjen\u00a0pre svega za bu\u0161enje zemlje u manjem pre\u010dniku do 250mm.Naj\u010de\u0161\u0107e se koristi za postavljanje stubova kako u zasadima vinograda tako i zasadima vo\u0107a.<\/p>\n<p>Funkcije:<\/p>\n<ul>\n<li>Dvoru\u010dni model<\/li>\n<\/ul>\n<p>Preporuka proizvo\u0111a\u010da:<\/p>\n<ul>\n<li>Koristiti sme\u0161u goriva i Villager 2T ulja u razmeri 40:1 (2.5%)<\/li>\n<\/ul>","protected":false},"excerpt":{"rendered":"<table class=\"table\">\n<thead>\n<tr>\n<th colspan=\"2\">Karakteristike<\/th>\n<\/tr>\n<\/thead>\n<tbody>\n<tr>\n<td>Kategorija<\/td>\n<td><strong>Bu\u0161a\u010di zemlje<\/strong><\/td>\n<\/tr>\n<tr>\n<td>Tip motora<\/td>\n<td><strong>Dvotaktni, vazdu\u0161no hla\u0111eni<\/strong><\/td>\n<\/tr>\n<tr>\n<td>Zapremina motora<\/td>\n<td><strong>42.7 cm\u00b3<\/strong><\/td>\n<\/tr>\n<tr>\n<td>Snaga motora \/ broj obrtaja<\/td>\n<td><strong>1.25kW \/ 2900 rpm<\/strong><\/td>\n<\/tr>\n<tr>\n<td>Du\u017eina burgije<\/td>\n<td><strong>600 mm<\/strong><\/td>\n<\/tr>\n<tr>\n<td>Broj operatera<\/td>\n<td><strong>1<\/strong><\/td>\n<\/tr>\n<tr>\n<td>Pre\u010dnik burgije (\u00d8)<\/td>\n<td><strong>4<\/strong><\/td>\n<\/tr>\n<tr>\n<td>Rezervoar za gorivo<\/td>\n<td><strong>1000 ml<\/strong><\/td>\n<\/tr>\n<tr>\n<td>Masa<\/td>\n<td><strong>4.2 kg<\/strong><\/td>\n<\/tr>\n<tr>\n<td>Napomena<\/td>\n<td><strong>Burgije i opruge se kupuju odvojeno<\/strong><\/td>\n<\/tr>\n<\/tbody>\n<\/table>","protected":false},"featured_media":5459,"template":"","meta":[],"product_brand":[],"product_cat":[318,216],"product_tag":[],"class_list":{"0":"post-5430","1":"product","2":"type-product","3":"status-publish","4":"has-post-thumbnail","6":"product_cat-busaci-zemlje","7":"product_cat-garden-program","9":"first","10":"instock","11":"shipping-taxable","12":"product-type-simple"},"_links":{"self":[{"href":"https:\/\/agrarpetrovic.rs\/en\/wp-json\/wp\/v2\/product\/5430","targetHints":{"allow":["GET"]}}],"collection":[{"href":"https:\/\/agrarpetrovic.rs\/en\/wp-json\/wp\/v2\/product"}],"about":[{"href":"https:\/\/agrarpetrovic.rs\/en\/wp-json\/wp\/v2\/types\/product"}],"wp:featuredmedia":[{"embeddable":true,"href":"https:\/\/agrarpetrovic.rs\/en\/wp-json\/wp\/v2\/media\/5459"}],"wp:attachment":[{"href":"https:\/\/agrarpetrovic.rs\/en\/wp-json\/wp\/v2\/media?parent=5430"}],"wp:term":[{"taxonomy":"product_brand","embeddable":true,"href":"https:\/\/agrarpetrovic.rs\/en\/wp-json\/wp\/v2\/product_brand?post=5430"},{"taxonomy":"product_cat","embeddable":true,"href":"https:\/\/agrarpetrovic.rs\/en\/wp-json\/wp\/v2\/product_cat?post=5430"},{"taxonomy":"product_tag","embeddable":true,"href":"https:\/\/agrarpetrovic.rs\/en\/wp-json\/wp\/v2\/product_tag?post=5430"}],"curies":[{"name":"wp","href":"https:\/\/api.w.org\/{rel}","templated":true}]}}