{"id":5433,"date":"2023-07-13T16:26:50","date_gmt":"2023-07-13T14:26:50","guid":{"rendered":"https:\/\/agrarpetrovic.rs\/?post_type=product&#038;p=5433"},"modified":"2023-07-13T16:27:00","modified_gmt":"2023-07-13T14:27:00","slug":"sejalica-na-tockovima-vws-80","status":"publish","type":"product","link":"https:\/\/agrarpetrovic.rs\/en\/proizvod\/sejalica-na-tockovima-vws-80\/","title":{"rendered":"SEJALICA NA TO\u010cKOVIMA VWS 80"},"content":{"rendered":"<h2>OPIS<\/h2>\n<p>Villager\u00ae raspr\u0161iva\u010di i sejalice su alati koji imaju \u0161iroku primenu u poljoprivredi i hortikulturi (odli\u010dni su za sezonsko zatravljivanje dvori\u0161ta i vrtova).<\/p>","protected":false},"excerpt":{"rendered":"<table class=\"table\">\n<thead>\n<tr>\n<th colspan=\"2\">Karakteristike<\/th>\n<\/tr>\n<\/thead>\n<tbody>\n<tr>\n<td>Kategorija<\/td>\n<td><strong>Sejalice<\/strong><\/td>\n<\/tr>\n<tr>\n<td>Zapremina sejalice<\/td>\n<td><strong>29 l<\/strong><\/td>\n<\/tr>\n<tr>\n<td>Maks. pokrivenost<\/td>\n<td><strong>1500 m\u00b2<\/strong><\/td>\n<\/tr>\n<tr>\n<td>Maks. domet<\/td>\n<td><strong>3.65 m<\/strong><\/td>\n<\/tr>\n<tr>\n<td>Masa<\/td>\n<td><strong>10.4 kg<\/strong><\/td>\n<\/tr>\n<\/tbody>\n<\/table>","protected":false},"featured_media":5462,"template":"","meta":[],"product_brand":[],"product_cat":[216,319],"product_tag":[],"class_list":{"0":"post-5433","1":"product","2":"type-product","3":"status-publish","4":"has-post-thumbnail","6":"product_cat-garden-program","7":"product_cat-sejalice","9":"first","10":"instock","11":"shipping-taxable","12":"product-type-simple"},"_links":{"self":[{"href":"https:\/\/agrarpetrovic.rs\/en\/wp-json\/wp\/v2\/product\/5433","targetHints":{"allow":["GET"]}}],"collection":[{"href":"https:\/\/agrarpetrovic.rs\/en\/wp-json\/wp\/v2\/product"}],"about":[{"href":"https:\/\/agrarpetrovic.rs\/en\/wp-json\/wp\/v2\/types\/product"}],"wp:featuredmedia":[{"embeddable":true,"href":"https:\/\/agrarpetrovic.rs\/en\/wp-json\/wp\/v2\/media\/5462"}],"wp:attachment":[{"href":"https:\/\/agrarpetrovic.rs\/en\/wp-json\/wp\/v2\/media?parent=5433"}],"wp:term":[{"taxonomy":"product_brand","embeddable":true,"href":"https:\/\/agrarpetrovic.rs\/en\/wp-json\/wp\/v2\/product_brand?post=5433"},{"taxonomy":"product_cat","embeddable":true,"href":"https:\/\/agrarpetrovic.rs\/en\/wp-json\/wp\/v2\/product_cat?post=5433"},{"taxonomy":"product_tag","embeddable":true,"href":"https:\/\/agrarpetrovic.rs\/en\/wp-json\/wp\/v2\/product_tag?post=5433"}],"curies":[{"name":"wp","href":"https:\/\/api.w.org\/{rel}","templated":true}]}}