{"id":5434,"date":"2023-07-13T16:26:50","date_gmt":"2023-07-13T14:26:50","guid":{"rendered":"https:\/\/agrarpetrovic.rs\/?post_type=product&#038;p=5434"},"modified":"2023-07-13T16:27:01","modified_gmt":"2023-07-13T14:27:01","slug":"cistac-snega-elektricni-vest-1800","status":"publish","type":"product","link":"https:\/\/agrarpetrovic.rs\/en\/proizvod\/cistac-snega-elektricni-vest-1800\/","title":{"rendered":"\u010cISTA\u010c SNEGA ELEKTRI\u010cNI VEST 1800"},"content":{"rendered":"<h2>OPIS<\/h2>\n<p>VEST 1800 je veoma prakti\u010dan elektri\u010dni \u010dista\u010d snega lagane konstrukcije, tih (97 dB), pogodan za kori\u0161\u0107enje u blizini stambenih objekata (trotoari, pe\u0161a\u010dke staze i kolski prilazi).<\/p>","protected":false},"excerpt":{"rendered":"<table class=\"table\">\n<thead>\n<tr>\n<th colspan=\"2\">Karakteristike<\/th>\n<\/tr>\n<\/thead>\n<tbody>\n<tr>\n<td>Kategorija<\/td>\n<td><strong>\u010cista\u010di snega<\/strong><\/td>\n<\/tr>\n<tr>\n<td>Tip motora<\/td>\n<td><strong>Elektro-motor<\/strong><\/td>\n<\/tr>\n<tr>\n<td>Radni napon<\/td>\n<td><strong>230 V ~ 50 Hz<\/strong><\/td>\n<\/tr>\n<tr>\n<td>Priklju\u010dna snaga<\/td>\n<td><strong>1800 W<\/strong><\/td>\n<\/tr>\n<tr>\n<td>Radna \u0161irina<\/td>\n<td><strong>490 mm<\/strong><\/td>\n<\/tr>\n<tr>\n<td>Radna dubina<\/td>\n<td><strong>330 mm<\/strong><\/td>\n<\/tr>\n<tr>\n<td>Daljina izbacivanja<\/td>\n<td><strong>od 3 do 8 m<\/strong><\/td>\n<\/tr>\n<tr>\n<td>Broj obrtaja rotora<\/td>\n<td><strong>2000 rpm<\/strong><\/td>\n<\/tr>\n<tr>\n<td>Masa<\/td>\n<td><strong>16 kg<\/strong><\/td>\n<\/tr>\n<\/tbody>\n<\/table>","protected":false},"featured_media":5463,"template":"","meta":[],"product_brand":[],"product_cat":[320,216],"product_tag":[],"class_list":{"0":"post-5434","1":"product","2":"type-product","3":"status-publish","4":"has-post-thumbnail","6":"product_cat-cistaci-snega","7":"product_cat-garden-program","9":"first","10":"instock","11":"shipping-taxable","12":"product-type-simple"},"_links":{"self":[{"href":"https:\/\/agrarpetrovic.rs\/en\/wp-json\/wp\/v2\/product\/5434","targetHints":{"allow":["GET"]}}],"collection":[{"href":"https:\/\/agrarpetrovic.rs\/en\/wp-json\/wp\/v2\/product"}],"about":[{"href":"https:\/\/agrarpetrovic.rs\/en\/wp-json\/wp\/v2\/types\/product"}],"wp:featuredmedia":[{"embeddable":true,"href":"https:\/\/agrarpetrovic.rs\/en\/wp-json\/wp\/v2\/media\/5463"}],"wp:attachment":[{"href":"https:\/\/agrarpetrovic.rs\/en\/wp-json\/wp\/v2\/media?parent=5434"}],"wp:term":[{"taxonomy":"product_brand","embeddable":true,"href":"https:\/\/agrarpetrovic.rs\/en\/wp-json\/wp\/v2\/product_brand?post=5434"},{"taxonomy":"product_cat","embeddable":true,"href":"https:\/\/agrarpetrovic.rs\/en\/wp-json\/wp\/v2\/product_cat?post=5434"},{"taxonomy":"product_tag","embeddable":true,"href":"https:\/\/agrarpetrovic.rs\/en\/wp-json\/wp\/v2\/product_tag?post=5434"}],"curies":[{"name":"wp","href":"https:\/\/api.w.org\/{rel}","templated":true}]}}