{"id":5436,"date":"2023-07-13T16:26:50","date_gmt":"2023-07-13T14:26:50","guid":{"rendered":"https:\/\/agrarpetrovic.rs\/?post_type=product&#038;p=5436"},"modified":"2023-07-13T16:27:02","modified_gmt":"2023-07-13T14:27:02","slug":"cistac-snega-motorni-vst-50","status":"publish","type":"product","link":"https:\/\/agrarpetrovic.rs\/en\/proizvod\/cistac-snega-motorni-vst-50\/","title":{"rendered":"\u010cISTA\u010c SNEGA MOTORNI VST 50"},"content":{"rendered":"<h2>OPIS<\/h2>\n<p>Najmanji motorni \u010dista\u010d snega u Villager asortimanu, kompaktan i izuzetno efikasan u radu na ekstremno niskim temperaturama. Radnim zahvatom od 535 mm ostavi\u0107e bez daha i one zahtevnije korisnike. Izuzetno mobilan i lak za manipulaciju omogu\u0107i\u0107e Vam brzo i efikasno \u010di\u0161\u0107enje snega i preme\u0161tanje sne\u017enih nanosa tamo gde Vi to \u017eelite.<\/p>\n<p>Funkcije:<\/p>\n<ul>\n<li>Potezni starter<\/li>\n<li>Pode\u0161avanje daljine izbacivanja<\/li>\n<\/ul>","protected":false},"excerpt":{"rendered":"<table class=\"table\">\n<thead>\n<tr>\n<th colspan=\"2\">Karakteristike<\/th>\n<\/tr>\n<\/thead>\n<tbody>\n<tr>\n<td>Kategorija<\/td>\n<td><strong>\u010cista\u010di snega<\/strong><\/td>\n<\/tr>\n<tr>\n<td>Tip motora<\/td>\n<td><strong>\u010cetvorotaktni, vazdu\u0161no hla\u0111eni<\/strong><\/td>\n<\/tr>\n<tr>\n<td>Zapremina motora<\/td>\n<td><strong>196 cm\u00b3<\/strong><\/td>\n<\/tr>\n<tr>\n<td>Snaga motora \/ broj obrtaja<\/td>\n<td><strong>3.8 kW \/ 3600 rpm<\/strong><\/td>\n<\/tr>\n<tr>\n<td>Radna \u0161irina<\/td>\n<td><strong>535 mm<\/strong><\/td>\n<\/tr>\n<tr>\n<td>Radna dubina<\/td>\n<td><strong>510 mm<\/strong><\/td>\n<\/tr>\n<tr>\n<td>Daljina izbacivanja<\/td>\n<td><strong>od 5 do 11 m<\/strong><\/td>\n<\/tr>\n<tr>\n<td>Pre\u010dnik to\u010dkova<\/td>\n<td><strong>330 mm<\/strong><\/td>\n<\/tr>\n<tr>\n<td>Broj brzina napred<\/td>\n<td><strong>4<\/strong><\/td>\n<\/tr>\n<tr>\n<td>Broj brzina nazad<\/td>\n<td><strong>1<\/strong><\/td>\n<\/tr>\n<tr>\n<td>Masa<\/td>\n<td><strong>60 kg<\/strong><\/td>\n<\/tr>\n<\/tbody>\n<\/table>","protected":false},"featured_media":5465,"template":"","meta":[],"product_brand":[],"product_cat":[320,216],"product_tag":[],"class_list":{"0":"post-5436","1":"product","2":"type-product","3":"status-publish","4":"has-post-thumbnail","6":"product_cat-cistaci-snega","7":"product_cat-garden-program","9":"first","10":"instock","11":"shipping-taxable","12":"product-type-simple"},"_links":{"self":[{"href":"https:\/\/agrarpetrovic.rs\/en\/wp-json\/wp\/v2\/product\/5436","targetHints":{"allow":["GET"]}}],"collection":[{"href":"https:\/\/agrarpetrovic.rs\/en\/wp-json\/wp\/v2\/product"}],"about":[{"href":"https:\/\/agrarpetrovic.rs\/en\/wp-json\/wp\/v2\/types\/product"}],"wp:featuredmedia":[{"embeddable":true,"href":"https:\/\/agrarpetrovic.rs\/en\/wp-json\/wp\/v2\/media\/5465"}],"wp:attachment":[{"href":"https:\/\/agrarpetrovic.rs\/en\/wp-json\/wp\/v2\/media?parent=5436"}],"wp:term":[{"taxonomy":"product_brand","embeddable":true,"href":"https:\/\/agrarpetrovic.rs\/en\/wp-json\/wp\/v2\/product_brand?post=5436"},{"taxonomy":"product_cat","embeddable":true,"href":"https:\/\/agrarpetrovic.rs\/en\/wp-json\/wp\/v2\/product_cat?post=5436"},{"taxonomy":"product_tag","embeddable":true,"href":"https:\/\/agrarpetrovic.rs\/en\/wp-json\/wp\/v2\/product_tag?post=5436"}],"curies":[{"name":"wp","href":"https:\/\/api.w.org\/{rel}","templated":true}]}}