{"id":5444,"date":"2023-07-13T16:26:51","date_gmt":"2023-07-13T14:26:51","guid":{"rendered":"https:\/\/agrarpetrovic.rs\/?post_type=product&#038;p=5444"},"modified":"2023-07-13T16:27:07","modified_gmt":"2023-07-13T14:27:07","slug":"mavrik-insekticid","status":"publish","type":"product","link":"https:\/\/agrarpetrovic.rs\/en\/proizvod\/mavrik-insekticid\/","title":{"rendered":"Mavrik &#8211; Insekticid"},"content":{"rendered":"<p>Primena<br \/>\nMavrik\u00ae je insekticid sa kontaktnim i digestivnim delovanjem.<br \/>\nU zasadu jabuke se primenjuje\u00a0za suzbijanje rutave bube (Tropinota hirta) tretiranjem u vreme cvetanja jabuke pri pojavi imaga.<br \/>\nKoli\u010dina primene:\u00a00,3 l\/ha<br \/>\nUtro\u0161ak vode: 1000 l\/ha<br \/>\nBroj tretiranja na istoj povr\u0161ini u toku godine: dva puta<br \/>\nKarenca: obezbe\u0111ena vremenom primene za jabuku<\/p>\n<p>U zasadu breskve se primenjuje za suzbijanje breskvine lisne va\u0161i (Myzus persicae). Prvo tretiranje izvr\u0161iti u prole\u0107e pri pojavi prvih kolonija ili kada se kolonije va\u0161i spajaju, drugo tretiranje izvr\u0161iti najkasnije 21 dan pre berbe (karenca).<br \/>\nKoncentracija primene: 0,03%<br \/>\nUtro\u0161ak vode: 600-1000 l\/ha<br \/>\nBroj tretiranja na istoj povr\u0161ini u toku godine: dva puta<br \/>\nKarenca: 21 dan za breskvu<\/p>\n<p>U usevu p\u0161enice se primenjuje za suzbijanje \u017eitne pijavice (Lema melanopus) tretiranjem u vreme prisustva mla\u0111ih uzrasta larvi, \u017eitne stenice (Eurygaster maura, E. austriaca, Aelia sp.) i tripsa (Thrips sp.) tretiranjem kada se utvrdi prisustvo \u0161teto\u010dine.<br \/>\nKoli\u010dina primene: 0,15 l\/ha<br \/>\nUtro\u0161ak vode: 200-400 l\/ha<br \/>\nBroj tretiranja na istoj povr\u0161ini u toku godine: dva puta<br \/>\nKarenca: 28 dana za p\u0161enicu<\/p>\n<p>U usevu uljane repice se primenjuje za suzbijanje repi\u010dinog sjajnika (Meligethes aeneus) tretiranjem u fazi po\u010detka cvetanja uljane repice. Prag ekonomske \u0161tetnosti u fazi terminalnog pupoljkaje je 1-1,5 imaga po cvasti, a pri diferenciranim pupoljcima je 2-3 imaga po cvasti.<br \/>\nKoli\u010dina primene: 0,15-0,2 l\/ha<br \/>\nUtro\u0161ak vode: 400 l\/ha<br \/>\nBroj tretiranja na istoj povr\u0161ini u toku godine: dva puta<br \/>\nKarenca: 56 dana za uljanu repicu<\/p>\n<p>U usevu paprike se primenjuje za suzbijanje breskvine lisne va\u0161i (Myzus persicae). Prvo tretiranje izvr\u0161iti pre cvetanja pri pojavi prvih kolonija, a drugo tretiranje nakon 7 dana.<br \/>\nKoncentracija primene: 0,03%<br \/>\nUtro\u0161ak vode: 300-400 l\/ha<br \/>\nBroj tretiranja na istoj povr\u0161ini u toku godine: dva puta<br \/>\nKarenca: 21 dan za papriku<\/p>\n<p>U usevu kupusa i karfiola se primenjuje za suzbijanje kupusove lisne va\u0161i (Brevicoryne brassicae) tretiranjem na po\u010detku formiranja kolonija; malog kupusara (Pieris rapae) tretiranjem u vreme masovnog piljenja gusenica, a pre razvoja gusenica IV stupnja; kupusnog moljca (Plutella xylostella) tretiranjem u vreme masovnog piljenja gusenica, a pre razvoja gusenica III stupnja.<br \/>\nKoli\u010dina primene: 0,3 l\/ha<br \/>\nUtro\u0161ak vode: 200-400 l\/ha<br \/>\nBroj tretiranja na istoj povr\u0161ini u toku godine: dva puta<br \/>\nKarenca: 7 dana za kupus i karfiol<\/p>","protected":false},"excerpt":{"rendered":"<p>Klasa: Insekticidi<\/p>\n<p>Aktivna materija: Tau-fluvalinat 240 g\/l<\/p>\n<p>Formulacija: Emulzija ulje u vodi (EW)<\/p>\n<p>Proizvo\u0111a\u010d: Adama<\/p>","protected":false},"featured_media":5473,"template":"","meta":[],"product_brand":[],"product_cat":[234,202],"product_tag":[],"class_list":{"0":"post-5444","1":"product","2":"type-product","3":"status-publish","4":"has-post-thumbnail","6":"product_cat-insekticidi","7":"product_cat-zastita-bilja","9":"first","10":"instock","11":"shipping-taxable","12":"product-type-simple"},"_links":{"self":[{"href":"https:\/\/agrarpetrovic.rs\/en\/wp-json\/wp\/v2\/product\/5444","targetHints":{"allow":["GET"]}}],"collection":[{"href":"https:\/\/agrarpetrovic.rs\/en\/wp-json\/wp\/v2\/product"}],"about":[{"href":"https:\/\/agrarpetrovic.rs\/en\/wp-json\/wp\/v2\/types\/product"}],"wp:featuredmedia":[{"embeddable":true,"href":"https:\/\/agrarpetrovic.rs\/en\/wp-json\/wp\/v2\/media\/5473"}],"wp:attachment":[{"href":"https:\/\/agrarpetrovic.rs\/en\/wp-json\/wp\/v2\/media?parent=5444"}],"wp:term":[{"taxonomy":"product_brand","embeddable":true,"href":"https:\/\/agrarpetrovic.rs\/en\/wp-json\/wp\/v2\/product_brand?post=5444"},{"taxonomy":"product_cat","embeddable":true,"href":"https:\/\/agrarpetrovic.rs\/en\/wp-json\/wp\/v2\/product_cat?post=5444"},{"taxonomy":"product_tag","embeddable":true,"href":"https:\/\/agrarpetrovic.rs\/en\/wp-json\/wp\/v2\/product_tag?post=5444"}],"curies":[{"name":"wp","href":"https:\/\/api.w.org\/{rel}","templated":true}]}}