{"id":5448,"date":"2023-07-13T16:26:51","date_gmt":"2023-07-13T14:26:51","guid":{"rendered":"https:\/\/agrarpetrovic.rs\/?post_type=product&#038;p=5448"},"modified":"2023-07-13T16:27:08","modified_gmt":"2023-07-13T14:27:08","slug":"vezivo-tip-500-tornado-extra","status":"publish","type":"product","link":"https:\/\/agrarpetrovic.rs\/en\/proizvod\/vezivo-tip-500-tornado-extra\/","title":{"rendered":"VEZIVO TIP 500 TORNADO EXTRA"},"content":{"rendered":"<div id=\"pgc-44-2-0\" class=\"panel-grid-cell\">\n<div id=\"panel-44-2-0-0\" class=\"so-panel widget widget_black-studio-tinymce widget_black_studio_tinymce panel-first-child panel-last-child\" data-index=\"1\">\n<div class=\"textwidget\">\n<div class=\"su-table su-table-alternate\">\n<table>\n<tbody>\n<tr>\n<td>TIP<\/td>\n<td>REALNA DU\u017dINA (m\/kg)<\/td>\n<td>TE\u017dINA \u0160PULNE (kg)<\/td>\n<td>PREKIDNA \u010cVRSTO\u0106A (daN)<\/td>\n<td>\u010cVRSTO\u0106A ISTEZANJA (daN)<\/td>\n<td>ELASTI\u010cNOST (%)<\/td>\n<\/tr>\n<tr>\n<td>130<\/td>\n<td>115<\/td>\n<td>9<\/td>\n<td>410<\/td>\n<td>230<\/td>\n<td>8-10<\/td>\n<\/tr>\n<tr>\n<td>150<\/td>\n<td>130<\/td>\n<td>9<\/td>\n<td>350<\/td>\n<td>198<\/td>\n<td>8-10<\/td>\n<\/tr>\n<tr>\n<td>320<\/td>\n<td>300<\/td>\n<td>5<\/td>\n<td>180<\/td>\n<td>101<\/td>\n<td>8-10<\/td>\n<\/tr>\n<tr>\n<td>350<\/td>\n<td>320<\/td>\n<td>5<\/td>\n<td>150<\/td>\n<td>84<\/td>\n<td>8-10<\/td>\n<\/tr>\n<tr>\n<td>400<\/td>\n<td>380<\/td>\n<td>5<\/td>\n<td>129<\/td>\n<td>73<\/td>\n<td>8-10<\/td>\n<\/tr>\n<tr>\n<td>500<\/td>\n<td>450<\/td>\n<td>5<\/td>\n<td>100<\/td>\n<td>56<\/td>\n<td>8-10<\/td>\n<\/tr>\n<tr>\n<td>750<\/td>\n<td>700<\/td>\n<td>5<\/td>\n<td>75<\/td>\n<td>42<\/td>\n<td>8-10<\/td>\n<\/tr>\n<tr>\n<td>800<\/td>\n<td>800<\/td>\n<td>2<\/td>\n<td>63<\/td>\n<td>35<\/td>\n<td>8-10<\/td>\n<\/tr>\n<tr>\n<td>1200<\/td>\n<td>1100<\/td>\n<td>2<\/td>\n<td>56<\/td>\n<td>32<\/td>\n<td>8-10<\/td>\n<\/tr>\n<\/tbody>\n<\/table>\n<\/div>\n<\/div>\n<\/div>\n<\/div>\n<div id=\"pgc-44-2-1\" class=\"panel-grid-cell panel-grid-cell-empty panel-grid-cell-mobile-last\"><\/div>","protected":false},"excerpt":{"rendered":"<p>Najvi\u0161e upotrebljavano polipropilensko vezivo izra\u0111eno od fibrilirane folije plave boje, sa \u0161irokom paletom debljina, namenjeno za baliranje deteline, sena, slame i travne sila\u017ee, sa slede\u0107im prednostima:<\/p>\n<p>&#8211; odli\u010dna prekidna \u010dvrsto\u0107a i \u010dvrsto\u0107a istezanja<br \/>\n&#8211; meko\u0107a veziva<br \/>\n&#8211; odli\u010dno vo\u0111enje preko vodilica<br \/>\n&#8211; UV stabilizacija<br \/>\n&#8211; glatka povr\u0161ina<br \/>\n&#8211; besprekorno namotavanje<br \/>\n&#8211; prakti\u010dno pakovanje<\/p>","protected":false},"featured_media":5477,"template":"","meta":[],"product_brand":[],"product_cat":[312,321],"product_tag":[],"class_list":{"0":"post-5448","1":"product","2":"type-product","3":"status-publish","4":"has-post-thumbnail","6":"product_cat-folije-i-veziva","7":"product_cat-veziva","9":"first","10":"instock","11":"shipping-taxable","12":"product-type-simple"},"_links":{"self":[{"href":"https:\/\/agrarpetrovic.rs\/en\/wp-json\/wp\/v2\/product\/5448","targetHints":{"allow":["GET"]}}],"collection":[{"href":"https:\/\/agrarpetrovic.rs\/en\/wp-json\/wp\/v2\/product"}],"about":[{"href":"https:\/\/agrarpetrovic.rs\/en\/wp-json\/wp\/v2\/types\/product"}],"wp:featuredmedia":[{"embeddable":true,"href":"https:\/\/agrarpetrovic.rs\/en\/wp-json\/wp\/v2\/media\/5477"}],"wp:attachment":[{"href":"https:\/\/agrarpetrovic.rs\/en\/wp-json\/wp\/v2\/media?parent=5448"}],"wp:term":[{"taxonomy":"product_brand","embeddable":true,"href":"https:\/\/agrarpetrovic.rs\/en\/wp-json\/wp\/v2\/product_brand?post=5448"},{"taxonomy":"product_cat","embeddable":true,"href":"https:\/\/agrarpetrovic.rs\/en\/wp-json\/wp\/v2\/product_cat?post=5448"},{"taxonomy":"product_tag","embeddable":true,"href":"https:\/\/agrarpetrovic.rs\/en\/wp-json\/wp\/v2\/product_tag?post=5448"}],"curies":[{"name":"wp","href":"https:\/\/api.w.org\/{rel}","templated":true}]}}