{"id":5480,"date":"2023-07-13T16:27:19","date_gmt":"2023-07-13T14:27:19","guid":{"rendered":"https:\/\/agrarpetrovic.rs\/?post_type=product&#038;p=5480"},"modified":"2023-07-13T16:27:26","modified_gmt":"2023-07-13T14:27:26","slug":"vezivo-tip-320-mak-italplast","status":"publish","type":"product","link":"https:\/\/agrarpetrovic.rs\/en\/proizvod\/vezivo-tip-320-mak-italplast\/","title":{"rendered":"VEZIVO TIP 320 MAK-ITALPLAST"},"content":{"rendered":"","protected":false},"excerpt":{"rendered":"<p>Proizvedeno od \u010diste sirovine polipropilena namenjeno za baliranje sena, slame i drugih setvenih ostataka.<br \/>\nKarakteri\u0161 se sa odli\u010dna prekidna \u010dvrsto\u0107a i \u010dvrsto\u0107a istezanja, meko\u0107a veziva, odli\u010dno vo\u0111enje preko vodilica, glatka povr\u0161ina, besprekorno namotavanjev<\/p>","protected":false},"featured_media":5510,"template":"","meta":[],"product_brand":[],"product_cat":[312,321],"product_tag":[],"class_list":{"0":"post-5480","1":"product","2":"type-product","3":"status-publish","4":"has-post-thumbnail","6":"product_cat-folije-i-veziva","7":"product_cat-veziva","9":"first","10":"instock","11":"shipping-taxable","12":"product-type-simple"},"_links":{"self":[{"href":"https:\/\/agrarpetrovic.rs\/en\/wp-json\/wp\/v2\/product\/5480","targetHints":{"allow":["GET"]}}],"collection":[{"href":"https:\/\/agrarpetrovic.rs\/en\/wp-json\/wp\/v2\/product"}],"about":[{"href":"https:\/\/agrarpetrovic.rs\/en\/wp-json\/wp\/v2\/types\/product"}],"wp:featuredmedia":[{"embeddable":true,"href":"https:\/\/agrarpetrovic.rs\/en\/wp-json\/wp\/v2\/media\/5510"}],"wp:attachment":[{"href":"https:\/\/agrarpetrovic.rs\/en\/wp-json\/wp\/v2\/media?parent=5480"}],"wp:term":[{"taxonomy":"product_brand","embeddable":true,"href":"https:\/\/agrarpetrovic.rs\/en\/wp-json\/wp\/v2\/product_brand?post=5480"},{"taxonomy":"product_cat","embeddable":true,"href":"https:\/\/agrarpetrovic.rs\/en\/wp-json\/wp\/v2\/product_cat?post=5480"},{"taxonomy":"product_tag","embeddable":true,"href":"https:\/\/agrarpetrovic.rs\/en\/wp-json\/wp\/v2\/product_tag?post=5480"}],"curies":[{"name":"wp","href":"https:\/\/api.w.org\/{rel}","templated":true}]}}