{"id":5483,"date":"2023-07-13T16:27:19","date_gmt":"2023-07-13T14:27:19","guid":{"rendered":"https:\/\/agrarpetrovic.rs\/?post_type=product&#038;p=5483"},"modified":"2023-07-13T16:27:27","modified_gmt":"2023-07-13T14:27:27","slug":"mreza-za-zasenu-zelena-35-4x100m-gerovit","status":"publish","type":"product","link":"https:\/\/agrarpetrovic.rs\/en\/proizvod\/mreza-za-zasenu-zelena-35-4x100m-gerovit\/","title":{"rendered":"MRE\u017dA ZA ZASENU ZELENA 35% 4X100M GEROVIT"},"content":{"rendered":"","protected":false},"excerpt":{"rendered":"<p>Mre\u017ee za zasenu imaju sve ve\u0107u ulogu u intenzivnoj poljoprivrednoj proizvodnji. Cena mre\u017ee je uglavnom izra\u017eena po metru kvadratnom.<\/p>","protected":false},"featured_media":5511,"template":"","meta":[],"product_brand":[],"product_cat":[312,322],"product_tag":[],"class_list":{"0":"post-5483","1":"product","2":"type-product","3":"status-publish","4":"has-post-thumbnail","6":"product_cat-folije-i-veziva","7":"product_cat-mreze-za-zasenu","9":"first","10":"instock","11":"shipping-taxable","12":"product-type-simple"},"_links":{"self":[{"href":"https:\/\/agrarpetrovic.rs\/en\/wp-json\/wp\/v2\/product\/5483","targetHints":{"allow":["GET"]}}],"collection":[{"href":"https:\/\/agrarpetrovic.rs\/en\/wp-json\/wp\/v2\/product"}],"about":[{"href":"https:\/\/agrarpetrovic.rs\/en\/wp-json\/wp\/v2\/types\/product"}],"wp:featuredmedia":[{"embeddable":true,"href":"https:\/\/agrarpetrovic.rs\/en\/wp-json\/wp\/v2\/media\/5511"}],"wp:attachment":[{"href":"https:\/\/agrarpetrovic.rs\/en\/wp-json\/wp\/v2\/media?parent=5483"}],"wp:term":[{"taxonomy":"product_brand","embeddable":true,"href":"https:\/\/agrarpetrovic.rs\/en\/wp-json\/wp\/v2\/product_brand?post=5483"},{"taxonomy":"product_cat","embeddable":true,"href":"https:\/\/agrarpetrovic.rs\/en\/wp-json\/wp\/v2\/product_cat?post=5483"},{"taxonomy":"product_tag","embeddable":true,"href":"https:\/\/agrarpetrovic.rs\/en\/wp-json\/wp\/v2\/product_tag?post=5483"}],"curies":[{"name":"wp","href":"https:\/\/api.w.org\/{rel}","templated":true}]}}