{"id":5489,"date":"2023-07-13T16:27:19","date_gmt":"2023-07-13T14:27:19","guid":{"rendered":"https:\/\/agrarpetrovic.rs\/?post_type=product&#038;p=5489"},"modified":"2023-07-13T16:27:29","modified_gmt":"2023-07-13T14:27:29","slug":"agrotekstil","status":"publish","type":"product","link":"https:\/\/agrarpetrovic.rs\/en\/proizvod\/agrotekstil\/","title":{"rendered":"AGROTEKSTIL"},"content":{"rendered":"<p>PP agrotekstilne tkane podloge spre\u010davaju rast korova\u00a0i isklju\u010duju potrebu primene herbicida. Odlikuje ih odli\u010dna\u00a0propustljivost za vodu i spre\u010davanje prodiranja korenovog sistema\u00a0u zemlji\u0161te. Izra\u0111ene su od UV stabilizovanog polipropilena\u00a0visoke trajnosti. Na povr\u0161ini podloge postoje zelene aplikacije\u00a0u vidu kvadrata koje daju i estetsku funkciju podloge. Koriste\u00a0se za pokrivanje zemlji\u0161ta u objektima za\u0161ti\u0107enog prostora i\u00a0na otvorenom polju. Ova podloga je prakti\u010dno nezamenljivi\u00a0deo rasadnika, vrtnih centara. U poslednje vreme koriste se za\u00a0nastiranje vi\u0161egodi\u0161njih zasada u prvom redu jagodastog vo\u0107a,\u00a0poput borovnice i maline.<\/p>","protected":false},"excerpt":{"rendered":"<p>Ove podloge se izra\u0111uju u razli\u010ditim:<\/p>\n<p>\u2013 debljinama: 80, 90, 100, 110, 130 g\/m<sup>2<\/sup>\u00a0ali naj\u010de\u0161\u0107e se\u00a0koriste podloge specifi\u010dne te\u017eine 90 g\/m<sup>2<\/sup>.<br \/>\n\u2013 \u0161irinama 2,1; 4,2; i 5,25 m<br \/>\n\u2013 bojama: crna i bela<\/p>","protected":false},"featured_media":5515,"template":"","meta":[],"product_brand":[],"product_cat":[312,313],"product_tag":[],"class_list":{"0":"post-5489","1":"product","2":"type-product","3":"status-publish","4":"has-post-thumbnail","6":"product_cat-folije-i-veziva","7":"product_cat-malc-folije","9":"first","10":"instock","11":"shipping-taxable","12":"product-type-simple"},"_links":{"self":[{"href":"https:\/\/agrarpetrovic.rs\/en\/wp-json\/wp\/v2\/product\/5489","targetHints":{"allow":["GET"]}}],"collection":[{"href":"https:\/\/agrarpetrovic.rs\/en\/wp-json\/wp\/v2\/product"}],"about":[{"href":"https:\/\/agrarpetrovic.rs\/en\/wp-json\/wp\/v2\/types\/product"}],"wp:featuredmedia":[{"embeddable":true,"href":"https:\/\/agrarpetrovic.rs\/en\/wp-json\/wp\/v2\/media\/5515"}],"wp:attachment":[{"href":"https:\/\/agrarpetrovic.rs\/en\/wp-json\/wp\/v2\/media?parent=5489"}],"wp:term":[{"taxonomy":"product_brand","embeddable":true,"href":"https:\/\/agrarpetrovic.rs\/en\/wp-json\/wp\/v2\/product_brand?post=5489"},{"taxonomy":"product_cat","embeddable":true,"href":"https:\/\/agrarpetrovic.rs\/en\/wp-json\/wp\/v2\/product_cat?post=5489"},{"taxonomy":"product_tag","embeddable":true,"href":"https:\/\/agrarpetrovic.rs\/en\/wp-json\/wp\/v2\/product_tag?post=5489"}],"curies":[{"name":"wp","href":"https:\/\/api.w.org\/{rel}","templated":true}]}}