{"id":5497,"date":"2023-07-13T16:27:20","date_gmt":"2023-07-13T14:27:20","guid":{"rendered":"https:\/\/agrarpetrovic.rs\/?post_type=product&#038;p=5497"},"modified":"2025-10-23T11:54:55","modified_gmt":"2025-10-23T09:54:55","slug":"bellis-fungicid","status":"publish","type":"product","link":"https:\/\/agrarpetrovic.rs\/en\/proizvod\/bellis-fungicid\/","title":{"rendered":"Bellis &#8211; fungicid"},"content":{"rendered":"<p>PRIMENA: Bellis\u00aeje sistemi\u010dni fungicid sa preventivnim delovanjem.<\/p>\n<p>Primenjuje se folijarno, prskanjem ili oro\u0161avanjem, u zasadu jabuke za suzbijanje prouzrokova\u010da oboljenja: pepelnice jabuke (Podoshaera leucotricha), trule\u017ei plodova (Monilinia spp) i \u010da\u0111ave pegavosti li\u0161\u0107a i krastavosti plodova jabuke (Ven-turia inaequalis) i u zasadu kru\u0161ke za suzbijanje prouzrokova\u010da \u010da\u0111ave pegavosti li\u0161\u0107a i krastavosti plodova kru\u0161ke (Venturia pirina).<\/p>\n<p>Vreme primene: Za suzbijanje prouzrokova\u010da pepelnice jabuke (Podoshaera leucotricha): tokom vegetacije (BBCH 54-85), i to preventivno, pre sticanja uslova za sekundarno zara\u017eavanje.Za suzbijanje prouzrokova\u010da trule\u017ei plodova (Monilinia spp) primenjuje se tokom zrenja (faza 81-87 BBCH skale), preventivno.Za suzbijanje prouzrokova\u010da \u010da\u0111ave pegavosti li\u0161\u0107a i krastavosti plodova jabuke (Venturia inaequalis) tokom vegetacije (BBCH 54-85), i to preventivno, pre sticanja uslova za sekundarno zara\u017eavanje.Za suzbijanje prouzrokova\u010da i prouzrokova\u010da \u010da\u0111ave pegavosti li\u0161\u0107a i krastavosti plodova kru\u0161ke (Venturia pirina) tokom vegetacije (BBCH 54-85), i to preventivno, pre sticanja uslova za sekundarno zara\u017eavanje.Koli\u010dina primeme: 0,8 kg\/ha (8 g na 100 m2).<\/p>\n<p>Utro\u0161ak vode: 1000 L\/ha (10 L na 100 m2).Maksimalan broj tretiranja u toku godine na istoj povr\u0161ini: Tri puta<\/p>","protected":false},"excerpt":{"rendered":"<p>Klasa: Fungicid<\/p>\n<p>Aktivna materija: boskalid 252 g\/kg +\u00a0 piraklostrobin 128 g\/kg<\/p>\n<p>Formulacija: Vododisperzibilne granule (WG)<\/p>\n<p>Proizvo\u0111a\u010d: BASF<\/p>","protected":false},"featured_media":5522,"template":"","meta":[],"product_brand":[],"product_cat":[219,224,223,222],"product_tag":[546],"class_list":{"0":"post-5497","1":"product","2":"type-product","3":"status-publish","4":"has-post-thumbnail","6":"product_cat-fungicidi","7":"product_cat-fungicidi-protiv-cadjave-pegavosti-lista-i-krastavosti-plodova","8":"product_cat-fungicidi-u-jabucastom-vocu","9":"product_cat-fungicidi-u-vocarstvu","10":"product_tag-252-g-l-boskalid-128-g-l-piraklostrobin","12":"first","13":"outofstock","14":"shipping-taxable","15":"purchasable","16":"product-type-simple"},"_links":{"self":[{"href":"https:\/\/agrarpetrovic.rs\/en\/wp-json\/wp\/v2\/product\/5497","targetHints":{"allow":["GET"]}}],"collection":[{"href":"https:\/\/agrarpetrovic.rs\/en\/wp-json\/wp\/v2\/product"}],"about":[{"href":"https:\/\/agrarpetrovic.rs\/en\/wp-json\/wp\/v2\/types\/product"}],"wp:featuredmedia":[{"embeddable":true,"href":"https:\/\/agrarpetrovic.rs\/en\/wp-json\/wp\/v2\/media\/5522"}],"wp:attachment":[{"href":"https:\/\/agrarpetrovic.rs\/en\/wp-json\/wp\/v2\/media?parent=5497"}],"wp:term":[{"taxonomy":"product_brand","embeddable":true,"href":"https:\/\/agrarpetrovic.rs\/en\/wp-json\/wp\/v2\/product_brand?post=5497"},{"taxonomy":"product_cat","embeddable":true,"href":"https:\/\/agrarpetrovic.rs\/en\/wp-json\/wp\/v2\/product_cat?post=5497"},{"taxonomy":"product_tag","embeddable":true,"href":"https:\/\/agrarpetrovic.rs\/en\/wp-json\/wp\/v2\/product_tag?post=5497"}],"curies":[{"name":"wp","href":"https:\/\/api.w.org\/{rel}","templated":true}]}}