{"id":5500,"date":"2023-07-13T16:27:20","date_gmt":"2023-07-13T14:27:20","guid":{"rendered":"https:\/\/agrarpetrovic.rs\/?post_type=product&#038;p=5500"},"modified":"2025-10-23T11:54:55","modified_gmt":"2025-10-23T09:54:55","slug":"biathlon-4d-herbicid","status":"publish","type":"product","link":"https:\/\/agrarpetrovic.rs\/en\/proizvod\/biathlon-4d-herbicid\/","title":{"rendered":"Biathlon 4D &#8211; herbicid"},"content":{"rendered":"<p>Selektivan herbicid i sadr\u017ei dve aktivne supstance: tritosulfuron i florasulam. Tritosulfuron inhibira sintezu aminokiselina, a florasulam koji se apsorbuje korenom i izdancima, inhibitor je acetolaktat sinteze (ALS).<\/p>\n<p>USEVI: Ozima p\u0161enica i je\u010dam<\/p>\n<p>SPEKTAR DELOVANJA: ambrozija pelenasta (Ambrosia artemisiifolia),viju\u0161ac njivski (Bilderdykia convolvulus),tar\u010du\u017eak (Capsella bursa-pastoris),pepeljuga obi\u010dna (Chenopodium album),bro\u0107ika lepu\u0161a (Galium aparine),divlja salata (Lactuca serriola),crvena mrtva kopriva (Lamium purpureum),goru\u0161ica poljska (Sinapis arvensis),mi\u0161jakinja obi\u010dna (Stellaria media),sitna ilja (Geranium dissectum),mrtva kopriva (Lamium amplexicaule),dvornik pti\u010dji (Polygonum aviculare),\u010destoslavica persijska (Veronica persica),poljska ljubi\u010dica (Viola arvensis),palamida (Cirsium arvense),bezmirisna kamilica (Matricaria inodora),bulka obi\u010dna (Papaver rhoeas)<\/p>\n<p>KOLI\u010cINA PRIMENE: Primenjuje se u koli\u010dini od 0,04 kg\/ha + okva\u0161iva\u010d Dash\u00ae 1 l\/ha ili 0,05 kg\/ha + okva\u0161iva\u010d Dash\u00ae 0,5 l\/ha<\/p>\n<p>VREME PRIMENE: Herbicid Biathlon\u00ae 4D se primenjuje kada je usev u fazi od tre\u0107eg lista do pojave lista zastavi\u010dara, a korovi u fazi 2-6 listova.<\/p>\n<p>&nbsp;<\/p>","protected":false},"excerpt":{"rendered":"<p>Klasa: Herbicid<\/p>\n<p>Aktivna materija: 714 g\/kg Tritosulfuron + 54 g\/kg florasulam<\/p>\n<p>Formulacija: Vododisperzibilne granule (WG)<\/p>\n<p>Proizvo\u0111a\u010d: BASF<\/p>","protected":false},"featured_media":5525,"template":"","meta":[],"product_brand":[],"product_cat":[203,206,205],"product_tag":[549],"class_list":{"0":"post-5500","1":"product","2":"type-product","3":"status-publish","4":"has-post-thumbnail","6":"product_cat-herbicidi","7":"product_cat-herbicidi-protiv-sirokolisnih-korova-u-psenici","8":"product_cat-herbicidi-u-psenici","9":"product_tag-714-g-kg-tritosulfuron-54-g-kg-florasulam","11":"first","12":"outofstock","13":"shipping-taxable","14":"purchasable","15":"product-type-simple"},"_links":{"self":[{"href":"https:\/\/agrarpetrovic.rs\/en\/wp-json\/wp\/v2\/product\/5500","targetHints":{"allow":["GET"]}}],"collection":[{"href":"https:\/\/agrarpetrovic.rs\/en\/wp-json\/wp\/v2\/product"}],"about":[{"href":"https:\/\/agrarpetrovic.rs\/en\/wp-json\/wp\/v2\/types\/product"}],"wp:featuredmedia":[{"embeddable":true,"href":"https:\/\/agrarpetrovic.rs\/en\/wp-json\/wp\/v2\/media\/5525"}],"wp:attachment":[{"href":"https:\/\/agrarpetrovic.rs\/en\/wp-json\/wp\/v2\/media?parent=5500"}],"wp:term":[{"taxonomy":"product_brand","embeddable":true,"href":"https:\/\/agrarpetrovic.rs\/en\/wp-json\/wp\/v2\/product_brand?post=5500"},{"taxonomy":"product_cat","embeddable":true,"href":"https:\/\/agrarpetrovic.rs\/en\/wp-json\/wp\/v2\/product_cat?post=5500"},{"taxonomy":"product_tag","embeddable":true,"href":"https:\/\/agrarpetrovic.rs\/en\/wp-json\/wp\/v2\/product_tag?post=5500"}],"curies":[{"name":"wp","href":"https:\/\/api.w.org\/{rel}","templated":true}]}}