{"id":5505,"date":"2025-09-19T23:45:40","date_gmt":"2025-09-19T21:45:40","guid":{"rendered":"https:\/\/agrarpetrovic.rs\/?post_type=product&#038;p=5505"},"modified":"2025-10-27T16:54:24","modified_gmt":"2025-10-27T15:54:24","slug":"callam-herbicid","status":"publish","type":"product","link":"https:\/\/agrarpetrovic.rs\/en\/proizvod\/callam-herbicid\/","title":{"rendered":"Callam &#8211; Herbicid"},"content":{"rendered":"<p><strong>PRIMENA<\/strong> :<\/p>\n<p>Callam se primenjuje kao sistemi\u010dni (translokacioni) herbicid za suzbijanje \u0161irokolisnih korova u usevu sila\u017enog i merkatilnogkukuruza bez poduseva, i to :<\/p>\n<p><strong>Dobro suzbija<\/strong> : lipica teofrastova (Abutilon theophrasti), ze\u010dji mak (Adonis aestivalis), \u0161tir obi\u010dni (Amaranthus retroflexus), loboda obi\u010dna (Atripleks patula), viju\u0161ac njivski (Bilderdykia convolvulus), crna sla\u010dica (Brassica nigra), ter\u010du\u017eak (Capsella bursa-pastoris), pepeljuga obi\u010dna (Chenopodium album), srcolisna pepeljuga (Chenopodium hybridum), palamida njivska (Cirsium arvense), tatula obi\u010dna (Datura stramonium), divlji bro\u0107 (Galium aparine), renika obi\u010dna (Lepidium draba), pti\u010diji dvornik (Polygonum aviculare), veliki dvornik (Polygonum lapathifolium), goru\u0161ica poljska (Sinapis arvensis), pomo\u0107nica (Solanum nigrum), gor\u010dika obi\u010dna (Sonchus oleraceus), boca obi\u010dna (Xanthiumstrumarium).<\/p>\n<p><strong>Zadovoljavaju\u0107e suzbija<\/strong>: poponac obi\u010dni (Convolvulus arvensis), njivska lubeni\u010darka (Hibiscus trionum), \u0161arena kiksija (Kickxia spuria), \u010distac jednogodi\u0161nji (Stachys annua).Koli\u010dina primene preparata: 0,3 \u2013 0,4 kg\/ha (3 \u2013 4 g na 100 m2) uz dodatak 1,0 l\/ha okva\u0161iva\u010da Dash.Vreme primene: Preparat se primenjuje pre nego \u0161to kukuruz dostigne fazu razvoja od 6 listova, odnosno pre nego \u0161to su biljke kukuruza vi\u0161e od 25 cm., a optimalnu efikasnost posti\u017ee kada je ve\u0107ina korovskih vrsta u fazi 2 \u2013 6 listova. Utro\u0161ak vode: 200-400 l\/ha.<\/p>\n<p><strong>Maksimalan broj tretiranja:<\/strong> Callam se mo\u017ee primeniti jednom (jednokratno) na istoj povr\u0161ini u toku jedne godine .<\/p>","protected":false},"excerpt":{"rendered":"<p><strong>Klasa<\/strong>: Herbicidi<\/p>\n<p><strong>Aktivna materija:<\/strong> 600 g\/kg Dicamba + 125 g\/kg Tritosulfuron<\/p>\n<p><strong>Formulacija:<\/strong> Vododisperzibilne granule (WG)<\/p>\n<p><strong>Proizvo\u0111a\u010d:<\/strong> BASF<\/p>","protected":false},"featured_media":8972,"template":"","meta":[],"product_brand":[],"product_cat":[203,208,204,207],"product_tag":[857],"class_list":{"0":"post-5505","1":"product","2":"type-product","3":"status-publish","4":"has-post-thumbnail","6":"product_cat-herbicidi","7":"product_cat-herbicidi-protiv-sirokolisnih-korova","8":"product_cat-herbicidi-u-kukuruzu","9":"product_cat-post-em-po-nicanju-useva","10":"product_tag-600-g-kg-dicamba-125-g-kg-tritosulfuron","12":"first","13":"outofstock","14":"shipping-taxable","15":"purchasable","16":"product-type-simple"},"_links":{"self":[{"href":"https:\/\/agrarpetrovic.rs\/en\/wp-json\/wp\/v2\/product\/5505","targetHints":{"allow":["GET"]}}],"collection":[{"href":"https:\/\/agrarpetrovic.rs\/en\/wp-json\/wp\/v2\/product"}],"about":[{"href":"https:\/\/agrarpetrovic.rs\/en\/wp-json\/wp\/v2\/types\/product"}],"wp:featuredmedia":[{"embeddable":true,"href":"https:\/\/agrarpetrovic.rs\/en\/wp-json\/wp\/v2\/media\/8972"}],"wp:attachment":[{"href":"https:\/\/agrarpetrovic.rs\/en\/wp-json\/wp\/v2\/media?parent=5505"}],"wp:term":[{"taxonomy":"product_brand","embeddable":true,"href":"https:\/\/agrarpetrovic.rs\/en\/wp-json\/wp\/v2\/product_brand?post=5505"},{"taxonomy":"product_cat","embeddable":true,"href":"https:\/\/agrarpetrovic.rs\/en\/wp-json\/wp\/v2\/product_cat?post=5505"},{"taxonomy":"product_tag","embeddable":true,"href":"https:\/\/agrarpetrovic.rs\/en\/wp-json\/wp\/v2\/product_tag?post=5505"}],"curies":[{"name":"wp","href":"https:\/\/api.w.org\/{rel}","templated":true}]}}