{"id":5507,"date":"2023-07-13T16:27:21","date_gmt":"2023-07-13T14:27:21","guid":{"rendered":"https:\/\/agrarpetrovic.rs\/?post_type=product&#038;p=5507"},"modified":"2023-07-13T16:27:45","modified_gmt":"2023-07-13T14:27:45","slug":"elektricna-cekic-busilica-vln-1315","status":"publish","type":"product","link":"https:\/\/agrarpetrovic.rs\/en\/proizvod\/elektricna-cekic-busilica-vln-1315\/","title":{"rendered":"ELEKTRI\u010cNA \u010cEKI\u0106 BU\u0160ILICA VLN 1315"},"content":{"rendered":"<h2>OPIS<\/h2>\n<p>Oprema:<\/p>\n<p>Podesiva ru\u010dka<br \/>\nSet dleta<br \/>\nKofer<\/p>","protected":false},"excerpt":{"rendered":"<table class=\"table\">\n<thead>\n<tr>\n<th colspan=\"2\">Karakteristike<\/th>\n<\/tr>\n<\/thead>\n<tbody>\n<tr>\n<td>Kategorija<\/td>\n<td><strong>Elektro-pneumatski \u010deki\u0107i<\/strong><\/td>\n<\/tr>\n<tr>\n<td>Tip elektro-motora<\/td>\n<td><strong>Elektro-motor sa \u010detkicama<\/strong><\/td>\n<\/tr>\n<tr>\n<td>Radni napon<\/td>\n<td><strong>230 V ~ 50 Hz<\/strong><\/td>\n<\/tr>\n<tr>\n<td>Ulazna snaga<\/td>\n<td><strong>1300 W<\/strong><\/td>\n<\/tr>\n<tr>\n<td>Broj udaraca u praznom hodu<\/td>\n<td><strong>0 &#8211; 3600 ipm<\/strong><\/td>\n<\/tr>\n<tr>\n<td>Snaga udaraca<\/td>\n<td><strong>15 J<\/strong><\/td>\n<\/tr>\n<tr>\n<td>Prihvat alata<\/td>\n<td><strong>SDS Max<\/strong><\/td>\n<\/tr>\n<tr>\n<td>Masa<\/td>\n<td><strong>6 kg<\/strong><\/td>\n<\/tr>\n<\/tbody>\n<\/table>","protected":false},"featured_media":5558,"template":"","meta":[],"product_brand":[],"product_cat":[324,323,216],"product_tag":[],"class_list":{"0":"post-5507","1":"product","2":"type-product","3":"status-publish","4":"has-post-thumbnail","6":"product_cat-busilice","7":"product_cat-elektricni-alat","8":"product_cat-garden-program","10":"first","11":"instock","12":"shipping-taxable","13":"product-type-simple"},"_links":{"self":[{"href":"https:\/\/agrarpetrovic.rs\/en\/wp-json\/wp\/v2\/product\/5507","targetHints":{"allow":["GET"]}}],"collection":[{"href":"https:\/\/agrarpetrovic.rs\/en\/wp-json\/wp\/v2\/product"}],"about":[{"href":"https:\/\/agrarpetrovic.rs\/en\/wp-json\/wp\/v2\/types\/product"}],"wp:featuredmedia":[{"embeddable":true,"href":"https:\/\/agrarpetrovic.rs\/en\/wp-json\/wp\/v2\/media\/5558"}],"wp:attachment":[{"href":"https:\/\/agrarpetrovic.rs\/en\/wp-json\/wp\/v2\/media?parent=5507"}],"wp:term":[{"taxonomy":"product_brand","embeddable":true,"href":"https:\/\/agrarpetrovic.rs\/en\/wp-json\/wp\/v2\/product_brand?post=5507"},{"taxonomy":"product_cat","embeddable":true,"href":"https:\/\/agrarpetrovic.rs\/en\/wp-json\/wp\/v2\/product_cat?post=5507"},{"taxonomy":"product_tag","embeddable":true,"href":"https:\/\/agrarpetrovic.rs\/en\/wp-json\/wp\/v2\/product_tag?post=5507"}],"curies":[{"name":"wp","href":"https:\/\/api.w.org\/{rel}","templated":true}]}}