{"id":5542,"date":"2023-07-13T16:27:43","date_gmt":"2023-07-13T14:27:43","guid":{"rendered":"https:\/\/agrarpetrovic.rs\/?post_type=product&#038;p=5542"},"modified":"2023-07-13T16:27:58","modified_gmt":"2023-07-13T14:27:58","slug":"elektricna-ugaona-brusilica-vlp-ag-2450","status":"publish","type":"product","link":"https:\/\/agrarpetrovic.rs\/en\/proizvod\/elektricna-ugaona-brusilica-vlp-ag-2450\/","title":{"rendered":"ELEKTRI\u010cNA UGAONA BRUSILICA VLP AG 2450"},"content":{"rendered":"<h2>OPIS<\/h2>\n<p>VPL AG 2450 W robusna ugaona brusilica visokog kvaliteta sa jakim motorom.<\/p>\n<p>Napravljena je tako da zadovolji \u00a0zahtevne profesinalace za sav spektar se\u010denja, bru\u0161enja, grubih radova, bez obzira na to da li se koristi u ku\u0107i, radionici ili gara\u017ei. Soft start funkcija omogu\u0107ava da se ure\u0111aj startuje lako i bezbedno. Ekskluzivni i kompaktan dizajn, anti-vibraciona dr\u0161ka.<\/p>","protected":false},"excerpt":{"rendered":"<table class=\"table\">\n<thead>\n<tr>\n<th colspan=\"2\">Karakteristike<\/th>\n<\/tr>\n<\/thead>\n<tbody>\n<tr>\n<td>Kategorija<\/td>\n<td><strong>Elektri\u010dne brusilice<\/strong><\/td>\n<\/tr>\n<tr>\n<td>Tip elektro-motora<\/td>\n<td><strong>Elektro-motor sa \u010detkicama<\/strong><\/td>\n<\/tr>\n<tr>\n<td>Radni napon<\/td>\n<td><strong>230 V ~ 50 Hz<\/strong><\/td>\n<\/tr>\n<tr>\n<td>Ulazna snaga<\/td>\n<td><strong>2450 W<\/strong><\/td>\n<\/tr>\n<tr>\n<td>Br. obrtaja u praznom hodu<\/td>\n<td><strong>6500 rpm<\/strong><\/td>\n<\/tr>\n<tr>\n<td>Navoj vratila<\/td>\n<td><strong>M 14<\/strong><\/td>\n<\/tr>\n<tr>\n<td>Spolja\u0161nji pre\u010dnik diska<\/td>\n<td><strong>230 mm<\/strong><\/td>\n<\/tr>\n<tr>\n<td>Unutra\u0161nji pre\u010dnik diska<\/td>\n<td><strong>22.23 mm<\/strong><\/td>\n<\/tr>\n<\/tbody>\n<\/table>","protected":false},"featured_media":5572,"template":"","meta":[],"product_brand":[],"product_cat":[325,323,216],"product_tag":[],"class_list":{"0":"post-5542","1":"product","2":"type-product","3":"status-publish","4":"has-post-thumbnail","6":"product_cat-brusilice","7":"product_cat-elektricni-alat","8":"product_cat-garden-program","10":"first","11":"instock","12":"shipping-taxable","13":"product-type-simple"},"_links":{"self":[{"href":"https:\/\/agrarpetrovic.rs\/en\/wp-json\/wp\/v2\/product\/5542","targetHints":{"allow":["GET"]}}],"collection":[{"href":"https:\/\/agrarpetrovic.rs\/en\/wp-json\/wp\/v2\/product"}],"about":[{"href":"https:\/\/agrarpetrovic.rs\/en\/wp-json\/wp\/v2\/types\/product"}],"wp:featuredmedia":[{"embeddable":true,"href":"https:\/\/agrarpetrovic.rs\/en\/wp-json\/wp\/v2\/media\/5572"}],"wp:attachment":[{"href":"https:\/\/agrarpetrovic.rs\/en\/wp-json\/wp\/v2\/media?parent=5542"}],"wp:term":[{"taxonomy":"product_brand","embeddable":true,"href":"https:\/\/agrarpetrovic.rs\/en\/wp-json\/wp\/v2\/product_brand?post=5542"},{"taxonomy":"product_cat","embeddable":true,"href":"https:\/\/agrarpetrovic.rs\/en\/wp-json\/wp\/v2\/product_cat?post=5542"},{"taxonomy":"product_tag","embeddable":true,"href":"https:\/\/agrarpetrovic.rs\/en\/wp-json\/wp\/v2\/product_tag?post=5542"}],"curies":[{"name":"wp","href":"https:\/\/api.w.org\/{rel}","templated":true}]}}