{"id":5546,"date":"2023-07-13T16:27:43","date_gmt":"2023-07-13T14:27:43","guid":{"rendered":"https:\/\/agrarpetrovic.rs\/?post_type=product&#038;p=5546"},"modified":"2023-07-13T16:28:01","modified_gmt":"2023-07-13T14:28:01","slug":"stona-brusilica-villager-vln-350","status":"publish","type":"product","link":"https:\/\/agrarpetrovic.rs\/en\/proizvod\/stona-brusilica-villager-vln-350\/","title":{"rendered":"STONA BRUSILICA VILLAGER VLN 350"},"content":{"rendered":"<h2>OPIS<\/h2>\n<p>Villager u svom asortimanu nudi stonu brusilicu VLN 350 sa duplim izmenjivim brusnim alatom.<\/p>\n<p>Karakteristike:<\/p>\n<ul>\n<li>Izolovani prekida\u010d<\/li>\n<li>Za\u0161titno staklo<\/li>\n<li>Pogodno za levoruke<\/li>\n<\/ul>\n<p>Prate\u0107a oprema:<\/p>\n<ul>\n<li>2 \u00d7 brusni kamen<\/li>\n<\/ul>","protected":false},"excerpt":{"rendered":"<table class=\"table\">\n<thead>\n<tr>\n<th colspan=\"2\">Karakteristike<\/th>\n<\/tr>\n<\/thead>\n<tbody>\n<tr>\n<td>Kategorija<\/td>\n<td><strong>Elektri\u010dne brusilice<\/strong><\/td>\n<\/tr>\n<tr>\n<td>Radni napon<\/td>\n<td><strong>230 V ~ 50 Hz<\/strong><\/td>\n<\/tr>\n<tr>\n<td>Ulazna snaga<\/td>\n<td><strong>350 W<\/strong><\/td>\n<\/tr>\n<tr>\n<td>Br. obrtaja u praznom hodu<\/td>\n<td><strong>2950 rpm<\/strong><\/td>\n<\/tr>\n<tr>\n<td>Masa<\/td>\n<td><strong>7.3 kg<\/strong><\/td>\n<\/tr>\n<tr>\n<td>Tip brusilice<\/td>\n<td><strong>Stona<\/strong><\/td>\n<\/tr>\n<tr>\n<td>Radna povr\u0161ina<\/td>\n<td><strong>\u00d8200 \u00d7 \u00d820 \u00d7 16 mm<\/strong><\/td>\n<\/tr>\n<\/tbody>\n<\/table>","protected":false},"featured_media":5576,"template":"","meta":[],"product_brand":[],"product_cat":[325,323,216],"product_tag":[],"class_list":{"0":"post-5546","1":"product","2":"type-product","3":"status-publish","4":"has-post-thumbnail","6":"product_cat-brusilice","7":"product_cat-elektricni-alat","8":"product_cat-garden-program","10":"first","11":"instock","12":"shipping-taxable","13":"product-type-simple"},"_links":{"self":[{"href":"https:\/\/agrarpetrovic.rs\/en\/wp-json\/wp\/v2\/product\/5546","targetHints":{"allow":["GET"]}}],"collection":[{"href":"https:\/\/agrarpetrovic.rs\/en\/wp-json\/wp\/v2\/product"}],"about":[{"href":"https:\/\/agrarpetrovic.rs\/en\/wp-json\/wp\/v2\/types\/product"}],"wp:featuredmedia":[{"embeddable":true,"href":"https:\/\/agrarpetrovic.rs\/en\/wp-json\/wp\/v2\/media\/5576"}],"wp:attachment":[{"href":"https:\/\/agrarpetrovic.rs\/en\/wp-json\/wp\/v2\/media?parent=5546"}],"wp:term":[{"taxonomy":"product_brand","embeddable":true,"href":"https:\/\/agrarpetrovic.rs\/en\/wp-json\/wp\/v2\/product_brand?post=5546"},{"taxonomy":"product_cat","embeddable":true,"href":"https:\/\/agrarpetrovic.rs\/en\/wp-json\/wp\/v2\/product_cat?post=5546"},{"taxonomy":"product_tag","embeddable":true,"href":"https:\/\/agrarpetrovic.rs\/en\/wp-json\/wp\/v2\/product_tag?post=5546"}],"curies":[{"name":"wp","href":"https:\/\/api.w.org\/{rel}","templated":true}]}}