{"id":5554,"date":"2023-07-13T16:27:43","date_gmt":"2023-07-13T14:27:43","guid":{"rendered":"https:\/\/agrarpetrovic.rs\/?post_type=product&#038;p=5554"},"modified":"2025-10-23T11:54:56","modified_gmt":"2025-10-23T09:54:56","slug":"dash-okvasivac","status":"publish","type":"product","link":"https:\/\/agrarpetrovic.rs\/en\/proizvod\/dash-okvasivac\/","title":{"rendered":"Dash &#8211; okva\u0161iva\u010d"},"content":{"rendered":"<p>PRIMENA:Dash se primenjuje kao pomo\u0107no sredstvo- okva\u0161iva\u010d, koristi za smanjenje povr\u0161inskog napona vode, pobolj\u0161anje kva\u0161enja lisne povr\u0161ine korova i bolju distribuciju herbicida po tretiranoj povr\u0161ini, u koli\u010dini primene od 0,5 \u2013 1,0 L\/ha, a u skladu sa herbicidom sa kojim se koristi.<\/p>\n<p>Dash se dodaje u rezervoar prskalice nakon rastvaranja herbicida. Maksimalan broj tretiranja u toku jedne godine na istoj povr\u0161ini: u saglasnosti sa herbicidom sa kojim se koristi. Napomene: Ne prskati po jakoj vru\u0107ini niti po vetru.<\/p>\n<p>Negativno delovanje :Organizmi u vodi (otrovnost): \u0161tetan za organizme u vodi<\/p>","protected":false},"excerpt":{"rendered":"<p>Klasa: Pomo\u0107na sredstva<\/p>\n<p>Aktivna materija: 100% l\/ha metilestri masnih kiselina<\/p>\n<p>Formulacija: Koncentrat za emulziju (EC)<\/p>\n<p>Proizvo\u0111a\u010d: BASF<\/p>\n<p>&nbsp;<\/p>","protected":false},"featured_media":5609,"template":"","meta":[],"product_brand":[],"product_cat":[272,202],"product_tag":[661],"class_list":{"0":"post-5554","1":"product","2":"type-product","3":"status-publish","4":"has-post-thumbnail","6":"product_cat-pomocna-sredstva","7":"product_cat-zastita-bilja","8":"product_tag-metil-mistirat-metil-palmitat-metil-stearat-metil-oleat","10":"first","11":"outofstock","12":"shipping-taxable","13":"purchasable","14":"product-type-simple"},"_links":{"self":[{"href":"https:\/\/agrarpetrovic.rs\/en\/wp-json\/wp\/v2\/product\/5554","targetHints":{"allow":["GET"]}}],"collection":[{"href":"https:\/\/agrarpetrovic.rs\/en\/wp-json\/wp\/v2\/product"}],"about":[{"href":"https:\/\/agrarpetrovic.rs\/en\/wp-json\/wp\/v2\/types\/product"}],"wp:featuredmedia":[{"embeddable":true,"href":"https:\/\/agrarpetrovic.rs\/en\/wp-json\/wp\/v2\/media\/5609"}],"wp:attachment":[{"href":"https:\/\/agrarpetrovic.rs\/en\/wp-json\/wp\/v2\/media?parent=5554"}],"wp:term":[{"taxonomy":"product_brand","embeddable":true,"href":"https:\/\/agrarpetrovic.rs\/en\/wp-json\/wp\/v2\/product_brand?post=5554"},{"taxonomy":"product_cat","embeddable":true,"href":"https:\/\/agrarpetrovic.rs\/en\/wp-json\/wp\/v2\/product_cat?post=5554"},{"taxonomy":"product_tag","embeddable":true,"href":"https:\/\/agrarpetrovic.rs\/en\/wp-json\/wp\/v2\/product_tag?post=5554"}],"curies":[{"name":"wp","href":"https:\/\/api.w.org\/{rel}","templated":true}]}}