{"id":5555,"date":"2023-07-13T16:27:44","date_gmt":"2023-07-13T14:27:44","guid":{"rendered":"https:\/\/agrarpetrovic.rs\/?post_type=product&#038;p=5555"},"modified":"2025-10-23T11:55:01","modified_gmt":"2025-10-23T09:55:01","slug":"delan-pro-fungicid","status":"publish","type":"product","link":"https:\/\/agrarpetrovic.rs\/en\/proizvod\/delan-pro-fungicid\/","title":{"rendered":"Delan Pro &#8211; Fungicid"},"content":{"rendered":"<p>Primena: Delan\u00ae Pro je protektivni fungicid koji se primenjuje u jabu\u010dastom vo\u0107u, za suzbijanje prouzrokova\u010da \u010da\u0111ave pegavosti lista i krastavosti plodova jabu\u010dastog vo\u0107a (Venturia spp.), od faze kada je vidljiv zeleni listi\u0107 koji okru\u017euje cvetove, pa do po\u010detka zrenja (faze 53 \u2013 81 BBCH skale), u koli\u010dini 0,83 L\/ha\/m kro\u0161nje, maksimalno 2,5 L\/ha, odnosno 25 mL na 100 m2;\u00a0 i za suzbijanje prouzrokova\u010da crne pegavosti (Phomopsis viticola), prouzrokova\u010da plamenja\u010de vinove loze (Plasmopara viticola) i prouzrokova\u010da crne trule\u017ei (Guignardia bidwellii) vinove loze, maksimalno 4,0 l\/ha, i to :od 0,9-2,4 l\/ha (53-61 BBCH)od 1,5-3,6 l\/ha (do 71 BBCH)od 2,4-4,0 l\/ha (od 71 BBCH),(u zavisnosti od intenziteta infekcije i faze razvoja zasada).<\/p>\n<p>Utro\u0161ak vode: 500 L\/ha\/m visine kro\u0161nje.<\/p>\n<p>Maksimalan broj tretiranja u toku godine na istoj povr\u0161ini: \u0160est puta u toku godine na istoj povr\u0161ini, sa intervalom od 5 dana izme\u0111u dva tretiranja.<\/p>\n<p>Na\u010din delovanja: Delan Pro je kombinacija dve aktivne supstance: ditianona i kalijum-fosfonata, pa objedinjuje mehanizme njihovog delovanja. Ditianon deluje preventivno i spre\u010dava klijanje spora. Stabilno se i ravnomerno zadr\u017eava na biljci i obezbe\u0111uje pouzdano kontaktno delovanje. Kalijum-fosfonat, sa biolo\u0161ki efikasnim fosfatnim jonom, biva brzo apsorbovan od strane biljke, vrlo je mobilan i sistemati\u010dno se raspodeljuje u gornje organe biljke (akropetalno). FRAC klasifikacija: M9; 33.<\/p>\n<p>Me\u0161anje sa drugim pesticidima: Delan Pro se mo\u017ee me\u0161ati sa sredstvima za za\u0161titu bilja i \u0111ubrivima koji se koriste u jabu\u010dastom vo\u0107u. Treba biti oprezan pri me\u0161anju sa proizvodima koji sadr\u017ee karbonate i bikarbonate.<\/p>\n<p>Otrovnost za organizme u vodi: Veoma toksi\u010dan po \u017eivi svet u vodi sa dugotrajnim posledicama.<\/p>","protected":false},"excerpt":{"rendered":"<p>Klasa: Fungicidi<\/p>\n<p>Aktivna materija:561 g\/l Kalium Fosfonat + 125 g\/l Ditianon<\/p>\n<p>Formulacija:\u00a0 Koncentrovana suspenzija (SC)<\/p>\n<p>Proizvo\u0111a\u010d: BASF<\/p>","protected":false},"featured_media":5610,"template":"","meta":[],"product_brand":[],"product_cat":[219,224,289,227,223,221,222,202],"product_tag":[432],"class_list":{"0":"post-5555","1":"product","2":"type-product","3":"status-publish","4":"has-post-thumbnail","6":"product_cat-fungicidi","7":"product_cat-fungicidi-protiv-cadjave-pegavosti-lista-i-krastavosti-plodova","8":"product_cat-fungicidi-protiv-crne-trulezi","9":"product_cat-fungicidi-protiv-plamenjace-u-vinovoj-lozi","10":"product_cat-fungicidi-u-jabucastom-vocu","11":"product_cat-fungicidi-u-vinovoj-lozi","12":"product_cat-fungicidi-u-vocarstvu","13":"product_cat-zastita-bilja","14":"product_tag-ditianon","16":"first","17":"outofstock","18":"shipping-taxable","19":"product-type-simple"},"_links":{"self":[{"href":"https:\/\/agrarpetrovic.rs\/en\/wp-json\/wp\/v2\/product\/5555","targetHints":{"allow":["GET"]}}],"collection":[{"href":"https:\/\/agrarpetrovic.rs\/en\/wp-json\/wp\/v2\/product"}],"about":[{"href":"https:\/\/agrarpetrovic.rs\/en\/wp-json\/wp\/v2\/types\/product"}],"wp:featuredmedia":[{"embeddable":true,"href":"https:\/\/agrarpetrovic.rs\/en\/wp-json\/wp\/v2\/media\/5610"}],"wp:attachment":[{"href":"https:\/\/agrarpetrovic.rs\/en\/wp-json\/wp\/v2\/media?parent=5555"}],"wp:term":[{"taxonomy":"product_brand","embeddable":true,"href":"https:\/\/agrarpetrovic.rs\/en\/wp-json\/wp\/v2\/product_brand?post=5555"},{"taxonomy":"product_cat","embeddable":true,"href":"https:\/\/agrarpetrovic.rs\/en\/wp-json\/wp\/v2\/product_cat?post=5555"},{"taxonomy":"product_tag","embeddable":true,"href":"https:\/\/agrarpetrovic.rs\/en\/wp-json\/wp\/v2\/product_tag?post=5555"}],"curies":[{"name":"wp","href":"https:\/\/api.w.org\/{rel}","templated":true}]}}