{"id":5584,"date":"2025-09-19T23:45:40","date_gmt":"2025-09-19T21:45:40","guid":{"rendered":"https:\/\/agrarpetrovic.rs\/?post_type=product&#038;p=5584"},"modified":"2025-10-23T11:55:01","modified_gmt":"2025-10-23T09:55:01","slug":"frontier-super-herbicid","status":"publish","type":"product","link":"https:\/\/agrarpetrovic.rs\/en\/proizvod\/frontier-super-herbicid\/","title":{"rendered":"Frontier Super &#8211; Herbicid"},"content":{"rendered":"<p><strong>PRIMENA:<\/strong><\/p>\n<p>Frontier\u00aeSuper je selektivni herbicid za suzbijanje korova u slede\u0107im usevima: kukuruz, soja, suncokret, \u0161e\u0107erna repa i krompir,i to:<\/p>\n<p><strong>DOBRO SUZBIJA<\/strong> : Jednogodi\u0161nje uskolisne (travne) korove, kao \u0161to su: proso korovsko (Echinochloa crus-galli), muhar sivi (Setaria glauca) i Jednogodi\u0161nje \u0161irokolisne korove, kao \u0161to je: \u0161tir obi\u010dni (Amaranthus retroflexus)<\/p>\n<p><strong>ZADOVOLjAVAJU\u0106E SUZBIJA<\/strong>: Jednogodi\u0161nje uskolisne (travne) korove, kao \u0161to je: sirak divlji iz semena (Sorghum halepense) i Jednogodi\u0161nje \u0161irokolisne korove, kao \u0161to su: ambrozija pelenasta (Ambrosia artemisifolia), pepeljuga obi\u010dna (Chenopodium album), goru\u0161ica poljska (Sinapis arvensis), pomo\u0107nica obi\u010dna (Solanum nigrum).<\/p>\n<p><strong>SLABIJE SUZBIJA:<\/strong>Jednogodi\u0161nje \u0161irokolisne korove kao \u0161to su: tatula obi\u010dna (Datura stramonium), boca obi\u010dna (Xanthium strumarium) i Vi\u0161egodi\u0161nje \u0161irokolisne korove kao \u0161to je: poponac njivski (Convolvulus arvensis).<\/p>\n<p>Koli\u010dina primene u svim gore navedenim usevima je : 1,0 \u2013 1,2 l\/ha (10 \u2013 12 ml na 100 m2), na zemlji\u0161tima sa 1 \u2013 3 % humusa;1,2 \u2013 1,4 l\/ha (12 \u2013 14 ml na 100 m2), na zemlji\u0161tima sa 3 \u2013 5 % humusa.uz utro\u0161ak vode 200-400 l\/ha, odnosno 2-4 l na 100 m2, primenom posle steve, odnosno sadnje, a pre nicanja useva i korova (faze 00-09 BBCH-skale). Deluje kao inhibitor masnih kiselina, HRAC klasifikacija rezistentnosti: K3Maksimalan broj tretiranja u toku jedne godine: Jednom na istoj pov\u0161ini u toku godine.<\/p>\n<p>Primena iz vazduhoplova: Nije dozvoljena.<\/p>\n<p><strong>Me\u0161anje sa drugim pesticidima:<\/strong> Mo\u017ee me\u0161ati sa drugim herbicidkoji se primenjuju posle setve, a pre nicanja kukuruza, i to u:kukuruzu, sa preparatima na bazi linurona, izoksaflutola, flumioksazina i pendimetalina;suncokretu, sa preparatima na bazi linurona, flumioksazina i fluorhloridona;soji, sa preparatima na bazi flumioksazina, klomazona, linurona i metribuzina;krompiru, sa preparatima na bazi metribuzina, flurohloridona i linurona;\u0161e\u0107ernoj repi, sa preparatima na bazi metamitrona i hloridazina<\/p>","protected":false},"excerpt":{"rendered":"<p><strong>Klasa<\/strong>: Herbicidi<\/p>\n<p><strong>Aktivna materija:<\/strong> 720 g\/l Dimetenamid-P<\/p>\n<p><strong>Formulacija:<\/strong> Koncentrat za emulziju (EC)<\/p>\n<p><strong>Proizvo\u0111a\u010d:<\/strong> BASF<\/p>","protected":false},"featured_media":8664,"template":"","meta":[],"product_brand":[],"product_cat":[203,204,210,211,212,213,209,214,215,202],"product_tag":[858],"class_list":{"0":"post-5584","1":"product","2":"type-product","3":"status-publish","4":"has-post-thumbnail","6":"product_cat-herbicidi","7":"product_cat-herbicidi-u-kukuruzu","8":"product_cat-herbicidi-u-secernoj-repi","9":"product_cat-herbicidi-u-soji","10":"product_cat-herbicidi-u-suncokretu","11":"product_cat-pre-em-posle-setve-a-pre-nicanja-useva-u-secernoj-repi","12":"product_cat-pre-em-posle-setve-a-pre-nicanja-useva","13":"product_cat-pre-em-posle-setve-a-pre-nicanja-useva-u-suncokretu","14":"product_cat-pre-em-posle-setve-a-pre-nicanja-useva-u-soji","15":"product_cat-zastita-bilja","16":"product_tag-720-g-l-dimetenamid-p","18":"first","19":"outofstock","20":"shipping-taxable","21":"product-type-simple"},"_links":{"self":[{"href":"https:\/\/agrarpetrovic.rs\/en\/wp-json\/wp\/v2\/product\/5584","targetHints":{"allow":["GET"]}}],"collection":[{"href":"https:\/\/agrarpetrovic.rs\/en\/wp-json\/wp\/v2\/product"}],"about":[{"href":"https:\/\/agrarpetrovic.rs\/en\/wp-json\/wp\/v2\/types\/product"}],"wp:featuredmedia":[{"embeddable":true,"href":"https:\/\/agrarpetrovic.rs\/en\/wp-json\/wp\/v2\/media\/8664"}],"wp:attachment":[{"href":"https:\/\/agrarpetrovic.rs\/en\/wp-json\/wp\/v2\/media?parent=5584"}],"wp:term":[{"taxonomy":"product_brand","embeddable":true,"href":"https:\/\/agrarpetrovic.rs\/en\/wp-json\/wp\/v2\/product_brand?post=5584"},{"taxonomy":"product_cat","embeddable":true,"href":"https:\/\/agrarpetrovic.rs\/en\/wp-json\/wp\/v2\/product_cat?post=5584"},{"taxonomy":"product_tag","embeddable":true,"href":"https:\/\/agrarpetrovic.rs\/en\/wp-json\/wp\/v2\/product_tag?post=5584"}],"curies":[{"name":"wp","href":"https:\/\/api.w.org\/{rel}","templated":true}]}}