{"id":5586,"date":"2023-07-13T16:28:08","date_gmt":"2023-07-13T14:28:08","guid":{"rendered":"https:\/\/agrarpetrovic.rs\/?post_type=product&#038;p=5586"},"modified":"2023-07-13T16:28:15","modified_gmt":"2023-07-13T14:28:15","slug":"forum-star-fungicid","status":"publish","type":"product","link":"https:\/\/agrarpetrovic.rs\/en\/proizvod\/forum-star-fungicid\/","title":{"rendered":"Forum Star &#8211; fungicid"},"content":{"rendered":"<p>Primena : Forum Star je fungicid sa protektivnim i kurativnim delovanjem koji se koristi u vinovoj lozi za suzbijanje prouzrokova\u010da plamenja\u010de vinove loze (Plasmopara viticola), u koli\u010dini od 1,75 &#8211; 2,0 kg\/ha (17,5 &#8211; 20 g\/100m2), i tretiranjem protiv sekundarnih zaraza, tokom fenofaza intenzivnog rasta (faze 13\/53-81 BBCH-skale), u zavisnosti od infekcionog potencijala patogena i ulova za zara\u017eavanje i \u0161irenje oboljenja.<\/p>\n<p>Utro\u0161ak vode: 600 &#8211; 1000 L\/ha (6 &#8211; 10 L na 100 m2 ).<\/p>\n<p>Maksimalan broj tretiranja Forum Star se mo\u017ee 4 puta upotrebiti na istoj povr\u0161ini (u objektu) u toku jedne godine.<\/p>\n<p>Napomene: Nema posebnih napomena.Negativno delovanje : Na biljke: Mo\u017ee izazvati o\u017eegotine na vinovoj lozi, ako se tretiranje vr\u0161i kada u du\u017eem periodu vlada jako toplo i suvo vreme.<\/p>\n<p>Na organizme u vodi (otrovnost):Otrovan za vodene organizme. Spre\u010diti dospevanje preparata u vode (vodotoci, jezera, bunari, izvori\u0161ta voda) i kanalizacionu mre\u017eu.<\/p>\n<p>Ne kompatibilnost (nemogu\u0107nost me\u0161anja):Ne sme se me\u0161ati sa insekticidima kisele reakcije (dimetoat), Bordovskom \u010dorbom, alkalnim preparatima i preparatima u obliku EC-formulacija.<\/p>\n<p>Primena iz vazduhoplova: Tretiranje nije dozvoljeno<\/p>\n<p>Karenca : 35 dana za vinovu lozun.<\/p>","protected":false},"excerpt":{"rendered":"<p>Klasa. Fungicidi<\/p>\n<p>Aktivna materija:<\/p>\n<p>Formulacija:<\/p>\n<p>Proizvo\u0111a\u010d: BASF<\/p>","protected":false},"featured_media":5615,"template":"","meta":[],"product_brand":[],"product_cat":[219,227,221,202],"product_tag":[],"class_list":{"0":"post-5586","1":"product","2":"type-product","3":"status-publish","4":"has-post-thumbnail","6":"product_cat-fungicidi","7":"product_cat-fungicidi-protiv-plamenjace-u-vinovoj-lozi","8":"product_cat-fungicidi-u-vinovoj-lozi","9":"product_cat-zastita-bilja","11":"first","12":"instock","13":"shipping-taxable","14":"product-type-simple"},"_links":{"self":[{"href":"https:\/\/agrarpetrovic.rs\/en\/wp-json\/wp\/v2\/product\/5586","targetHints":{"allow":["GET"]}}],"collection":[{"href":"https:\/\/agrarpetrovic.rs\/en\/wp-json\/wp\/v2\/product"}],"about":[{"href":"https:\/\/agrarpetrovic.rs\/en\/wp-json\/wp\/v2\/types\/product"}],"wp:featuredmedia":[{"embeddable":true,"href":"https:\/\/agrarpetrovic.rs\/en\/wp-json\/wp\/v2\/media\/5615"}],"wp:attachment":[{"href":"https:\/\/agrarpetrovic.rs\/en\/wp-json\/wp\/v2\/media?parent=5586"}],"wp:term":[{"taxonomy":"product_brand","embeddable":true,"href":"https:\/\/agrarpetrovic.rs\/en\/wp-json\/wp\/v2\/product_brand?post=5586"},{"taxonomy":"product_cat","embeddable":true,"href":"https:\/\/agrarpetrovic.rs\/en\/wp-json\/wp\/v2\/product_cat?post=5586"},{"taxonomy":"product_tag","embeddable":true,"href":"https:\/\/agrarpetrovic.rs\/en\/wp-json\/wp\/v2\/product_tag?post=5586"}],"curies":[{"name":"wp","href":"https:\/\/api.w.org\/{rel}","templated":true}]}}