{"id":5590,"date":"2025-09-19T23:45:40","date_gmt":"2025-09-19T21:45:40","guid":{"rendered":"https:\/\/agrarpetrovic.rs\/?post_type=product&#038;p=5590"},"modified":"2025-10-23T11:55:01","modified_gmt":"2025-10-23T09:55:01","slug":"__trashed-9","status":"publish","type":"product","link":"https:\/\/agrarpetrovic.rs\/en\/proizvod\/__trashed-9\/","title":{"rendered":"Opera Max &#8211; fungicid"},"content":{"rendered":"<p><strong>Primena:<\/strong><\/p>\n<p>Opera Max se koristi kao fungicid sa preventivnim i kurativnim delovanjem, u usevima ozime p\u0161enice i jarog je\u010dma, za suzbijanje prouzrokova\u010da pepelnice (Blumeria (Erysiphe) graminis), sive pegavosti lista i klasa (Stagnospora nodorum), sive pegavosti lista (Septoria tritici), Pyrenophora tritici-repentis, Dreschlera spp., r\u0111e (Puccinia spp.) i smanjenje napada fuzarioze- trule\u017ei klasa (Fusarium spp.),od faze lista zastavi\u010dara do kraja faze cvetanja (BBCH 37-69).<\/p>\n<p><strong>Koli\u010dini primene<\/strong> 1,2- 2,0 l\/ha (12-20 mL na 100 m2). Primenjuje se folijarno, traktorskim prskalicama.<\/p>\n<p><strong>Utro\u0161ak vode<\/strong> : 300-500 l\/ha (3-5 l na 100 m2).<\/p>\n<p><strong>Maksimalan broj tretiranja u toku godine na istoj povr\u0161ini<\/strong> : Dva puta na istoj povr\u0161ini u toku godine, sa intervalom izme\u0111u dva prskanja od 21 dan.<\/p>\n<p><strong>Napomene:<\/strong> U slu\u010daju slabijeg intenziteta zaraza preporu\u010duje se tretiranje manjom koli\u010dinom sredstva za za\u0161titu bilja, dok ve\u0107e koli\u010dine treba koristiti u slu\u010daju srednjeg i jakog intenziteta zaraza.<\/p>\n<p><strong>Me\u0161anje sa drugim pesticidima<\/strong> : Opera Max se ne sme me\u0161ati sa organofosfornim insekticidima.<\/p>\n<p><strong>Radna karenca:<\/strong> 48h;<\/p>","protected":false},"excerpt":{"rendered":"<p><strong>Klasa<\/strong>: Fungicidi<\/p>\n<p><strong>Aktivna materija:<\/strong> 62.5 g\/l Epoksikonazol +85 g\/l Pyraclostrobin<\/p>\n<p><strong>Formulacija:<\/strong> Suspo-emulzija (SE)<\/p>\n<p><strong>Proizvo\u0111a\u010d<\/strong>: BASF<\/p>","protected":false},"featured_media":5619,"template":"","meta":[],"product_brand":[],"product_cat":[219,246,242,243,244,239,240,202],"product_tag":[859],"class_list":{"0":"post-5590","1":"product","2":"type-product","3":"status-publish","4":"has-post-thumbnail","6":"product_cat-fungicidi","7":"product_cat-fungicidi-protiv-palezi-klasa-fusarium-sp","8":"product_cat-fungicidi-protiv-pegavosti-lista-i-klasa","9":"product_cat-fungicidi-protiv-pepelnice-u-strnim-zitima","10":"product_cat-fungicidi-protiv-rdje-lista","11":"product_cat-fungicidi-u-ratarstvu","12":"product_cat-fungicidi-u-strnim-zitima","13":"product_cat-zastita-bilja","14":"product_tag-62-5-g-l-epoksikonazol-85-g-l-pyraclostrobin","16":"first","17":"outofstock","18":"shipping-taxable","19":"product-type-simple"},"_links":{"self":[{"href":"https:\/\/agrarpetrovic.rs\/en\/wp-json\/wp\/v2\/product\/5590","targetHints":{"allow":["GET"]}}],"collection":[{"href":"https:\/\/agrarpetrovic.rs\/en\/wp-json\/wp\/v2\/product"}],"about":[{"href":"https:\/\/agrarpetrovic.rs\/en\/wp-json\/wp\/v2\/types\/product"}],"wp:featuredmedia":[{"embeddable":true,"href":"https:\/\/agrarpetrovic.rs\/en\/wp-json\/wp\/v2\/media\/5619"}],"wp:attachment":[{"href":"https:\/\/agrarpetrovic.rs\/en\/wp-json\/wp\/v2\/media?parent=5590"}],"wp:term":[{"taxonomy":"product_brand","embeddable":true,"href":"https:\/\/agrarpetrovic.rs\/en\/wp-json\/wp\/v2\/product_brand?post=5590"},{"taxonomy":"product_cat","embeddable":true,"href":"https:\/\/agrarpetrovic.rs\/en\/wp-json\/wp\/v2\/product_cat?post=5590"},{"taxonomy":"product_tag","embeddable":true,"href":"https:\/\/agrarpetrovic.rs\/en\/wp-json\/wp\/v2\/product_tag?post=5590"}],"curies":[{"name":"wp","href":"https:\/\/api.w.org\/{rel}","templated":true}]}}